{"id":10369,"date":"2021-12-06T15:02:23","date_gmt":"2021-12-06T14:02:23","guid":{"rendered":"http:\/\/active-coating.com\/?page_id=10369"},"modified":"2021-12-06T15:02:24","modified_gmt":"2021-12-06T14:02:24","slug":"sustentabilidad","status":"publish","type":"page","link":"https:\/\/active-coating.com\/es\/sustentabilidad\/","title":{"rendered":"Sustentabilidad"},"content":{"rendered":"<section class=\"l-section wpb_row height_medium\"><div class=\"l-section-h i-cf\"><div class=\"g-cols vc_row via_flex valign_top type_default stacking_default\"><div class=\"vc_col-sm-12 wpb_column vc_column_container\"><div class=\"vc_column-inner\"><div class=\"wpb_wrapper\"><div class=\"wpb_text_column\"><div class=\"wpb_wrapper\"><h1>EJEMPLO DE APLICACI\u00d3N<\/h1>\n<\/div><\/div><div class=\"wpb_text_column\"><div class=\"wpb_wrapper\"><div class=\"page\" title=\"Page 6\">\n<div class=\"section\">\n<div class=\"layoutArea\">\n<div class=\"column\">\n<p>Con 1 litro de <span style=\"color: #144b46;\">ACTIVE<\/span> <span style=\"color: #79bb37;\">COATING<\/span> <span style=\"font-family: ac-font-regular-300; color: #006169;\">PURb<\/span><span style=\"font-family: ac-font-regular-300; color: #0076bd;\">cAIR<\/span> se pueden recubrir eficazmente unos 3.000 m\u00b2 de superficie de ventanas. As\u00ed se garantiza un abastecimiento de aire limpio y saludable para una superficie de aproximadamente 24.000 m\u00b2.<\/p>\n<p>Para las salas de escuelas, guarder\u00edas, jardines de infancia, oficinas, hoteles y restaurantes, se recomienda una proporci\u00f3n de 5 m\u00b2 de superficie de sala por 1 m\u00b2 de cristal recubierto, es decir, en torno a unos 15.000 m\u00b2 con 1 litro.<\/p>\n<p>Un equipo HEPA de Trotec puede suministrar aire fresco para 80 m\u00b2. Para suministrar aire respirable saludable a una superficie de 15.000 m\u00b2 se necesitan 188 unidades y una inversi\u00f3n de unos 375.000 euros m\u00e1s el 19% de IVA. El importe de la inversi\u00f3n para <span style=\"color: #79bb37;\">COATING<\/span> <span style=\"font-family: ac-font-regular-300; color: #006169;\">PURb<\/span><span style=\"font-family: ac-font-regular-300; color: #0076bd;\">cAIR<\/span> es aproximadamente el mismo. Con \u00e9l se pueden recubrir 3.000 m\u00b2 de cristal de ventana.<\/p>\n<p>En salas con una superficie de 8 m\u00b2 y una altura de 2,5 metros, deber\u00eda haber 1 m\u00b2 de superficie de cristal\u00a0recubierta. En el ejemplo, bastar\u00eda con un litro de <span style=\"font-family: ac-font-regular-300; color: #006169;\">PURb<\/span><span style=\"font-family: ac-font-regular-300; color: #0076bd;\">cAIR<\/span> para suministrar aire respirable saludable para aproximadamente 15.000 m\u00b2 de superficie.<\/p>\n<p>La producci\u00f3n de 188 equipos filtrantes implica un alto gasto energ\u00e9tico y grandes emisiones de CO<sub>2<\/sub>. Adem\u00e1s,\u00a0para ello se consumen valiosas materias primas y materiales de alta calidad como pl\u00e1sticos, metales, placas de circuitos, elementos para la producci\u00f3n de filtros, cables de cobre, etc.<\/p>\n<p>Un equipo filtrante requiere 0,75 KWh de electricidad para funcionar. 188 equipos consumen 141 KW de electricidad por hora. Cuando estos equipos est\u00e1n en funcionamiento durante 8 horas, consumen 1.128 KWh de electricidad al d\u00eda. Los costes (calculados en base a los menores costes de electricidad en Austria) son de en torno a los 214 euros.<\/p>\n<p><strong>Con 8 horas de filtrado al d\u00eda, el c\u00e1lculo del coste de la electricidad comercial (la comercial es m\u00e1s barata) da como resultado unos costes de electricidad de unos 78.000 euros al a\u00f1o.<\/strong><\/p>\n<p>Si la electricidad no procede de fuentes de energ\u00eda renovables, estos equipos emiten unas inmensas cantidades de emisiones de CO<sub>2<\/sub>.<\/p>\n<p>Debido a la alta potencia de conexi\u00f3n de los equipos, existe el riesgo de que las redes el\u00e9ctricas de las escuelas, guarder\u00edas y jardines de infancia no puedan asumir un uso generalizado.<\/p>\n<p>A esto hay que a\u00f1adir el consumo y el coste de los filtros. En un equipo se utilizan dos filtros: un filtro previo, que vale unos 33 euros m\u00e1s el 19 % de IVA, y un filtro de alto rendimiento H14 seg\u00fan la norma EN1822, que vale unos 235 euros m\u00e1s el 19 % de IVA.<\/p>\n<p><strong>Los filtros deben cambiarse dos veces al a\u00f1o. En este caso, habr\u00eda que aplicar unos costes posteriores anuales de unos 100.990 euros m\u00e1s el 19 % de IVA para cambiar los filtros. M\u00e1s los costes del tiempo de trabajo para realizar los cambios.<\/strong><\/p>\n<\/div>\n<\/div>\n<\/div>\n<\/div>\n<\/div><\/div><\/div><\/div><\/div><\/div><\/div><\/section><section class=\"l-section wpb_row height_medium\"><div class=\"l-section-h i-cf\"><div class=\"g-cols vc_row via_flex valign_top type_default stacking_default\"><div class=\"vc_col-sm-12 wpb_column vc_column_container\"><div class=\"vc_column-inner\"><div class=\"wpb_wrapper\"><div class=\"wpb_text_column\"><div class=\"wpb_wrapper\"><h2>COMPARACI\u00d3N \u00abActive Coating\u00bb con los sistemas de filtro HEPA y UVC<span class=\"Apple-converted-space\">\u00a0<\/span><\/h2>\n<\/div><\/div><div class=\"wpb_text_column\"><div class=\"wpb_wrapper\"><table style=\"text-align: left; width: 100%; height: 100%; margin-left: auto; margin-right: auto;\" border=\"0\" cellspacing=\"0\" cellpadding=\"0\">\n<tbody>\n<tr>\n<td style=\"text-align: center;\" bgcolor=\"#d1d1d1\" width=\"250\"><\/td>\n<td style=\"text-align: center;\" bgcolor=\"#144b46\" width=\"142\"><span style=\"color: #ffffff;\"><strong>\u201eActive Coating\u201c\u00a0<\/strong><br \/>\n<\/span><\/td>\n<td style=\"text-align: center;\" bgcolor=\"d10d0d\" width=\"129\"><strong><span style=\"color: #ffffff;\">Sistemas de filtros HEPA<\/span><\/strong><\/td>\n<td style=\"text-align: center;\" bgcolor=\"#ff0000\" width=\"129\"><strong><span style=\"color: #ffffff;\">Sistemas de filtros UV-C<\/span><\/strong><\/td>\n<\/tr>\n<tr>\n<td bgcolor=\"#d1d1d1\" width=\"250\">Eliminaci\u00f3n de todos los contaminantes relevantes<\/td>\n<td style=\"text-align: center;\" bgcolor=\"#144b46\" width=\"142\"><span style=\"color: #ffffff;\">si<\/span><\/td>\n<td style=\"text-align: center;\" bgcolor=\"#d10d0d\" width=\"129\"><span style=\"color: #ffffff;\">no<\/span><\/td>\n<td style=\"text-align: center;\" bgcolor=\"#ff0000\" width=\"129\"><span style=\"color: #ffffff;\">no<\/span><\/td>\n<\/tr>\n<tr>\n<td bgcolor=\"#d1d1d1\" width=\"250\">Trabajos de mantenimiento y servicio (p. ej., cambio de filtro)<\/td>\n<td style=\"text-align: center;\" bgcolor=\"#144b46\" width=\"142\"><span style=\"color: #ffffff;\">no<\/span><\/td>\n<td style=\"text-align: center;\" bgcolor=\"#d10d0d\" width=\"129\"><span style=\"color: #ffffff;\">si<\/span><\/td>\n<td style=\"text-align: center;\" bgcolor=\"#ff0000\" width=\"129\"><span style=\"color: #ffffff;\">si<\/span><\/td>\n<\/tr>\n<tr>\n<td bgcolor=\"#d1d1d1\" width=\"250\">Costes operativos (como electricidad, etc.)<\/td>\n<td style=\"text-align: center;\" bgcolor=\"#144b46\" width=\"142\"><span style=\"color: #ffffff;\">no<\/span><\/td>\n<td style=\"text-align: center;\" bgcolor=\"#d10d0d\" width=\"129\"><span style=\"color: #ffffff;\">si<\/span><\/td>\n<td style=\"text-align: center;\" bgcolor=\"#ff0000\" width=\"129\"><span style=\"color: #ffffff;\">si<\/span><\/td>\n<\/tr>\n<tr>\n<td bgcolor=\"#d1d1d1\" width=\"250\">Ruidos de funcionamiento<\/td>\n<td style=\"text-align: center;\" bgcolor=\"#144b46\" width=\"142\"><span style=\"color: #ffffff;\">no<\/span><\/td>\n<td style=\"text-align: center;\" bgcolor=\"#d10d0d\" width=\"129\"><span style=\"color: #ffffff;\">si<\/span><\/td>\n<td style=\"text-align: center;\" bgcolor=\"#ff0000\" width=\"129\"><span style=\"color: #ffffff;\">si<\/span><\/td>\n<\/tr>\n<tr>\n<td bgcolor=\"#d1d1d1\" width=\"250\">Necesidad de espacio<\/td>\n<td style=\"text-align: center;\" bgcolor=\"#144b46\" width=\"142\"><span style=\"color: #ffffff;\">no<\/span><\/td>\n<td style=\"text-align: center;\" bgcolor=\"d10d0d\" width=\"129\"><span style=\"color: #ffffff;\">si<\/span><\/td>\n<td style=\"text-align: center;\" bgcolor=\"#ff0000\" width=\"129\"><span style=\"color: #ffffff;\">si<\/span><\/td>\n<\/tr>\n<tr>\n<td bgcolor=\"#d1d1d1\" width=\"250\">Emisiones de CO2 extremadamente elevadas<\/td>\n<td style=\"text-align: center;\" bgcolor=\"#144b46\" width=\"142\"><span style=\"color: #ffffff;\">no<\/span><\/td>\n<td style=\"text-align: center;\" bgcolor=\"#d10d0d\" width=\"129\"><span style=\"color: #ffffff;\">si<\/span><\/td>\n<td style=\"text-align: center;\" bgcolor=\"#ff0000\" width=\"129\"><span style=\"color: #ffffff;\">si<\/span><\/td>\n<\/tr>\n<tr>\n<td bgcolor=\"#d1d1d1\" width=\"250\">Consumo de recursos<\/td>\n<td style=\"text-align: center;\" bgcolor=\"#144b46\" width=\"142\"><span style=\"color: #ffffff;\">bajo<\/span><\/td>\n<td style=\"text-align: center;\" bgcolor=\"#d10d0d\" width=\"129\"><span style=\"color: #ffffff;\">elevado<\/span><\/td>\n<td style=\"text-align: center;\" bgcolor=\"#ff0000\" width=\"129\"><span style=\"color: #ffffff;\">elevado<\/span><\/td>\n<\/tr>\n<tr>\n<td bgcolor=\"#d1d1d1\" width=\"250\">Generaci\u00f3n de residuos peligrosos (filtros)<\/td>\n<td style=\"text-align: center;\" bgcolor=\"#144b46\" width=\"142\"><span style=\"color: #ffffff;\">no<\/span><\/td>\n<td style=\"text-align: center;\" bgcolor=\"#d10d0d\" width=\"129\"><span style=\"color: #ffffff;\">si<\/span><\/td>\n<td style=\"text-align: center;\" bgcolor=\"#ff0000\" width=\"129\"><span style=\"color: #ffffff;\">si<\/span><\/td>\n<\/tr>\n<\/tbody>\n<\/table>\n<\/div><\/div><\/div><\/div><\/div><\/div><\/div><\/section><section class=\"l-section wpb_row height_medium\"><div class=\"l-section-h i-cf\"><div class=\"g-cols vc_row via_flex valign_top type_default stacking_default\"><div class=\"vc_col-sm-12 wpb_column vc_column_container\"><div class=\"vc_column-inner\"><div class=\"wpb_wrapper\"><div class=\"wpb_text_column\"><div class=\"wpb_wrapper\"><h2><span style=\"font-family: ac-font-regular-300; color: #006169;\">PUR<\/span><span style=\"font-family: ac-font-regular-300; color: #006169;\">b<\/span><span style=\"font-family: ac-font-regular-300; color: #0076bd;\">c<\/span><span style=\"font-family: ac-font-regular-300; color: #0076bd;\">AIR<\/span>, Sistemas de filtrado HEPA y UVC<\/h2>\n<\/div><\/div><div class=\"wpb_text_column\"><div class=\"wpb_wrapper\"><h3 class=\"wpb_heading\">Comparaci\u00f3n de costes en euros (contemplando un periodo de 5 a\u00f1os)<\/h3>\n<\/div><\/div><div class=\"wpb_text_column\"><div class=\"wpb_wrapper\"><div class=\"visualizer-front-container\" id=\"chart_wrapper_visualizer-10365-572005844\"><style type=\"text\/css\" name=\"visualizer-custom-css\" id=\"customcss-visualizer-10365\">.locker,.locker-loader{position:absolute;top:0;left:0;width:100%;height:100%}.locker{z-index:1000;opacity:.8;background-color:#fff;-ms-filter:\"progid:DXImageTransform.Microsoft.Alpha(Opacity=80)\";filter:alpha(opacity=80)}.locker-loader{z-index:1001;background:url(https:\/\/active-coating.com\/wp-content\/plugins\/visualizer\/images\/ajax-loader.gif) no-repeat center center}.dt-button{display:none!important}.visualizer-front-container.visualizer-lazy-render{content-visibility: auto;}.google-visualization-controls-categoryfilter label.google-visualization-controls-label {vertical-align: middle;}.google-visualization-controls-categoryfilter li.goog-inline-block {margin: 0 0.2em;}.google-visualization-controls-categoryfilter li {padding: 0 0.2em;}.visualizer-front-container .dataTables_scrollHeadInner{margin: 0 auto;}<\/style><div id=\"visualizer-10365-572005844\" class=\"visualizer-front  visualizer-front-10365\"><\/div><!-- Not showing structured data for chart 10365 because title is empty --><\/div>\n<\/div><\/div><div class=\"wpb_text_column\"><div class=\"wpb_wrapper\"><p style=\"text-align: right;\">(Los n\u00fameros se refieren al ejemplo de aplicaci\u00f3n)<span class=\"Apple-converted-space\">\u00a0<\/span><\/p>\n<\/div><\/div><div class=\"w-separator size_small\"><\/div>[vc_message color=\u00bbinfo\u00bb message_box_style=\u00bbsolid-icon\u00bb style=\u00bbround\u00bb]\u201eActive Coating\u201c es la soluci\u00f3n m\u00e1s rentable para la limpieza del aire, ya que no genera costes posteriores tras su adquisici\u00f3n.[\/vc_message]<\/div><\/div><\/div><\/div><\/div><\/section><section class=\"l-section wpb_row height_medium\"><div class=\"l-section-h i-cf\"><div class=\"g-cols vc_row via_flex valign_top type_default stacking_default\"><div class=\"vc_col-sm-12 wpb_column vc_column_container\"><div class=\"vc_column-inner\"><div class=\"wpb_wrapper\"><div class=\"wpb_text_column\"><div class=\"wpb_wrapper\"><h2><b>EMISIONES DE CO2: ACTIVE COATING, Sistemas de filtros HEPA y UV-C <span class=\"Apple-converted-space\">\u00a0<\/span><\/b><\/h2>\n<\/div><\/div><div class=\"wpb_text_column\"><div class=\"wpb_wrapper\"><p>(distribuci\u00f3n proporcional a lo largo del ciclo de vida del producto)<\/p>\n<\/div><\/div><div class=\"w-separator size_small\"><\/div><div class=\"wpb_text_column\"><div class=\"wpb_wrapper\"><h3><span style=\"color: #006169;\">ACTIVE<\/span> <span style=\"color: #8fbc47;\">COATING<\/span><\/h3>\n<\/div><\/div>[vc_progress_bar values=\u00bb%5B%7B%22label%22%3A%22Producci%C3%B3n%22%2C%22value%22%3A%2215%22%2C%22color%22%3A%22chino%22%7D%2C%7B%22label%22%3A%22Funcionamiento%20(electricidad%2C%20etc.)%22%2C%22value%22%3A%220%22%7D%2C%7B%22label%22%3A%22Servicio%20y%20mantenimiento%22%2C%22value%22%3A%220%22%7D%2C%7B%22label%22%3A%22Eliminaci%C3%B3n%22%2C%22value%22%3A%220%22%7D%5D\u00bb]<div class=\"w-separator size_small\"><\/div><div class=\"wpb_text_column\"><div class=\"wpb_wrapper\"><h3 class=\"wpb_heading wpb_progress_bar_heading\">Sistemas de filtros UV-C<\/h3>\n<\/div><\/div>[vc_progress_bar values=\u00bb%5B%7B%22label%22%3A%22Producci%C3%B3n%22%2C%22value%22%3A%2240%22%2C%22color%22%3A%22chino%22%7D%2C%7B%22label%22%3A%22Funcionamiento%20(electricidad%2C%20etc.)%22%2C%22value%22%3A%2215%22%2C%22color%22%3A%22bar_orange%22%7D%2C%7B%22label%22%3A%22Servicio%20y%20mantenimiento%22%2C%22value%22%3A%2215%22%2C%22color%22%3A%22purple%22%7D%2C%7B%22label%22%3A%22Eliminaci%C3%B3n%22%2C%22value%22%3A%227%22%2C%22color%22%3A%22bar_red%22%7D%5D\u00bb]<div class=\"w-separator size_small\"><\/div><div class=\"wpb_text_column\"><div class=\"wpb_wrapper\"><h3 class=\"wpb_heading wpb_progress_bar_heading\">Sistemas de filtros HEPA<\/h3>\n<\/div><\/div>[vc_progress_bar values=\u00bb%5B%7B%22label%22%3A%22Producci%C3%B3n%22%2C%22value%22%3A%2250%22%2C%22color%22%3A%22chino%22%7D%2C%7B%22label%22%3A%22Funcionamiento%20(electricidad%2C%20etc.)%22%2C%22value%22%3A%2220%22%2C%22color%22%3A%22bar_orange%22%7D%2C%7B%22label%22%3A%22Servicio%20y%20mantenimiento%22%2C%22value%22%3A%2220%22%2C%22color%22%3A%22purple%22%7D%2C%7B%22label%22%3A%22Eliminaci%C3%B3n%22%2C%22value%22%3A%2210%22%2C%22color%22%3A%22bar_red%22%7D%5D\u00bb]<div class=\"w-separator size_small\"><\/div>[vc_message message_box_style=\u00bbsolid-icon\u00bb style=\u00bbround\u00bb]\u201eActive Coating\u201c\u00a0<span lang=\"ES\">apuesta por la sostenibilidad y la minimizaci\u00f3n de las emisiones de <\/span><span lang=\"ES\">CO\u2082 \u00a1protegiendo as\u00ed <\/span><span lang=\"ES\">nuestro medio ambiente!<\/span>[\/vc_message]<\/div><\/div><\/div><\/div><\/div><\/section><section class=\"l-section wpb_row height_medium\"><div class=\"l-section-h i-cf\"><div class=\"g-cols vc_row via_flex valign_top type_default stacking_default\"><div class=\"vc_col-sm-12 wpb_column vc_column_container\"><div class=\"vc_column-inner\"><div class=\"wpb_wrapper\"><div class=\"wpb_text_column\"><div class=\"wpb_wrapper\"><h1 style=\"text-align: left;\"><span style=\"color: #006169;\">Download<\/span> <span style=\"color: #8fbc47;\">Center<\/span><\/h1>\n<\/div><\/div><div class=\"w-iconbox iconpos_left style_default color_primary align_left no_title\"><a target=\"_blank\" rel=\"nofollow\" href=\"https:\/\/www.active-coating.com\/wp-content\/uploads\/2021\/11\/A_C_factsheet_es_web_2021.pdf\" class=\"w-iconbox-link\" aria-label=\"fas|file-pdf\"><div class=\"w-iconbox-icon\" style=\"font-size:20px;\"><i class=\"fas fa-file-pdf\"><\/i><\/div><\/a><div class=\"w-iconbox-meta\"><div class=\"w-iconbox-text\"><p><a href=\"https:\/\/active-coating.com\/wp-content\/uploads\/2021\/11\/A_C_factsheet_es_web_2021.pdf\" target=\"_blank\" rel=\"noopener noreferrer\">Ficha t\u00e9cnica de la tecnolog\u00eda de purificaci\u00f3n de aire (1 MB)<\/a><\/p>\n<\/div><\/div><\/div><\/div><\/div><\/div><\/div><\/div><\/section>\n","protected":false},"excerpt":{"rendered":"EJEMPLO DE APLICACI\u00d3N Con 1 litro de ACTIVE COATING PURbcAIR se pueden recubrir eficazmente unos 3.000 m\u00b2 de superficie de ventanas. As\u00ed se garantiza un abastecimiento de aire limpio y...","protected":false},"author":1,"featured_media":10354,"parent":0,"menu_order":0,"comment_status":"closed","ping_status":"closed","template":"","meta":{"_price":"","_stock":"","_tribe_ticket_header":"","_tribe_default_ticket_provider":"","_tribe_ticket_capacity":"0","_ticket_start_date":"","_ticket_end_date":"","_tribe_ticket_show_description":"","_tribe_ticket_show_not_going":false,"_tribe_ticket_use_global_stock":"","_tribe_ticket_global_stock_level":"","_global_stock_mode":"","_global_stock_cap":"","_tribe_rsvp_for_event":"","_tribe_ticket_going_count":"","_tribe_ticket_not_going_count":"","_tribe_tickets_list":"[]","_tribe_ticket_has_attendee_info_fields":false,"footnotes":""},"class_list":["post-10369","page","type-page","status-publish","has-post-thumbnail","hentry"],"yoast_head":"<title>Sustentabilidad - Active-Coating<\/title>\n<meta name=\"robots\" content=\"index, follow, max-snippet:-1, max-image-preview:large, max-video-preview:-1\" \/>\n<link rel=\"canonical\" href=\"https:\/\/active-coating.com\/es\/sustentabilidad\/\" \/>\n<meta property=\"og:locale\" content=\"es_ES\" \/>\n<meta property=\"og:type\" content=\"article\" \/>\n<meta property=\"og:title\" content=\"Sustentabilidad - Active-Coating\" \/>\n<meta property=\"og:url\" content=\"https:\/\/active-coating.com\/es\/sustentabilidad\/\" \/>\n<meta property=\"og:site_name\" content=\"Active-Coating\" \/>\n<meta property=\"article:publisher\" content=\"https:\/\/www.facebook.com\/activecoatingmursall\/\" \/>\n<meta property=\"article:modified_time\" content=\"2021-12-06T14:02:24+00:00\" \/>\n<meta name=\"twitter:card\" content=\"summary_large_image\" \/>\n<meta name=\"twitter:label1\" content=\"Tiempo de lectura\" \/>\n\t<meta name=\"twitter:data1\" content=\"4 minutos\" \/>\n<script type=\"application\/ld+json\" class=\"yoast-schema-graph\">{\"@context\":\"https:\\\/\\\/schema.org\",\"@graph\":[{\"@type\":\"WebPage\",\"@id\":\"https:\\\/\\\/active-coating.com\\\/es\\\/sustentabilidad\\\/\",\"url\":\"https:\\\/\\\/active-coating.com\\\/es\\\/sustentabilidad\\\/\",\"name\":\"Sustentabilidad - Active-Coating\",\"isPartOf\":{\"@id\":\"https:\\\/\\\/active-coating.com\\\/#website\"},\"primaryImageOfPage\":{\"@id\":\"https:\\\/\\\/active-coating.com\\\/es\\\/sustentabilidad\\\/#primaryimage\"},\"image\":{\"@id\":\"https:\\\/\\\/active-coating.com\\\/es\\\/sustentabilidad\\\/#primaryimage\"},\"thumbnailUrl\":\"https:\\\/\\\/active-coating.com\\\/wp-content\\\/uploads\\\/2021\\\/03\\\/MG_ActiveCoating_CMYK_200407.svg\",\"datePublished\":\"2021-12-06T14:02:23+00:00\",\"dateModified\":\"2021-12-06T14:02:24+00:00\",\"breadcrumb\":{\"@id\":\"https:\\\/\\\/active-coating.com\\\/es\\\/sustentabilidad\\\/#breadcrumb\"},\"inLanguage\":\"es\",\"potentialAction\":[{\"@type\":\"ReadAction\",\"target\":[\"https:\\\/\\\/active-coating.com\\\/es\\\/sustentabilidad\\\/\"]}]},{\"@type\":\"ImageObject\",\"inLanguage\":\"es\",\"@id\":\"https:\\\/\\\/active-coating.com\\\/es\\\/sustentabilidad\\\/#primaryimage\",\"url\":\"https:\\\/\\\/active-coating.com\\\/wp-content\\\/uploads\\\/2021\\\/03\\\/MG_ActiveCoating_CMYK_200407.svg\",\"contentUrl\":\"https:\\\/\\\/active-coating.com\\\/wp-content\\\/uploads\\\/2021\\\/03\\\/MG_ActiveCoating_CMYK_200407.svg\"},{\"@type\":\"BreadcrumbList\",\"@id\":\"https:\\\/\\\/active-coating.com\\\/es\\\/sustentabilidad\\\/#breadcrumb\",\"itemListElement\":[{\"@type\":\"ListItem\",\"position\":1,\"name\":\"Startseite\",\"item\":\"https:\\\/\\\/active-coating.com\\\/es\\\/\"},{\"@type\":\"ListItem\",\"position\":2,\"name\":\"Sustentabilidad\"}]},{\"@type\":\"WebSite\",\"@id\":\"https:\\\/\\\/active-coating.com\\\/#website\",\"url\":\"https:\\\/\\\/active-coating.com\\\/\",\"name\":\"Active-Coating\",\"description\":\"Be pure inside\",\"publisher\":{\"@id\":\"https:\\\/\\\/active-coating.com\\\/#organization\"},\"potentialAction\":[{\"@type\":\"SearchAction\",\"target\":{\"@type\":\"EntryPoint\",\"urlTemplate\":\"https:\\\/\\\/active-coating.com\\\/?s={search_term_string}\"},\"query-input\":{\"@type\":\"PropertyValueSpecification\",\"valueRequired\":true,\"valueName\":\"search_term_string\"}}],\"inLanguage\":\"es\"},{\"@type\":\"Organization\",\"@id\":\"https:\\\/\\\/active-coating.com\\\/#organization\",\"name\":\"Active Coating\",\"url\":\"https:\\\/\\\/active-coating.com\\\/\",\"logo\":{\"@type\":\"ImageObject\",\"inLanguage\":\"es\",\"@id\":\"https:\\\/\\\/active-coating.com\\\/#\\\/schema\\\/logo\\\/image\\\/\",\"url\":\"\",\"contentUrl\":\"\",\"caption\":\"Active Coating\"},\"image\":{\"@id\":\"https:\\\/\\\/active-coating.com\\\/#\\\/schema\\\/logo\\\/image\\\/\"},\"sameAs\":[\"https:\\\/\\\/www.facebook.com\\\/activecoatingmursall\\\/\",\"https:\\\/\\\/www.instagram.com\\\/activecoating\",\"https:\\\/\\\/www.youtube.com\\\/channel\\\/UCwK25snGaIusJ7wdIrzJArg\"]}]}<\/script>","yoast_head_json":{"title":"Sustentabilidad - Active-Coating","robots":{"index":"index","follow":"follow","max-snippet":"max-snippet:-1","max-image-preview":"max-image-preview:large","max-video-preview":"max-video-preview:-1"},"canonical":"https:\/\/active-coating.com\/es\/sustentabilidad\/","og_locale":"es_ES","og_type":"article","og_title":"Sustentabilidad - Active-Coating","og_url":"https:\/\/active-coating.com\/es\/sustentabilidad\/","og_site_name":"Active-Coating","article_publisher":"https:\/\/www.facebook.com\/activecoatingmursall\/","article_modified_time":"2021-12-06T14:02:24+00:00","twitter_card":"summary_large_image","twitter_misc":{"Tiempo de lectura":"4 minutos"},"schema":{"@context":"https:\/\/schema.org","@graph":[{"@type":"WebPage","@id":"https:\/\/active-coating.com\/es\/sustentabilidad\/","url":"https:\/\/active-coating.com\/es\/sustentabilidad\/","name":"Sustentabilidad - Active-Coating","isPartOf":{"@id":"https:\/\/active-coating.com\/#website"},"primaryImageOfPage":{"@id":"https:\/\/active-coating.com\/es\/sustentabilidad\/#primaryimage"},"image":{"@id":"https:\/\/active-coating.com\/es\/sustentabilidad\/#primaryimage"},"thumbnailUrl":"https:\/\/active-coating.com\/wp-content\/uploads\/2021\/03\/MG_ActiveCoating_CMYK_200407.svg","datePublished":"2021-12-06T14:02:23+00:00","dateModified":"2021-12-06T14:02:24+00:00","breadcrumb":{"@id":"https:\/\/active-coating.com\/es\/sustentabilidad\/#breadcrumb"},"inLanguage":"es","potentialAction":[{"@type":"ReadAction","target":["https:\/\/active-coating.com\/es\/sustentabilidad\/"]}]},{"@type":"ImageObject","inLanguage":"es","@id":"https:\/\/active-coating.com\/es\/sustentabilidad\/#primaryimage","url":"https:\/\/active-coating.com\/wp-content\/uploads\/2021\/03\/MG_ActiveCoating_CMYK_200407.svg","contentUrl":"https:\/\/active-coating.com\/wp-content\/uploads\/2021\/03\/MG_ActiveCoating_CMYK_200407.svg"},{"@type":"BreadcrumbList","@id":"https:\/\/active-coating.com\/es\/sustentabilidad\/#breadcrumb","itemListElement":[{"@type":"ListItem","position":1,"name":"Startseite","item":"https:\/\/active-coating.com\/es\/"},{"@type":"ListItem","position":2,"name":"Sustentabilidad"}]},{"@type":"WebSite","@id":"https:\/\/active-coating.com\/#website","url":"https:\/\/active-coating.com\/","name":"Active-Coating","description":"Be pure inside","publisher":{"@id":"https:\/\/active-coating.com\/#organization"},"potentialAction":[{"@type":"SearchAction","target":{"@type":"EntryPoint","urlTemplate":"https:\/\/active-coating.com\/?s={search_term_string}"},"query-input":{"@type":"PropertyValueSpecification","valueRequired":true,"valueName":"search_term_string"}}],"inLanguage":"es"},{"@type":"Organization","@id":"https:\/\/active-coating.com\/#organization","name":"Active Coating","url":"https:\/\/active-coating.com\/","logo":{"@type":"ImageObject","inLanguage":"es","@id":"https:\/\/active-coating.com\/#\/schema\/logo\/image\/","url":"","contentUrl":"","caption":"Active Coating"},"image":{"@id":"https:\/\/active-coating.com\/#\/schema\/logo\/image\/"},"sameAs":["https:\/\/www.facebook.com\/activecoatingmursall\/","https:\/\/www.instagram.com\/activecoating","https:\/\/www.youtube.com\/channel\/UCwK25snGaIusJ7wdIrzJArg"]}]}},"_links":{"self":[{"href":"https:\/\/active-coating.com\/es\/wp-json\/wp\/v2\/pages\/10369","targetHints":{"allow":["GET"]}}],"collection":[{"href":"https:\/\/active-coating.com\/es\/wp-json\/wp\/v2\/pages"}],"about":[{"href":"https:\/\/active-coating.com\/es\/wp-json\/wp\/v2\/types\/page"}],"author":[{"embeddable":true,"href":"https:\/\/active-coating.com\/es\/wp-json\/wp\/v2\/users\/1"}],"replies":[{"embeddable":true,"href":"https:\/\/active-coating.com\/es\/wp-json\/wp\/v2\/comments?post=10369"}],"version-history":[{"count":3,"href":"https:\/\/active-coating.com\/es\/wp-json\/wp\/v2\/pages\/10369\/revisions"}],"predecessor-version":[{"id":10372,"href":"https:\/\/active-coating.com\/es\/wp-json\/wp\/v2\/pages\/10369\/revisions\/10372"}],"wp:featuredmedia":[{"embeddable":true,"href":"https:\/\/active-coating.com\/es\/wp-json\/wp\/v2\/media\/10354"}],"wp:attachment":[{"href":"https:\/\/active-coating.com\/es\/wp-json\/wp\/v2\/media?parent=10369"}],"curies":[{"name":"wp","href":"https:\/\/api.w.org\/{rel}","templated":true}]}}