{"id":8814,"date":"2021-12-01T18:04:57","date_gmt":"2021-12-01T17:04:57","guid":{"rendered":"http:\/\/active-coating.com\/?page_id=8814"},"modified":"2021-12-01T18:04:59","modified_gmt":"2021-12-01T17:04:59","slug":"download-logos","status":"publish","type":"page","link":"https:\/\/active-coating.com\/cs\/download\/download-logos\/","title":{"rendered":"Download-Logos"},"content":{"rendered":"<section class=\"l-section wpb_row height_medium with_img\"><div class=\"l-section-img\" role=\"img\" aria-label=\"Image\" data-img-width=\"684\" data-img-height=\"265\" style=\"background-image: url(https:\/\/active-coating.com\/wp-content\/uploads\/2021\/06\/download.jpg);background-position: bottom center;\"><\/div><div class=\"l-section-overlay\" style=\"background:rgba(255,255,255,0.65)\"><\/div><div class=\"l-section-h i-cf\"><div class=\"g-cols vc_row via_flex valign_top type_default stacking_default\"><div class=\"vc_col-sm-12 wpb_column vc_column_container\"><div class=\"vc_column-inner\"><div class=\"wpb_wrapper\"><div class=\"wpb_text_column\"><div class=\"wpb_wrapper\"><h1 style=\"text-align: center;\"><span style=\"color: #006169;\">Download<\/span> <span style=\"color: #8fbc47;\">Center<\/span><\/h1>\n<\/div><\/div><\/div><\/div><\/div><\/div><\/div><\/section><section class=\"l-section wpb_row height_medium\"><div class=\"l-section-h i-cf\"><div class=\"g-cols vc_row via_flex valign_top type_default stacking_default\"><div class=\"vc_col-sm-12 wpb_column vc_column_container\"><div class=\"vc_column-inner\"><div class=\"wpb_wrapper\"><div class=\"wpb_text_column\"><div class=\"wpb_wrapper\"><h4>Logo\u00b4s<\/h4>\n<\/div><\/div><div class=\"g-cols wpb_row via_flex valign_top type_default stacking_default\"><div class=\"vc_col-sm-12 wpb_column vc_column_container\"><div class=\"vc_column-inner\"><div class=\"wpb_wrapper\"><div class=\"wpb_text_column us_custom_87b53cd4\"><div class=\"wpb_wrapper\"><h5><span style=\"color: #006169;\">Active<\/span> <span style=\"color: #8fbc47;\">Coating<\/span><\/h5>\n<\/div><\/div><div class=\"wpb_text_column\"><div class=\"wpb_wrapper\"><h5>Barva<\/h5>\n<\/div><\/div><div class=\"w-iconbox iconpos_left style_default color_primary align_left no_title\"><a target=\" _blank\" rel=\"nofollow\" href=\"https:\/\/www.active-coating.com\/wp-content\/uploads\/2020\/04\/MG_ActiveCoating_CMYK_200407.pdf\" class=\"w-iconbox-link\" aria-label=\"fas|file-pdf\"><div class=\"w-iconbox-icon\" style=\"font-size:20px;\"><i class=\"fas fa-file-pdf\"><\/i><\/div><\/a><div class=\"w-iconbox-meta\"><div class=\"w-iconbox-text\"><p><a href=\"https:\/\/active-coating.com\/wp-content\/uploads\/2020\/04\/MG_ActiveCoating_CMYK_200407.pdf\" target=\"_blank\" rel=\"noopener noreferrer\">ActiveCoating CMYK 200407 (pdf 253 KB)<\/a><\/p>\n<\/div><\/div><\/div><div class=\"w-iconbox iconpos_left style_default color_primary align_left no_title\"><a target=\" _blank\" rel=\"nofollow\" href=\"https:\/\/www.active-coating.com\/wp-content\/uploads\/2020\/04\/MG_ActiveCoating_CMYK_200407.eps\" class=\"w-iconbox-link\" aria-label=\"fal|bezier-curve\"><div class=\"w-iconbox-icon\" style=\"font-size:20px;\"><i class=\"fal fa-bezier-curve\"><\/i><\/div><\/a><div class=\"w-iconbox-meta\"><div class=\"w-iconbox-text\"><p><a href=\"https:\/\/active-coating.com\/wp-content\/uploads\/2020\/04\/MG_ActiveCoating_CMYK_200407.eps\" target=\"_blank\" rel=\"noopener noreferrer\">ActiveCoating_CMYK_200407 (eps 1 MB)<\/a><\/p>\n<\/div><\/div><\/div><div class=\"w-iconbox iconpos_left style_default color_primary align_left no_title\"><a target=\" _blank\" rel=\"nofollow\" href=\"https:\/\/www.active-coating.com\/wp-content\/uploads\/2020\/04\/MG_ActiveCoating_CMYK_200407-1.jpg\" class=\"w-iconbox-link\" aria-label=\"fas|image\"><div class=\"w-iconbox-icon\" style=\"font-size:20px;\"><i class=\"fas fa-image\"><\/i><\/div><\/a><div class=\"w-iconbox-meta\"><div class=\"w-iconbox-text\"><p><a ref=\"magnificPopup\" href=\"https:\/\/active-coating.com\/wp-content\/uploads\/2020\/04\/MG_ActiveCoating_CMYK_200407-1.jpg\" target=\"_blank\" rel=\"noopener noreferrer\">ActiveCoating_CMYK_200407 1300&#215;319(jpg 181 KB)<\/a><\/p>\n<\/div><\/div><\/div><div class=\"wpb_text_column\"><div class=\"wpb_wrapper\"><h5>\u0160ed\u00e1<\/h5>\n<\/div><\/div><div class=\"w-iconbox iconpos_left style_default color_primary align_left no_title\"><a target=\" _blank\" rel=\"nofollow\" href=\"https:\/\/www.active-coating.com\/wp-content\/uploads\/2020\/04\/MG_ActiveCoating_Grau_200407.pdf\" class=\"w-iconbox-link\" aria-label=\"fas|file-pdf\"><div class=\"w-iconbox-icon\" style=\"font-size:20px;\"><i class=\"fas fa-file-pdf\"><\/i><\/div><\/a><div class=\"w-iconbox-meta\"><div class=\"w-iconbox-text\"><p><a href=\"https:\/\/active-coating.com\/wp-content\/uploads\/2020\/04\/MG_ActiveCoating_Grau_200407.pdf\" target=\"_blank\" rel=\"noopener noreferrer\">ActiveCoating grey 200407 (pdf 281 KB)<\/a><\/p>\n<\/div><\/div><\/div><div class=\"w-iconbox iconpos_left style_default color_primary align_left no_title\"><a target=\" _blank\" rel=\"nofollow\" href=\"https:\/\/www.active-coating.com\/wp-content\/uploads\/2020\/04\/MG_ActiveCoating_Grau_200407.eps\" class=\"w-iconbox-link\" aria-label=\"fal|bezier-curve\"><div class=\"w-iconbox-icon\" style=\"font-size:20px;\"><i class=\"fal fa-bezier-curve\"><\/i><\/div><\/a><div class=\"w-iconbox-meta\"><div class=\"w-iconbox-text\"><p><a href=\"https:\/\/active-coating.com\/wp-content\/uploads\/2020\/04\/MG_ActiveCoating_Grau_200407.eps\" target=\"_blank\" rel=\"noopener noreferrer\">ActiveCoating_grey_200407 (eps 528 KB)<\/a><\/p>\n<\/div><\/div><\/div><div class=\"wpb_text_column\"><div class=\"wpb_wrapper\"><h5>B\u00edl\u00fd<\/h5>\n<\/div><\/div><div class=\"w-iconbox iconpos_left style_default color_primary align_left no_title\"><a target=\" _blank\" rel=\"nofollow\" href=\"https:\/\/www.active-coating.com\/wp-content\/uploads\/2020\/04\/MG_ActiveCoating_Weiss_200407.pdf\" class=\"w-iconbox-link\" aria-label=\"fas|file-pdf\"><div class=\"w-iconbox-icon\" style=\"font-size:20px;\"><i class=\"fas fa-file-pdf\"><\/i><\/div><\/a><div class=\"w-iconbox-meta\"><div class=\"w-iconbox-text\"><p><a href=\"https:\/\/active-coating.com\/wp-content\/uploads\/2020\/04\/MG_ActiveCoating_Weiss_200407.pdf\" target=\"_blank\" rel=\"noopener noreferrer\">ActiveCoating white 200407 (pdf 273 KB)<\/a><\/p>\n<\/div><\/div><\/div><div class=\"w-iconbox iconpos_left style_default color_primary align_left no_title\"><a target=\" _blank\" rel=\"nofollow\" href=\"https:\/\/www.active-coating.com\/wp-content\/uploads\/2020\/04\/MG_ActiveCoating_Weiss_200407.eps\" class=\"w-iconbox-link\" aria-label=\"fal|bezier-curve\"><div class=\"w-iconbox-icon\" style=\"font-size:20px;\"><i class=\"fal fa-bezier-curve\"><\/i><\/div><\/a><div class=\"w-iconbox-meta\"><div class=\"w-iconbox-text\"><p><a href=\"https:\/\/active-coating.com\/wp-content\/uploads\/2020\/04\/MG_ActiveCoating_Weiss_200407.eps\" target=\"_blank\" rel=\"noopener noreferrer\">ActiveCoating_white_200407 (eps 518 KB)<\/a><\/p>\n<\/div><\/div><\/div><\/div><\/div><\/div><\/div><div class=\"g-cols wpb_row via_flex valign_top type_default stacking_default\"><div class=\"vc_col-sm-12 wpb_column vc_column_container has_bg_color\"><div class=\"vc_column-inner us_custom_bc30bd95\"><div class=\"wpb_wrapper\"><div class=\"wpb_text_column us_custom_87b53cd4\"><div class=\"wpb_wrapper\"><h5 style=\"text-align: left;\"><span style=\"font-family: ac-font-regular-300; color: #006169;\">PURb<\/span><span style=\"font-family: ac-font-regular-300; color: #0076bd;\">cAIR\u00a0<\/span><\/h5>\n<\/div><\/div><div class=\"wpb_text_column\"><div class=\"wpb_wrapper\"><h5>Barva<\/h5>\n<\/div><\/div><div class=\"w-iconbox iconpos_left style_default color_primary align_left no_title\"><a target=\" _blank\" rel=\"nofollow\" href=\"https:\/\/www.active-coating.com\/wp-content\/uploads\/2020\/05\/PURE_AIR-Pantone_200421.pdf\" class=\"w-iconbox-link\" aria-label=\"fas|file-pdf\"><div class=\"w-iconbox-icon\" style=\"font-size:20px;\"><i class=\"fas fa-file-pdf\"><\/i><\/div><\/a><div class=\"w-iconbox-meta\"><div class=\"w-iconbox-text\"><p><a href=\"https:\/\/active-coating.com\/wp-content\/uploads\/2020\/05\/PURE_AIR-Pantone_200421.pdf\" target=\"_blank\" rel=\"noopener noreferrer\">PureAir Pantone 200421 (pdf 249 KB)<\/a><\/p>\n<\/div><\/div><\/div><div class=\"w-iconbox iconpos_left style_default color_primary align_left no_title\"><a target=\" _blank\" rel=\"nofollow\" href=\"https:\/\/www.active-coating.com\/wp-content\/uploads\/2020\/05\/PURE_AIR-Pantone_200421.svg\" class=\"w-iconbox-link\" aria-label=\"fal|bezier-curve\"><div class=\"w-iconbox-icon\" style=\"font-size:20px;\"><i class=\"fal fa-bezier-curve\"><\/i><\/div><\/a><div class=\"w-iconbox-meta\"><div class=\"w-iconbox-text\"><p><a href=\"https:\/\/active-coating.com\/wp-content\/uploads\/2020\/05\/PURE_AIR-Pantone_200421.svg\" target=\"_blank\" rel=\"noopener noreferrer\">AirPure Pantone 200421 (svg 2 KB)<\/a><\/p>\n<\/div><\/div><\/div><div class=\"w-iconbox iconpos_left style_default color_primary align_left no_title\"><a target=\" _blank\" rel=\"nofollow\" href=\"https:\/\/www.active-coating.com\/wp-content\/uploads\/2020\/05\/PURE_AIR-Pantone_200421.jpg\" class=\"w-iconbox-link\" aria-label=\"fas|image\"><div class=\"w-iconbox-icon\" style=\"font-size:20px;\"><i class=\"fas fa-image\"><\/i><\/div><\/a><div class=\"w-iconbox-meta\"><div class=\"w-iconbox-text\"><p><a ref=\"magnificPopup\" href=\"https:\/\/active-coating.com\/wp-content\/uploads\/2020\/05\/PURE_AIR-Pantone_200421.jpg\" target=\"_blank\" rel=\"noopener noreferrer\">AirPure Pantone 200421 (jpg 146 KB)<\/a><\/p>\n<\/div><\/div><\/div><div class=\"wpb_text_column\"><div class=\"wpb_wrapper\"><h5>\u010cern\u00e1<\/h5>\n<\/div><\/div><div class=\"w-iconbox iconpos_left style_default color_primary align_left no_title\"><a target=\" _blank\" rel=\"nofollow\" href=\"https:\/\/www.active-coating.com\/wp-content\/uploads\/2020\/05\/PURE_AIR-Schwarz_200421.pdf\" class=\"w-iconbox-link\" aria-label=\"fas|file-pdf\"><div class=\"w-iconbox-icon\" style=\"font-size:20px;\"><i class=\"fas fa-file-pdf\"><\/i><\/div><\/a><div class=\"w-iconbox-meta\"><div class=\"w-iconbox-text\"><p><a href=\"https:\/\/active-coating.com\/wp-content\/uploads\/2020\/05\/PURE_AIR-Schwarz_200421.pdf\" target=\"_blank\" rel=\"noopener noreferrer\">AirPure black (pdf 249 KB)<\/a><\/p>\n<\/div><\/div><\/div><\/div><\/div><\/div><\/div><div class=\"g-cols wpb_row via_flex valign_top type_default stacking_default\"><div class=\"vc_col-sm-12 wpb_column vc_column_container\"><div class=\"vc_column-inner\"><div class=\"wpb_wrapper\"><div class=\"wpb_text_column us_custom_87b53cd4\"><div class=\"wpb_wrapper\"><h5 style=\"text-align: left;\"><span style=\"font-family: ac-font-regular-300; color: #006169;\">PURb<\/span><span style=\"font-family: ac-font-regular-300; color: #9d9d9c;\">cWALL<\/span><\/h5>\n<\/div><\/div><div class=\"wpb_text_column\"><div class=\"wpb_wrapper\"><h5>Barva<\/h5>\n<\/div><\/div><div class=\"w-iconbox iconpos_left style_default color_primary align_left no_title\"><a target=\" _blank\" rel=\"nofollow\" href=\"https:\/\/www.active-coating.com\/wp-content\/uploads\/2020\/05\/PURE_AIR-Pantone_200421.pdf\" class=\"w-iconbox-link\" aria-label=\"fas|file-pdf\"><div class=\"w-iconbox-icon\" style=\"font-size:20px;\"><i class=\"fas fa-file-pdf\"><\/i><\/div><\/a><div class=\"w-iconbox-meta\"><div class=\"w-iconbox-text\"><p><a href=\"https:\/\/active-coating.com\/wp-content\/uploads\/2021\/03\/PUR_WALL_Pantone_200421.pdf\" target=\"_blank\" rel=\"noopener noreferrer\">PureWall Pantone 200421 (pdf 278 KB)<\/a><\/p>\n<\/div><\/div><\/div><div class=\"w-iconbox iconpos_left style_default color_primary align_left no_title\"><a target=\" _blank\" rel=\"nofollow\" href=\"https:\/\/www.active-coating.com\/wp-content\/uploads\/2020\/05\/PURE_AIR-Pantone_200421.svg\" class=\"w-iconbox-link\" aria-label=\"fal|bezier-curve\"><div class=\"w-iconbox-icon\" style=\"font-size:20px;\"><i class=\"fal fa-bezier-curve\"><\/i><\/div><\/a><div class=\"w-iconbox-meta\"><div class=\"w-iconbox-text\"><p><a href=\"https:\/\/active-coating.com\/wp-content\/uploads\/2021\/03\/PUR_WALL_Pantone_200421.svg\" target=\"_blank\" rel=\"noopener noreferrer\">PureWall Pantone 200421 (svg 2 KB)<\/a><\/p>\n<\/div><\/div><\/div><div class=\"w-iconbox iconpos_left style_default color_primary align_left no_title\"><a target=\" _blank\" rel=\"nofollow\" href=\"https:\/\/www.active-coating.com\/wp-content\/uploads\/2020\/05\/PURE_AIR-Pantone_200421.jpg\" class=\"w-iconbox-link\" aria-label=\"fas|image\"><div class=\"w-iconbox-icon\" style=\"font-size:20px;\"><i class=\"fas fa-image\"><\/i><\/div><\/a><div class=\"w-iconbox-meta\"><div class=\"w-iconbox-text\"><p><a ref=\"magnificPopup\" href=\"https:\/\/active-coating.com\/wp-content\/uploads\/2021\/03\/PUR_WALL_Pantone_200421.jpg\" target=\"_blank\" rel=\"noopener noreferrer\">PureWall Pantone 200421 (jpg 197 KB)<\/a><\/p>\n<\/div><\/div><\/div><div class=\"wpb_text_column\"><div class=\"wpb_wrapper\"><h5>\u010cern\u00e1<\/h5>\n<\/div><\/div><div class=\"w-iconbox iconpos_left style_default color_primary align_left no_title\"><a target=\" _blank\" rel=\"nofollow\" href=\"https:\/\/www.active-coating.com\/wp-content\/uploads\/2020\/05\/PURE_AIR-Schwarz_200421.pdf\" class=\"w-iconbox-link\" aria-label=\"fas|file-pdf\"><div class=\"w-iconbox-icon\" style=\"font-size:20px;\"><i class=\"fas fa-file-pdf\"><\/i><\/div><\/a><div class=\"w-iconbox-meta\"><div class=\"w-iconbox-text\"><p><a href=\"https:\/\/active-coating.com\/wp-content\/uploads\/2021\/03\/PUR_WALL_Schwarz_200421.pdf\" target=\"_blank\" rel=\"noopener noreferrer\">PureWall black (pdf 278 KB)<\/a><\/p>\n<\/div><\/div><\/div><\/div><\/div><\/div><\/div><\/div><\/div><\/div><\/div><\/div><\/section>\n","protected":false},"excerpt":{"rendered":"Download Center Logo\u00b4s Active Coating Barva ActiveCoating CMYK 200407 (pdf 253 KB) ActiveCoating_CMYK_200407 (eps 1 MB) ActiveCoating_CMYK_200407 1300x319(jpg 181 KB) \u0160ed\u00e1 ActiveCoating grey 200407 (pdf 281 KB) ActiveCoating_grey_200407 (eps 528...","protected":false},"author":1,"featured_media":7801,"parent":7800,"menu_order":0,"comment_status":"closed","ping_status":"closed","template":"","meta":{"_price":"","_stock":"","_tribe_ticket_header":"","_tribe_default_ticket_provider":"","_tribe_ticket_capacity":"0","_ticket_start_date":"","_ticket_end_date":"","_tribe_ticket_show_description":"","_tribe_ticket_show_not_going":false,"_tribe_ticket_use_global_stock":"","_tribe_ticket_global_stock_level":"","_global_stock_mode":"","_global_stock_cap":"","_tribe_rsvp_for_event":"","_tribe_ticket_going_count":"","_tribe_ticket_not_going_count":"","_tribe_tickets_list":"[]","_tribe_ticket_has_attendee_info_fields":false,"footnotes":""},"class_list":["post-8814","page","type-page","status-publish","has-post-thumbnail","hentry"],"yoast_head":"<title>Download-Logos - Active-Coating<\/title>\n<meta name=\"description\" content=\"Zde si m\u016f\u017eete pohodln\u011b st\u00e1hnout bro\u017eury, tiskov\u00e9 a laboratorn\u00ed zpr\u00e1vy o v\u0161ech aspektech ACTIVE COATING, kter\u00e9 si m\u016f\u017eete st\u00e1hnout \u25b6 Z\u016fsta\u0148te v obraze!\" \/>\n<meta name=\"robots\" content=\"index, follow, max-snippet:-1, max-image-preview:large, max-video-preview:-1\" \/>\n<link rel=\"canonical\" href=\"https:\/\/active-coating.com\/cs\/download\/download-logos\/\" \/>\n<meta property=\"og:locale\" content=\"cs_CZ\" \/>\n<meta property=\"og:type\" content=\"article\" \/>\n<meta property=\"og:title\" content=\"Download-Logos - Active-Coating\" \/>\n<meta property=\"og:description\" content=\"Zde si m\u016f\u017eete pohodln\u011b st\u00e1hnout bro\u017eury, tiskov\u00e9 a laboratorn\u00ed zpr\u00e1vy o v\u0161ech aspektech ACTIVE COATING, kter\u00e9 si m\u016f\u017eete st\u00e1hnout \u25b6 Z\u016fsta\u0148te v obraze!\" \/>\n<meta property=\"og:url\" content=\"https:\/\/active-coating.com\/cs\/download\/download-logos\/\" \/>\n<meta property=\"og:site_name\" content=\"Active-Coating\" \/>\n<meta property=\"article:publisher\" content=\"https:\/\/www.facebook.com\/activecoatingmursall\/\" \/>\n<meta property=\"article:modified_time\" content=\"2021-12-01T17:04:59+00:00\" \/>\n<meta name=\"twitter:card\" content=\"summary_large_image\" \/>\n<meta name=\"twitter:label1\" content=\"Est. reading time\" \/>\n\t<meta name=\"twitter:data1\" content=\"4 minutes\" \/>\n<script type=\"application\/ld+json\" class=\"yoast-schema-graph\">{\"@context\":\"https:\\\/\\\/schema.org\",\"@graph\":[{\"@type\":\"WebPage\",\"@id\":\"https:\\\/\\\/active-coating.com\\\/cs\\\/download\\\/download-logos\\\/\",\"url\":\"https:\\\/\\\/active-coating.com\\\/cs\\\/download\\\/download-logos\\\/\",\"name\":\"Download-Logos - Active-Coating\",\"isPartOf\":{\"@id\":\"https:\\\/\\\/active-coating.com\\\/#website\"},\"primaryImageOfPage\":{\"@id\":\"https:\\\/\\\/active-coating.com\\\/cs\\\/download\\\/download-logos\\\/#primaryimage\"},\"image\":{\"@id\":\"https:\\\/\\\/active-coating.com\\\/cs\\\/download\\\/download-logos\\\/#primaryimage\"},\"thumbnailUrl\":\"https:\\\/\\\/active-coating.com\\\/wp-content\\\/uploads\\\/2020\\\/06\\\/download.jpg\",\"datePublished\":\"2021-12-01T17:04:57+00:00\",\"dateModified\":\"2021-12-01T17:04:59+00:00\",\"description\":\"Zde si m\u016f\u017eete pohodln\u011b st\u00e1hnout bro\u017eury, tiskov\u00e9 a laboratorn\u00ed zpr\u00e1vy o v\u0161ech aspektech ACTIVE COATING, kter\u00e9 si m\u016f\u017eete st\u00e1hnout \u25b6 Z\u016fsta\u0148te v obraze!\",\"breadcrumb\":{\"@id\":\"https:\\\/\\\/active-coating.com\\\/cs\\\/download\\\/download-logos\\\/#breadcrumb\"},\"inLanguage\":\"cs-CZ\",\"potentialAction\":[{\"@type\":\"ReadAction\",\"target\":[\"https:\\\/\\\/active-coating.com\\\/cs\\\/download\\\/download-logos\\\/\"]}]},{\"@type\":\"ImageObject\",\"inLanguage\":\"cs-CZ\",\"@id\":\"https:\\\/\\\/active-coating.com\\\/cs\\\/download\\\/download-logos\\\/#primaryimage\",\"url\":\"https:\\\/\\\/active-coating.com\\\/wp-content\\\/uploads\\\/2020\\\/06\\\/download.jpg\",\"contentUrl\":\"https:\\\/\\\/active-coating.com\\\/wp-content\\\/uploads\\\/2020\\\/06\\\/download.jpg\",\"width\":3840,\"height\":2160},{\"@type\":\"BreadcrumbList\",\"@id\":\"https:\\\/\\\/active-coating.com\\\/cs\\\/download\\\/download-logos\\\/#breadcrumb\",\"itemListElement\":[{\"@type\":\"ListItem\",\"position\":1,\"name\":\"Startseite\",\"item\":\"https:\\\/\\\/active-coating.com\\\/cs\\\/uvod\\\/\"},{\"@type\":\"ListItem\",\"position\":2,\"name\":\"Download\",\"item\":\"https:\\\/\\\/active-coating.com\\\/cs\\\/download\\\/\"},{\"@type\":\"ListItem\",\"position\":3,\"name\":\"Download-Logos\"}]},{\"@type\":\"WebSite\",\"@id\":\"https:\\\/\\\/active-coating.com\\\/#website\",\"url\":\"https:\\\/\\\/active-coating.com\\\/\",\"name\":\"Active-Coating\",\"description\":\"Be pure inside\",\"publisher\":{\"@id\":\"https:\\\/\\\/active-coating.com\\\/#organization\"},\"potentialAction\":[{\"@type\":\"SearchAction\",\"target\":{\"@type\":\"EntryPoint\",\"urlTemplate\":\"https:\\\/\\\/active-coating.com\\\/?s={search_term_string}\"},\"query-input\":{\"@type\":\"PropertyValueSpecification\",\"valueRequired\":true,\"valueName\":\"search_term_string\"}}],\"inLanguage\":\"cs-CZ\"},{\"@type\":\"Organization\",\"@id\":\"https:\\\/\\\/active-coating.com\\\/#organization\",\"name\":\"Active Coating\",\"url\":\"https:\\\/\\\/active-coating.com\\\/\",\"logo\":{\"@type\":\"ImageObject\",\"inLanguage\":\"cs-CZ\",\"@id\":\"https:\\\/\\\/active-coating.com\\\/#\\\/schema\\\/logo\\\/image\\\/\",\"url\":\"\",\"contentUrl\":\"\",\"caption\":\"Active Coating\"},\"image\":{\"@id\":\"https:\\\/\\\/active-coating.com\\\/#\\\/schema\\\/logo\\\/image\\\/\"},\"sameAs\":[\"https:\\\/\\\/www.facebook.com\\\/activecoatingmursall\\\/\",\"https:\\\/\\\/www.instagram.com\\\/activecoating\",\"https:\\\/\\\/www.youtube.com\\\/channel\\\/UCwK25snGaIusJ7wdIrzJArg\"]}]}<\/script>","yoast_head_json":{"title":"Download-Logos - Active-Coating","description":"Zde si m\u016f\u017eete pohodln\u011b st\u00e1hnout bro\u017eury, tiskov\u00e9 a laboratorn\u00ed zpr\u00e1vy o v\u0161ech aspektech ACTIVE COATING, kter\u00e9 si m\u016f\u017eete st\u00e1hnout \u25b6 Z\u016fsta\u0148te v obraze!","robots":{"index":"index","follow":"follow","max-snippet":"max-snippet:-1","max-image-preview":"max-image-preview:large","max-video-preview":"max-video-preview:-1"},"canonical":"https:\/\/active-coating.com\/cs\/download\/download-logos\/","og_locale":"cs_CZ","og_type":"article","og_title":"Download-Logos - Active-Coating","og_description":"Zde si m\u016f\u017eete pohodln\u011b st\u00e1hnout bro\u017eury, tiskov\u00e9 a laboratorn\u00ed zpr\u00e1vy o v\u0161ech aspektech ACTIVE COATING, kter\u00e9 si m\u016f\u017eete st\u00e1hnout \u25b6 Z\u016fsta\u0148te v obraze!","og_url":"https:\/\/active-coating.com\/cs\/download\/download-logos\/","og_site_name":"Active-Coating","article_publisher":"https:\/\/www.facebook.com\/activecoatingmursall\/","article_modified_time":"2021-12-01T17:04:59+00:00","twitter_card":"summary_large_image","twitter_misc":{"Est. reading time":"4 minutes"},"schema":{"@context":"https:\/\/schema.org","@graph":[{"@type":"WebPage","@id":"https:\/\/active-coating.com\/cs\/download\/download-logos\/","url":"https:\/\/active-coating.com\/cs\/download\/download-logos\/","name":"Download-Logos - Active-Coating","isPartOf":{"@id":"https:\/\/active-coating.com\/#website"},"primaryImageOfPage":{"@id":"https:\/\/active-coating.com\/cs\/download\/download-logos\/#primaryimage"},"image":{"@id":"https:\/\/active-coating.com\/cs\/download\/download-logos\/#primaryimage"},"thumbnailUrl":"https:\/\/active-coating.com\/wp-content\/uploads\/2020\/06\/download.jpg","datePublished":"2021-12-01T17:04:57+00:00","dateModified":"2021-12-01T17:04:59+00:00","description":"Zde si m\u016f\u017eete pohodln\u011b st\u00e1hnout bro\u017eury, tiskov\u00e9 a laboratorn\u00ed zpr\u00e1vy o v\u0161ech aspektech ACTIVE COATING, kter\u00e9 si m\u016f\u017eete st\u00e1hnout \u25b6 Z\u016fsta\u0148te v obraze!","breadcrumb":{"@id":"https:\/\/active-coating.com\/cs\/download\/download-logos\/#breadcrumb"},"inLanguage":"cs-CZ","potentialAction":[{"@type":"ReadAction","target":["https:\/\/active-coating.com\/cs\/download\/download-logos\/"]}]},{"@type":"ImageObject","inLanguage":"cs-CZ","@id":"https:\/\/active-coating.com\/cs\/download\/download-logos\/#primaryimage","url":"https:\/\/active-coating.com\/wp-content\/uploads\/2020\/06\/download.jpg","contentUrl":"https:\/\/active-coating.com\/wp-content\/uploads\/2020\/06\/download.jpg","width":3840,"height":2160},{"@type":"BreadcrumbList","@id":"https:\/\/active-coating.com\/cs\/download\/download-logos\/#breadcrumb","itemListElement":[{"@type":"ListItem","position":1,"name":"Startseite","item":"https:\/\/active-coating.com\/cs\/uvod\/"},{"@type":"ListItem","position":2,"name":"Download","item":"https:\/\/active-coating.com\/cs\/download\/"},{"@type":"ListItem","position":3,"name":"Download-Logos"}]},{"@type":"WebSite","@id":"https:\/\/active-coating.com\/#website","url":"https:\/\/active-coating.com\/","name":"Active-Coating","description":"Be pure inside","publisher":{"@id":"https:\/\/active-coating.com\/#organization"},"potentialAction":[{"@type":"SearchAction","target":{"@type":"EntryPoint","urlTemplate":"https:\/\/active-coating.com\/?s={search_term_string}"},"query-input":{"@type":"PropertyValueSpecification","valueRequired":true,"valueName":"search_term_string"}}],"inLanguage":"cs-CZ"},{"@type":"Organization","@id":"https:\/\/active-coating.com\/#organization","name":"Active Coating","url":"https:\/\/active-coating.com\/","logo":{"@type":"ImageObject","inLanguage":"cs-CZ","@id":"https:\/\/active-coating.com\/#\/schema\/logo\/image\/","url":"","contentUrl":"","caption":"Active Coating"},"image":{"@id":"https:\/\/active-coating.com\/#\/schema\/logo\/image\/"},"sameAs":["https:\/\/www.facebook.com\/activecoatingmursall\/","https:\/\/www.instagram.com\/activecoating","https:\/\/www.youtube.com\/channel\/UCwK25snGaIusJ7wdIrzJArg"]}]}},"_links":{"self":[{"href":"https:\/\/active-coating.com\/cs\/wp-json\/wp\/v2\/pages\/8814","targetHints":{"allow":["GET"]}}],"collection":[{"href":"https:\/\/active-coating.com\/cs\/wp-json\/wp\/v2\/pages"}],"about":[{"href":"https:\/\/active-coating.com\/cs\/wp-json\/wp\/v2\/types\/page"}],"author":[{"embeddable":true,"href":"https:\/\/active-coating.com\/cs\/wp-json\/wp\/v2\/users\/1"}],"replies":[{"embeddable":true,"href":"https:\/\/active-coating.com\/cs\/wp-json\/wp\/v2\/comments?post=8814"}],"version-history":[{"count":5,"href":"https:\/\/active-coating.com\/cs\/wp-json\/wp\/v2\/pages\/8814\/revisions"}],"predecessor-version":[{"id":10252,"href":"https:\/\/active-coating.com\/cs\/wp-json\/wp\/v2\/pages\/8814\/revisions\/10252"}],"up":[{"embeddable":true,"href":"https:\/\/active-coating.com\/cs\/wp-json\/wp\/v2\/pages\/7800"}],"wp:featuredmedia":[{"embeddable":true,"href":"https:\/\/active-coating.com\/cs\/wp-json\/wp\/v2\/media\/7801"}],"wp:attachment":[{"href":"https:\/\/active-coating.com\/cs\/wp-json\/wp\/v2\/media?parent=8814"}],"curies":[{"name":"wp","href":"https:\/\/api.w.org\/{rel}","templated":true}]}}