{"id":8505,"date":"2021-03-07T21:53:24","date_gmt":"2021-03-07T20:53:24","guid":{"rendered":"http:\/\/active-coating.com\/?page_id=8505"},"modified":"2021-03-07T22:00:52","modified_gmt":"2021-03-07T21:00:52","slug":"mobilita","status":"publish","type":"page","link":"https:\/\/active-coating.com\/cs\/oblasti-pouziti\/mobilita\/","title":{"rendered":"Mobilita"},"content":{"rendered":"<section class=\"l-section wpb_row height_medium\"><div class=\"l-section-h i-cf\"><div class=\"g-cols vc_row via_flex valign_top type_default stacking_default\"><div class=\"vc_col-sm-12 wpb_column vc_column_container\"><div class=\"vc_column-inner\"><div class=\"wpb_wrapper\"><div class=\"g-cols wpb_row via_flex valign_top type_default stacking_default\"><div class=\"vc_col-sm-12 wpb_column vc_column_container\"><div class=\"vc_column-inner\"><div class=\"wpb_wrapper\"><div class=\"wpb_text_column\"><div class=\"wpb_wrapper\"><h2>Mobilita s men\u0161\u00edm zne\u010di\u0161t\u011bn\u00edm vzduchu:<\/h2>\n<\/div><\/div><div class=\"wpb_text_column\"><div class=\"wpb_wrapper\"><h1>P\u0159\u00edjemn\u011b na cest\u00e1ch s\u00a0<strong><span style=\"font-family: ac-font-regular-300; color: #006169;\">PURb<\/span><span style=\"font-family: ac-font-regular-300; color: #0076bd;\">cAIR<\/span><\/strong><\/h1>\n<\/div><\/div><div class=\"w-separator size_medium\"><\/div><\/div><\/div><\/div><\/div><div class=\"g-cols wpb_row via_flex valign_top type_default stacking_default\"><div class=\"vc_col-sm-12 wpb_column vc_column_container\"><div class=\"vc_column-inner\"><div class=\"wpb_wrapper\"><div class=\"w-image align_none\"><div class=\"w-image-h\"><img decoding=\"async\" width=\"1015\" height=\"683\" src=\"https:\/\/active-coating.com\/wp-content\/uploads\/2020\/05\/AdobeStock_45485141.jpeg\" class=\"attachment-large size-large\" alt=\"\" loading=\"lazy\" \/><\/div><\/div><div class=\"w-separator size_medium\"><\/div><div class=\"wpb_text_column\"><div class=\"wpb_wrapper\"><div>\n<p>Ultrajemn\u00fd prach &#8211; to jsou \u010d\u00e1stice, kter\u00e9 jsou zhruba tak \u0161irok\u00e9 jako tis\u00edcina lidsk\u00e9ho vlasu. Ale v mal\u00fdch \u010d\u00e1stic\u00edch \u010d\u00edh\u00e1 velk\u00e9 nebezpe\u010d\u00ed. Podle n\u011bmeck\u00e9 Spolkov\u00e9 agentury pro \u017eivotn\u00ed prost\u0159ed\u00ed neexistuje \u017e\u00e1dn\u00e1 koncentrace jemn\u00e9ho prachu, pod kterou nelze o\u010dek\u00e1vat \u017e\u00e1dn\u00e9 \u0161kodliv\u00e9 \u00fa\u010dinky na zdrav\u00ed. Na t\u011blo maj\u00ed vliv zejm\u00e9na dlouhodob\u00e9 &#8211; i ty nejmen\u0161\u00ed &#8211; koncentrace mikro\u010d\u00e1stic. Hlavn\u00edm zdrojem jemn\u00e9ho a ultrajemn\u00e9ho prachu je st\u00e1le provoz vozidel. Provoz vozidel je obzvl\u00e1\u0161t\u011b velmi frekventovan\u00fd ve velk\u00fdch m\u011bstech a i pr\u016fmysl hraje d\u016fle\u017eitou roli z hlediska zne\u010di\u0161t\u011bn\u00ed vzduchu. Mimo jin\u00e9 bylo zji\u0161t\u011bno, \u017ee modern\u00ed uheln\u00e9 elektr\u00e1rny tvo\u0159\u00ed ultrajemn\u00fd prach, kter\u00fd je vyfukov\u00e1n do vzduchu asi 300 metr\u016f a pot\u00e9 se \u0161\u00ed\u0159\u00ed n\u011bkolik stovek kilometr\u016f. Cestou do pr\u00e1ce, do \u0161koly nebo na dovolenou se lid\u00e9 pohybuj\u00ed po cel\u00e9 zemi a d\u00fdchaj\u00ed tento zne\u010di\u0161t\u011bn\u00fd vzduch, jeho\u017e nespo\u010detn\u00e9 \u010d\u00e1stice se dost\u00e1vaj\u00ed do krevn\u00edho ob\u011bhu. Je \u010das zm\u011bnit odv\u011btv\u00ed mobility na inovativn\u00ed syst\u00e9m \u010di\u0161t\u011bn\u00ed vzduchu:\u00a0<span style=\"font-family: ac-font-regular-300; color: #006169;\">PURb<\/span><span style=\"font-family: ac-font-regular-300; color: #0076bd;\">cAIR<\/span><\/p>\n<p>.<\/p>\n<div>\n<p><strong>Vytv\u00e1\u0159en\u00ed zdrav\u00e9ho vzduchu uvnit\u0159 vozidla.<\/strong><\/p>\n<div>\n<p>Ka\u017ed\u00fd, kdo \u0159\u00edd\u00ed auto, p\u0159ijde sou\u010dasn\u011b do styku s ultrajemn\u00fdmi prachov\u00fdmi \u010d\u00e1sticemi. Obecn\u011b lze rozli\u0161ovat mezi \u010d\u00e1sticemi o pr\u016fm\u011bru 10 mikrometr\u016f (jedna desetina miliontiny metru) a m\u00e9n\u011b = PM10, \u010d\u00e1sticemi s maxim\u00e1ln\u011b 2,5 mikrometry = PM2,5 a takzvan\u00fdm ultrajemn\u00fdm prachem o velikosti pod jeden mikrometr. A\u010dkoli v\u011bt\u0161ina odborn\u00edk\u016f na \u017eivotn\u00ed prost\u0159ed\u00ed pova\u017euje ultra jemn\u00fd prach za nej\u0161kodliv\u011bj\u0161\u00ed formu t\u011bchto drobn\u00fdch \u010d\u00e1stic, je o n\u011bm mnohem m\u00e9n\u011b \u00fadaj\u016f o m\u011b\u0159en\u00ed ne\u017e u PM10 a PM2,5. Aby bylo mo\u017en\u00e9 br\u00e1t zne\u010di\u0161t\u011bn\u00ed zp\u016fsoben\u00e9 mal\u00fdmi \u010d\u00e1sticemi v\u00e1\u017en\u011b, byl s automobilov\u00fdm pr\u016fmyslem proveden v\u00fdzkum projektu \u010dist\u00e9ho vzduchu v interi\u00e9rech vozidel. \u0158e\u0161en\u00ed od <span style=\"font-family: ac-font-regular-300; color: #006169;\">PURb<\/span><span style=\"font-family: ac-font-regular-300; color: #0076bd;\">cAIR<\/span>\u00a0je n\u00e1t\u011brov\u00fd syst\u00e9m na sklen\u011bn\u00e9 povrchy, kter\u00fd \u010dist\u00ed vzduch od ultrajemn\u00fdch prachov\u00fdch \u010d\u00e1stic bez pot\u0159eby energie &#8211; na rozd\u00edl od p\u0159edchoz\u00edch filtr\u016f, kter\u00e9 nejen spot\u0159ebov\u00e1vaj\u00ed energii, ale tak\u00e9 vy\u017eaduj\u00ed n\u00e1klady na \u00fadr\u017ebu. Inovativn\u00ed syst\u00e9m nav\u00edc podporuje cirkulaci vzduchu a sni\u017euje emise. Aplikace na \u010deln\u00ed sklo automobilu je zcela dosta\u010duj\u00edc\u00ed. To plat\u00ed i pro sportovn\u00ed a z\u00e1vodn\u00ed vozy. Vy\u010di\u0161t\u011bn\u00fd d\u00fdchac\u00ed vzduch umo\u017e\u0148uje \u0159idi\u010di nejen cestovat v maxim\u00e1ln\u00edm pohodl\u00ed, ale tak\u00e9 zvy\u0161uje du\u0161evn\u00ed v\u00fdkon<\/p>\n<div>\n<p><strong>Pou\u017e\u00edvejte ve\u0159ejnou dopravu s dobr\u00fdm pocitem.<\/strong><\/p>\n<div>\n<p>Ka\u017ed\u00fd, kdo je r\u00e1no v autobuse nebo ve vlaku konfrontov\u00e1n s nachlazen\u00fdmi lidmi, v\u00fddechy, cigaretov\u00fdm z\u00e1pachem a vlhkou srst\u00ed psa, se zdr\u00e1h\u00e1 dovnit\u0159 nastoupit. Atmosf\u00e9ru v oblasti ve\u0159ejn\u00e9 mobility v\u0161ak lze drasticky zlep\u0161it. Pokro\u010dil\u00e9 dopravn\u00ed prost\u0159edky se spol\u00e9haj\u00ed na fotokatalytick\u00fd princip <span style=\"font-family: ac-font-regular-300; color: #006169;\">PURb<\/span><span style=\"font-family: ac-font-regular-300; color: #0076bd;\">cAIR<\/span>. Pou\u017eit\u00ed oza\u0159ov\u00e1n\u00ed um\u011bl\u00fdm nebo p\u0159irozen\u00fdm sv\u011btlem prosp\u00edv\u00e1 nejen zdrav\u00ed, ale tak\u00e9 pohod\u011b cestuj\u00edc\u00edch. Bakterie a viry jsou \u00fa\u010dinn\u011b ni\u010deny. To ocen\u00ed cestuj\u00edc\u00ed, rodiny nebo lid\u00e9 se sn\u00ed\u017eenou imunitou &#8211; zkr\u00e1tka v\u0161ichni. Z nov\u00e9 technologie t\u011b\u017e\u00ed v\u0161echny typy ve\u0159ejn\u00e9 dopravy &#8211; a\u0165 u\u017e je to metro, tramvaj, vlak, nebo lo\u010f. Stru\u010dn\u011b \u0159e\u010deno: ka\u017ed\u00e9 vozidlo s oknem, na kter\u00e9 lze aplikovat vysoce \u00fa\u010dinnou neviditelnou ochrannou vrstvu. Vy\u010di\u0161t\u011bn\u00fd vzduch je tak\u00e9 mimo\u0159\u00e1dn\u011b u\u017eite\u010dn\u00fd pro autobusy, ve kter\u00fdch jsou lid\u00e9 obvykle dlouhodob\u011b omezeni prostorem<\/p>\n<div>\n<p><strong><span lang=\"EN-US\">Rozlu\u010dte se s alergiemi a \u00fanavou.<\/span><\/strong><\/p>\n<div>\n<p><span lang=\"EN-US\">A\u0165 u\u017e v soukrom\u00e9m aut\u011b nebo v tramvaji, ultrajemn\u00fd prach zne\u010di\u0161\u0165uje vzduch, kter\u00fd d\u00fdch\u00e1me a m\u016f\u017ee v\u00fdrazn\u011b sn\u00ed\u017eit kvalitu \u017eivota cestuj\u00edc\u00edch. Alergeny z pylu, pl\u00edsn\u00ed atd. zat\u011b\u017euj\u00ed imunitn\u00ed syst\u00e9m cestuj\u00edc\u00edch. \u00a0Skute\u010dnost, \u017ee \u010dist\u00fd vzduch podporuje sv\u011b\u017e\u00ed mysl, potvrdila mimo jin\u00e9 zkou\u0161ka s d\u011btmi hraj\u00edc\u00edmi \u0161achy. Pozornost \u0159idi\u010d\u016f autobus\u016f nebo bd\u011blost p\u0159i dlouh\u00fdch cest\u00e1m autem je k nezaplacen\u00ed. D\u00edky okenn\u00edm tabul\u00edm, kter\u00e9 jsou jednodu\u0161e upraven\u00e9 s <span style=\"font-family: ac-font-regular-300; color: #006169;\">PURb<\/span><span style=\"font-family: ac-font-regular-300; color: #0076bd;\">cAIR<\/span>, m\u00e1 vzduch v dopravn\u00edch prost\u0159edc\u00edch naprosto vylep\u0161enou kvalitu<\/span><\/p>\n<div><\/div>\n<\/div>\n<\/div>\n<\/div>\n<\/div>\n<\/div>\n<\/div>\n<p>&nbsp;<\/p>\n<\/div>\n<\/div><\/div><\/div><\/div><\/div><\/div><div class=\"w-separator size_small\"><\/div><div class=\"wpb_text_column\"><div class=\"wpb_wrapper\"><h3><strong>V\u00fdhody uvnit\u0159 vozidl<\/strong><\/h3>\n<div>\n<p><span style=\"font-family: ac-font-regular-300; color: #006169;\">PURb<\/span><span style=\"font-family: ac-font-regular-300; color: #0076bd;\">cAIR<\/span>\u00a0zlep\u0161uje kvalitu vzduchu v interi\u00e9ru vozidla. Chcete d\u00fdchat \u00a0lep\u0161\u00ed a zdrav\u00fd vzduch \u00a0na cest\u00e1ch? Zbo\u017en\u00e9 p\u0159\u00e1n\u00ed se st\u00e1v\u00e1 realitou!<\/p>\n<\/div>\n<div>\n<p>PURbcAIR \u00a0p\u0159itahuje a zne\u0161kod\u0148uje \u010d\u00e1stice r\u016fzn\u00e9ho slo\u017een\u00ed, v\u010detn\u011b bakteri\u00ed a vir\u016f. N\u00e1\u0161 syst\u00e9m tak\u00e9 \u00fa\u010dinn\u011b likviduje plyny, co\u017e je zvl\u00e1\u0161t\u011b d\u016fle\u017eit\u00e9 u nov\u00fdch vozidel. D\u00edky preventivn\u00edmu \u00fa\u010dinku <span style=\"font-family: ac-font-regular-300; color: #006169;\">PURb<\/span><span style=\"font-family: ac-font-regular-300; color: #0076bd;\">cAIR<\/span><span class=\"apple-converted-space\">\u00a0<\/span>proti chorob\u00e1m, jsou trvale chr\u00e1n\u011bny d\u00fdchac\u00ed cesty a kardiovaskul\u00e1rn\u00ed syst\u00e9m.<\/p>\n<\/div>\n<div>\n<p><strong>V m\u011bstsk\u00e9m provozu<\/strong><\/p>\n<p>Vzduch ve m\u011bstech, zejm\u00e9na v dopravn\u00edch z\u00e1cp\u00e1ch, je siln\u011b zne\u010di\u0161t\u011bn jemn\u00fdmi a ultrajemn\u00fdmi prachov\u00fdmi \u010d\u00e1sticemi, a je proto velmi nebezpe\u010dn\u00fd pro zdrav\u00ed. B\u011bhem j\u00edzdy je vzduch veden p\u0159es \u010deln\u00ed sklo a \u010di\u0161t\u011bn. Proces fotokatal\u00fdzy umo\u017e\u0148uje rozlo\u017eit ulp\u00edvaj\u00edc\u00ed \u010d\u00e1stice a t\u00edm je \u00fapln\u011b rozpustit. \u017d\u00e1dn\u00fd z p\u0159edinstalovan\u00fdch filtr\u016f v automobilu nen\u00ed schopen odfiltrovat takov\u00e9 mal\u00e9 \u010d\u00e1stice o velikosti od 1 do 350 nanometr\u016f<\/p>\n<div>\n<div>\n<div>\n<div>\n<div>\n<div>\n<div>\n<p><strong>V p\u0159\u00edrod\u011b<\/strong><\/p>\n<\/div>\n<div>\n<p><span style=\"font-family: ac-font-regular-300; color: #006169;\">PURb<\/span><span style=\"font-family: ac-font-regular-300; color: #0076bd;\">cAIR<\/span> tak\u00e9 \u010dist\u00ed vzduch p\u0159i j\u00edzd\u011b v p\u0159\u00edrod\u011b. \u00da\u010dinek je obzvl\u00e1\u0161t\u011b p\u0159\u00edjemn\u00fd pro alergiky, kte\u0159\u00ed trp\u00ed siln\u00fdmi obrann\u00fdmi reakcemi proti nejmen\u0161\u00edm l\u00e1tk\u00e1m v p\u0159\u00edrod\u011b. Uvol\u0148uje se nespo\u010det alergen\u016f, zejm\u00e9na b\u011bhem kveten\u00ed &#8211; <span style=\"font-family: ac-font-regular-300; color: #006169;\">PURb<\/span><span style=\"font-family: ac-font-regular-300; color: #0076bd;\">cAIR<\/span>\u00a0v\u00e1\u017ee tyto \u010d\u00e1stice na \u010deln\u00ed sklo a p\u0159ev\u00e1d\u00ed je na H2O a CO2<\/p>\n<div>\n<p><strong>P\u0159i parkov\u00e1n\u00ed<\/strong><\/p>\n<\/div>\n<div>\n<p>Bez ohledu na kvalitu vzduchu a m\u00edsto, kde zaparkujete &#8230; <span style=\"font-family: ac-font-regular-300; color: #006169;\">PURb<\/span><span style=\"font-family: ac-font-regular-300; color: #0076bd;\">cAIR<\/span>\u00a0\u010dist\u00ed vzduch ve va\u0161em interi\u00e9ru 24 hodin denn\u011b, 7 dn\u00ed v t\u00fddnu. Kdy\u017e nakupujete nebo cvi\u010d\u00edte v t\u011blocvi\u010dn\u011b, <span style=\"font-family: ac-font-regular-300; color: #006169;\">PURb<\/span><span style=\"font-family: ac-font-regular-300; color: #0076bd;\">cAIR<\/span>\u00a0d\u011bl\u00e1 skv\u011blou pr\u00e1ci bez pomoci. Povlakov\u00fd syst\u00e9m \u010dist\u00ed vzduch uvnit\u0159 vozidla bez ztr\u00e1ty energie. Krom\u011b toho tato technologie boduje se zpomalen\u00edm \u00fa\u010dink\u016f zne\u010di\u0161t\u011bn\u00ed. K nep\u0159\u00edjemn\u00fdm usazenin\u00e1m na \u010deln\u00edm skle ve form\u011b mastnoty a zne\u010di\u0161t\u011bn\u00ed z ventila\u010dn\u00edho syst\u00e9mu ji\u017e t\u00e9m\u011b\u0159 nedoch\u00e1z\u00ed<\/p>\n<p><strong>Pro ku\u0159\u00e1ky<\/strong><\/p>\n<p>Nespo\u010det jemn\u00fdch a ultrajemn\u00fdch prachov\u00fdch \u010d\u00e1stic se uvol\u0148uje, zejm\u00e9na p\u0159i kou\u0159en\u00ed. M\u011b\u0159en\u00ed vy\u00fastila v hodnoty v\u00edce ne\u017e 1 milion \u010d\u00e1stic na cm3 vzduchu. D\u00edky vrstv\u011b <span style=\"font-family: ac-font-regular-300; color: #006169;\">PURb<\/span><span style=\"font-family: ac-font-regular-300; color: #0076bd;\">cAIR<\/span>\u00a0je v\u0161ak po\u010det t\u011bchto mal\u00fdch \u010d\u00e1stic drasticky sn\u00ed\u017een. D\u00fdchac\u00ed cesty se uvoln\u00ed p\u0159i ka\u017ed\u00e9m dechu a kardiovaskul\u00e1rn\u00ed syst\u00e9m je chr\u00e1n\u011bn. Obt\u011b\u017eov\u00e1n\u00ed z\u00e1pachu je tak\u00e9 v\u00fdznamn\u011b oslabeno rozpadem \u010d\u00e1stic a plyn\u016f. V\u016fn\u011b cigaret je trvale sn\u00ed\u017eena, zejm\u00e9na p\u0159i parkov\u00e1n\u00ed, tak\u017ee vzduch, kter\u00fd d\u00fdch\u00e1te, von\u00ed mnohem sv\u011b\u017eeji. Po\u017eitek pro v\u0161echny cestuj\u00edc\u00ed.<\/p>\n<\/div>\n<\/div>\n<\/div>\n<\/div>\n<\/div>\n<\/div>\n<\/div>\n<\/div>\n<p>&nbsp;<\/p>\n<\/div>\n<\/div><\/div><\/div><\/div><\/div><\/div><\/div><\/section>\n","protected":false},"excerpt":{"rendered":"Mobilita s men\u0161\u00edm zne\u010di\u0161t\u011bn\u00edm vzduchu: P\u0159\u00edjemn\u011b na cest\u00e1ch s\u00a0PURbcAIR Ultrajemn\u00fd prach &#8211; to jsou \u010d\u00e1stice, kter\u00e9 jsou zhruba tak \u0161irok\u00e9 jako tis\u00edcina lidsk\u00e9ho vlasu. Ale v mal\u00fdch \u010d\u00e1stic\u00edch \u010d\u00edh\u00e1 velk\u00e9...","protected":false},"author":1,"featured_media":0,"parent":8351,"menu_order":4,"comment_status":"closed","ping_status":"closed","template":"","meta":{"_price":"","_stock":"","_tribe_ticket_header":"","_tribe_default_ticket_provider":"","_tribe_ticket_capacity":"0","_ticket_start_date":"","_ticket_end_date":"","_tribe_ticket_show_description":"","_tribe_ticket_show_not_going":false,"_tribe_ticket_use_global_stock":"","_tribe_ticket_global_stock_level":"","_global_stock_mode":"","_global_stock_cap":"","_tribe_rsvp_for_event":"","_tribe_ticket_going_count":"","_tribe_ticket_not_going_count":"","_tribe_tickets_list":"[]","_tribe_ticket_has_attendee_info_fields":false,"footnotes":""},"class_list":["post-8505","page","type-page","status-publish","hentry"],"yoast_head":"<title>Mobilita s men\u0161\u00edm zne\u010di\u0161t\u011bn\u00edm vzduchu | ACTIVE COATING<\/title>\n<meta name=\"description\" content=\"Vytv\u00e1\u0159ejte uvnit\u0159 vozidla zdrav\u00fd vzduch pomoc\u00ed PURE AIR \u2713 Proti ultrajemn\u00e9mu prachu \u2713 Nevy\u017eaduje \u017e\u00e1dnou dal\u0161\u00ed energii \u25b6 Zjist\u011bte v\u00edce zde!\" \/>\n<meta name=\"robots\" content=\"index, follow, max-snippet:-1, max-image-preview:large, max-video-preview:-1\" \/>\n<link rel=\"canonical\" href=\"https:\/\/active-coating.com\/cs\/oblasti-pouziti\/mobilita\/\" \/>\n<meta property=\"og:locale\" content=\"cs_CZ\" \/>\n<meta property=\"og:type\" content=\"article\" \/>\n<meta property=\"og:title\" content=\"Mobilita s men\u0161\u00edm zne\u010di\u0161t\u011bn\u00edm vzduchu | ACTIVE COATING\" \/>\n<meta property=\"og:description\" content=\"Vytv\u00e1\u0159ejte uvnit\u0159 vozidla zdrav\u00fd vzduch pomoc\u00ed PURE AIR \u2713 Proti ultrajemn\u00e9mu prachu \u2713 Nevy\u017eaduje \u017e\u00e1dnou dal\u0161\u00ed energii \u25b6 Zjist\u011bte v\u00edce zde!\" \/>\n<meta property=\"og:url\" content=\"https:\/\/active-coating.com\/cs\/oblasti-pouziti\/mobilita\/\" \/>\n<meta property=\"og:site_name\" content=\"Active-Coating\" \/>\n<meta property=\"article:publisher\" content=\"https:\/\/www.facebook.com\/activecoatingmursall\/\" \/>\n<meta property=\"article:modified_time\" content=\"2021-03-07T21:00:52+00:00\" \/>\n<meta name=\"twitter:card\" content=\"summary_large_image\" \/>\n<meta name=\"twitter:label1\" content=\"Est. reading time\" \/>\n\t<meta name=\"twitter:data1\" content=\"4 minutes\" \/>\n<script type=\"application\/ld+json\" class=\"yoast-schema-graph\">{\"@context\":\"https:\\\/\\\/schema.org\",\"@graph\":[{\"@type\":\"WebPage\",\"@id\":\"https:\\\/\\\/active-coating.com\\\/cs\\\/oblasti-pouziti\\\/mobilita\\\/\",\"url\":\"https:\\\/\\\/active-coating.com\\\/cs\\\/oblasti-pouziti\\\/mobilita\\\/\",\"name\":\"Mobilita s men\u0161\u00edm zne\u010di\u0161t\u011bn\u00edm vzduchu | ACTIVE COATING\",\"isPartOf\":{\"@id\":\"https:\\\/\\\/active-coating.com\\\/#website\"},\"datePublished\":\"2021-03-07T20:53:24+00:00\",\"dateModified\":\"2021-03-07T21:00:52+00:00\",\"description\":\"Vytv\u00e1\u0159ejte uvnit\u0159 vozidla zdrav\u00fd vzduch pomoc\u00ed PURE AIR \u2713 Proti ultrajemn\u00e9mu prachu \u2713 Nevy\u017eaduje \u017e\u00e1dnou dal\u0161\u00ed energii \u25b6 Zjist\u011bte v\u00edce zde!\",\"breadcrumb\":{\"@id\":\"https:\\\/\\\/active-coating.com\\\/cs\\\/oblasti-pouziti\\\/mobilita\\\/#breadcrumb\"},\"inLanguage\":\"cs-CZ\",\"potentialAction\":[{\"@type\":\"ReadAction\",\"target\":[\"https:\\\/\\\/active-coating.com\\\/cs\\\/oblasti-pouziti\\\/mobilita\\\/\"]}]},{\"@type\":\"BreadcrumbList\",\"@id\":\"https:\\\/\\\/active-coating.com\\\/cs\\\/oblasti-pouziti\\\/mobilita\\\/#breadcrumb\",\"itemListElement\":[{\"@type\":\"ListItem\",\"position\":1,\"name\":\"Startseite\",\"item\":\"https:\\\/\\\/active-coating.com\\\/cs\\\/uvod\\\/\"},{\"@type\":\"ListItem\",\"position\":2,\"name\":\"Oblasti pou\u017eit\u00ed\",\"item\":\"https:\\\/\\\/active-coating.com\\\/cs\\\/oblasti-pouziti\\\/\"},{\"@type\":\"ListItem\",\"position\":3,\"name\":\"Mobilita\"}]},{\"@type\":\"WebSite\",\"@id\":\"https:\\\/\\\/active-coating.com\\\/#website\",\"url\":\"https:\\\/\\\/active-coating.com\\\/\",\"name\":\"Active-Coating\",\"description\":\"Be pure inside\",\"publisher\":{\"@id\":\"https:\\\/\\\/active-coating.com\\\/#organization\"},\"potentialAction\":[{\"@type\":\"SearchAction\",\"target\":{\"@type\":\"EntryPoint\",\"urlTemplate\":\"https:\\\/\\\/active-coating.com\\\/?s={search_term_string}\"},\"query-input\":{\"@type\":\"PropertyValueSpecification\",\"valueRequired\":true,\"valueName\":\"search_term_string\"}}],\"inLanguage\":\"cs-CZ\"},{\"@type\":\"Organization\",\"@id\":\"https:\\\/\\\/active-coating.com\\\/#organization\",\"name\":\"Active Coating\",\"url\":\"https:\\\/\\\/active-coating.com\\\/\",\"logo\":{\"@type\":\"ImageObject\",\"inLanguage\":\"cs-CZ\",\"@id\":\"https:\\\/\\\/active-coating.com\\\/#\\\/schema\\\/logo\\\/image\\\/\",\"url\":\"\",\"contentUrl\":\"\",\"caption\":\"Active Coating\"},\"image\":{\"@id\":\"https:\\\/\\\/active-coating.com\\\/#\\\/schema\\\/logo\\\/image\\\/\"},\"sameAs\":[\"https:\\\/\\\/www.facebook.com\\\/activecoatingmursall\\\/\",\"https:\\\/\\\/www.instagram.com\\\/activecoating\",\"https:\\\/\\\/www.youtube.com\\\/channel\\\/UCwK25snGaIusJ7wdIrzJArg\"]}]}<\/script>","yoast_head_json":{"title":"Mobilita s men\u0161\u00edm zne\u010di\u0161t\u011bn\u00edm vzduchu | ACTIVE COATING","description":"Vytv\u00e1\u0159ejte uvnit\u0159 vozidla zdrav\u00fd vzduch pomoc\u00ed PURE AIR \u2713 Proti ultrajemn\u00e9mu prachu \u2713 Nevy\u017eaduje \u017e\u00e1dnou dal\u0161\u00ed energii \u25b6 Zjist\u011bte v\u00edce zde!","robots":{"index":"index","follow":"follow","max-snippet":"max-snippet:-1","max-image-preview":"max-image-preview:large","max-video-preview":"max-video-preview:-1"},"canonical":"https:\/\/active-coating.com\/cs\/oblasti-pouziti\/mobilita\/","og_locale":"cs_CZ","og_type":"article","og_title":"Mobilita s men\u0161\u00edm zne\u010di\u0161t\u011bn\u00edm vzduchu | ACTIVE COATING","og_description":"Vytv\u00e1\u0159ejte uvnit\u0159 vozidla zdrav\u00fd vzduch pomoc\u00ed PURE AIR \u2713 Proti ultrajemn\u00e9mu prachu \u2713 Nevy\u017eaduje \u017e\u00e1dnou dal\u0161\u00ed energii \u25b6 Zjist\u011bte v\u00edce zde!","og_url":"https:\/\/active-coating.com\/cs\/oblasti-pouziti\/mobilita\/","og_site_name":"Active-Coating","article_publisher":"https:\/\/www.facebook.com\/activecoatingmursall\/","article_modified_time":"2021-03-07T21:00:52+00:00","twitter_card":"summary_large_image","twitter_misc":{"Est. reading time":"4 minutes"},"schema":{"@context":"https:\/\/schema.org","@graph":[{"@type":"WebPage","@id":"https:\/\/active-coating.com\/cs\/oblasti-pouziti\/mobilita\/","url":"https:\/\/active-coating.com\/cs\/oblasti-pouziti\/mobilita\/","name":"Mobilita s men\u0161\u00edm zne\u010di\u0161t\u011bn\u00edm vzduchu | ACTIVE COATING","isPartOf":{"@id":"https:\/\/active-coating.com\/#website"},"datePublished":"2021-03-07T20:53:24+00:00","dateModified":"2021-03-07T21:00:52+00:00","description":"Vytv\u00e1\u0159ejte uvnit\u0159 vozidla zdrav\u00fd vzduch pomoc\u00ed PURE AIR \u2713 Proti ultrajemn\u00e9mu prachu \u2713 Nevy\u017eaduje \u017e\u00e1dnou dal\u0161\u00ed energii \u25b6 Zjist\u011bte v\u00edce zde!","breadcrumb":{"@id":"https:\/\/active-coating.com\/cs\/oblasti-pouziti\/mobilita\/#breadcrumb"},"inLanguage":"cs-CZ","potentialAction":[{"@type":"ReadAction","target":["https:\/\/active-coating.com\/cs\/oblasti-pouziti\/mobilita\/"]}]},{"@type":"BreadcrumbList","@id":"https:\/\/active-coating.com\/cs\/oblasti-pouziti\/mobilita\/#breadcrumb","itemListElement":[{"@type":"ListItem","position":1,"name":"Startseite","item":"https:\/\/active-coating.com\/cs\/uvod\/"},{"@type":"ListItem","position":2,"name":"Oblasti pou\u017eit\u00ed","item":"https:\/\/active-coating.com\/cs\/oblasti-pouziti\/"},{"@type":"ListItem","position":3,"name":"Mobilita"}]},{"@type":"WebSite","@id":"https:\/\/active-coating.com\/#website","url":"https:\/\/active-coating.com\/","name":"Active-Coating","description":"Be pure inside","publisher":{"@id":"https:\/\/active-coating.com\/#organization"},"potentialAction":[{"@type":"SearchAction","target":{"@type":"EntryPoint","urlTemplate":"https:\/\/active-coating.com\/?s={search_term_string}"},"query-input":{"@type":"PropertyValueSpecification","valueRequired":true,"valueName":"search_term_string"}}],"inLanguage":"cs-CZ"},{"@type":"Organization","@id":"https:\/\/active-coating.com\/#organization","name":"Active Coating","url":"https:\/\/active-coating.com\/","logo":{"@type":"ImageObject","inLanguage":"cs-CZ","@id":"https:\/\/active-coating.com\/#\/schema\/logo\/image\/","url":"","contentUrl":"","caption":"Active Coating"},"image":{"@id":"https:\/\/active-coating.com\/#\/schema\/logo\/image\/"},"sameAs":["https:\/\/www.facebook.com\/activecoatingmursall\/","https:\/\/www.instagram.com\/activecoating","https:\/\/www.youtube.com\/channel\/UCwK25snGaIusJ7wdIrzJArg"]}]}},"_links":{"self":[{"href":"https:\/\/active-coating.com\/cs\/wp-json\/wp\/v2\/pages\/8505","targetHints":{"allow":["GET"]}}],"collection":[{"href":"https:\/\/active-coating.com\/cs\/wp-json\/wp\/v2\/pages"}],"about":[{"href":"https:\/\/active-coating.com\/cs\/wp-json\/wp\/v2\/types\/page"}],"author":[{"embeddable":true,"href":"https:\/\/active-coating.com\/cs\/wp-json\/wp\/v2\/users\/1"}],"replies":[{"embeddable":true,"href":"https:\/\/active-coating.com\/cs\/wp-json\/wp\/v2\/comments?post=8505"}],"version-history":[{"count":9,"href":"https:\/\/active-coating.com\/cs\/wp-json\/wp\/v2\/pages\/8505\/revisions"}],"predecessor-version":[{"id":8538,"href":"https:\/\/active-coating.com\/cs\/wp-json\/wp\/v2\/pages\/8505\/revisions\/8538"}],"up":[{"embeddable":true,"href":"https:\/\/active-coating.com\/cs\/wp-json\/wp\/v2\/pages\/8351"}],"wp:attachment":[{"href":"https:\/\/active-coating.com\/cs\/wp-json\/wp\/v2\/media?parent=8505"}],"curies":[{"name":"wp","href":"https:\/\/api.w.org\/{rel}","templated":true}]}}