{"id":8496,"date":"2021-03-07T22:09:27","date_gmt":"2021-03-07T21:09:27","guid":{"rendered":"http:\/\/active-coating.com\/?page_id=8496"},"modified":"2021-07-19T11:43:26","modified_gmt":"2021-07-19T09:43:26","slug":"sport","status":"publish","type":"page","link":"https:\/\/active-coating.com\/cs\/oblasti-pouziti\/sport\/","title":{"rendered":"Sport"},"content":{"rendered":"<section class=\"l-section wpb_row height_medium\"><div class=\"l-section-h i-cf\"><div class=\"g-cols vc_row via_flex valign_top type_default stacking_default\"><div class=\"vc_col-sm-12 wpb_column vc_column_container\"><div class=\"vc_column-inner\"><div class=\"wpb_wrapper\"><div class=\"g-cols wpb_row via_flex valign_top type_default stacking_default\"><div class=\"vc_col-sm-12 wpb_column vc_column_container\"><div class=\"vc_column-inner\"><div class=\"wpb_wrapper\"><div class=\"wpb_text_column\"><div class=\"wpb_wrapper\"><h2>Optim\u00e1ln\u00ed podm\u00ednky pro vysoce v\u00fdkonn\u00fd tr\u00e9nink:<\/h2>\n<\/div><\/div><div class=\"wpb_text_column\"><div class=\"wpb_wrapper\"><h1>Dlouh\u00fd dech d\u00edky <span style=\"font-family: ac-font-regular-300; color: #006169;\">PURb<\/span><span style=\"font-family: ac-font-regular-300; color: #0076bd;\">cAIR<\/span><\/h1>\n<\/div><\/div><div class=\"w-separator size_medium\"><\/div><\/div><\/div><\/div><\/div><div class=\"g-cols wpb_row via_flex valign_top type_default stacking_default\"><div class=\"vc_col-sm-12 wpb_column vc_column_container\"><div class=\"vc_column-inner\"><div class=\"wpb_wrapper\"><div class=\"w-image align_none\"><div class=\"w-image-h\"><img decoding=\"async\" width=\"1015\" height=\"677\" src=\"https:\/\/active-coating.com\/wp-content\/uploads\/2020\/05\/AdobeStock_215973001.jpeg\" class=\"attachment-large size-large\" alt=\"\" loading=\"lazy\" \/><\/div><\/div><div class=\"w-separator size_medium\"><\/div><div class=\"wpb_text_column\"><div class=\"wpb_wrapper\"><p>Jemn\u00fd a ultrajemn\u00fd prach zne\u010di\u0161\u0165uje \u017eivotn\u00ed prost\u0159ed\u00ed. Jak velk\u00e9 jsou ale \u00fa\u010dinky na zdrav\u00ed ka\u017ed\u00e9ho jednotlivce, to zkoumaj\u00ed v\u011bdci.\u00a0Dnes je nap\u0159\u00edklad zn\u00e1mo, \u017ee zne\u010di\u0161t\u011bn\u00ed ovzdu\u0161\u00ed nejjemn\u011bj\u0161\u00edmi \u010d\u00e1sticemi v\u00fdrazn\u011b podporuje \u0161\u00ed\u0159en\u00ed nemoc\u00ed v populaci. Ji\u017e na po\u010d\u00e1tku 20. stolet\u00ed bylo v\u00edce lid\u00ed naka\u017eeno \u0161pan\u011blskou ch\u0159ipkou kv\u016fli ne\u010dist\u00e9mu vzduchu. Podle v\u00fdpo\u010dt\u016f Carnegie Mellon University v Pittsburghu by na pandemii zem\u0159elo o 20 000 lid\u00ed m\u00e9n\u011b, kdyby se zne\u010di\u0161t\u011bn\u00ed ovzdu\u0161\u00ed ve zasa\u017een\u00fdch m\u011bstech sn\u00ed\u017eilo na st\u0159edn\u00ed \u00farove\u0148. Podle v\u011bdeck\u00e9ho n\u00e1zoru a v\u00fdsledk\u016f studie Harvardsk\u00e9 univerzity byla m\u00edra infekce nebo intenzita pr\u016fb\u011bhu onemocn\u011bn\u00ed COVID-19 negativn\u011b zv\u00fdhodn\u011bna vysokou koncentrac\u00ed mikro\u010d\u00e1stic ve vzduchu. Jedn\u00e1 se o \u010d\u00e1stice nepost\u0159ehnuteln\u00e9 pro \u010dlov\u011bka, kter\u00e9 lze nyn\u00ed dokonale v interi\u00e9ru zlikvidovat, pomoc\u00ed <span style=\"font-family: ac-font-regular-300; color: #006169;\">PURb<\/span><span style=\"font-family: ac-font-regular-300; color: #0076bd;\">cAIR.<\/span><\/p>\n<p><strong>Sportujte s maxim\u00e1ln\u00edm osobn\u00edm v\u00fdkonem.<\/strong><\/p>\n<p>N\u00e1sleduj\u00edc\u00ed \u010d\u00edsla tak\u00e9 ukazuj\u00ed, \u017ee nemoci souvisej\u00ed s jemn\u00fdm prachem ve vzduchu: Podle Evropsk\u00e9 agentury pro \u017eivotn\u00ed prost\u0159ed\u00ed p\u0159ed\u010dasn\u011b v N\u011bmecku um\u00edr\u00e1 ro\u010dn\u011b 66 000 lid\u00ed kv\u016fli nemocem, kter\u00e9 vznikly zne\u010di\u0161t\u011bn\u00fdm vzduchem.\u00a0Podle sou\u010dasn\u00e9ho stavu v\u00fdzkumu je jemn\u00fd prach zne\u010di\u0161\u0165uj\u00edc\u00ed l\u00e1tkou s nejrozs\u00e1hlej\u0161\u00edmi glob\u00e1ln\u00edmi \u00fa\u010dinky na zdrav\u00ed. To naleznete i ve sportovn\u00edch studi\u00edch. Zejm\u00e9na v oblasti fitness by v\u0161ak pl\u00edce m\u011bly b\u00fdt napln\u011bny zdrav\u00fdm vzduchem. Pouze \u010dist\u00e9 klima vzduchu nab\u00edz\u00ed ide\u00e1ln\u00ed podm\u00ednky pro soust\u0159ed\u011bn\u00fd tr\u00e9nink. Pokud nezat\u011b\u017eujete sv\u00e9 t\u011blo \u010d\u00e1sticemi zne\u010di\u0161\u0165uj\u00edc\u00edch l\u00e1tek p\u0159i ka\u017ed\u00e9m dechu, l\u00e9pe se v\u00e1m d\u00fdch\u00e1 a krevn\u00ed ob\u011bh optim\u00e1ln\u011b funguje. Sportovci si v\u0161imnou jasn\u00e9ho rozd\u00edlu<\/p>\n<p><strong>Odstra\u0148te pachy ve sportovn\u00edch oblastech.<\/strong><\/p>\n<p>Pachy zp\u016fsoben\u00e9 potem jsou ve fitness segmentu v\u0161udyp\u0159\u00edtomn\u00e9. Jak jim lze ale zabr\u00e1nit? <span data-language-for-alternatives=\"cs\" data-language-to-translate-into=\"de\" data-phrase-index=\"4\">Prost\u0159ednictv\u00edm n\u00e1t\u011brov\u00e9ho syst\u00e9mu, kter\u00fd dr\u017e\u00ed \u010d\u00e1stice zp\u016fsobuj\u00edc\u00ed z\u00e1pach na speci\u00e1ln\u011b upraven\u00fdch sklen\u011bn\u00fdch tabul\u00edch a likviduje je fotokatalytickou reakc\u00ed. Navzdory sv\u00e9 velk\u00e9 rozmanitosti reaguj\u00ed \u00a0v\u0161echny typy mikroorganism\u016f citliv\u011b \u00a0na tento fotodynamick\u00fd, biocidn\u00ed \u00fa\u010dinek a motto zn\u00ed: Sbohem, lepkav\u00e9 fitness klima a sportovn\u00ed v\u016fn\u011b<\/span><\/p>\n<div>\n<p><strong><span lang=\"EN-US\">Vyvarujte se alergick\u00fdch reakc\u00ed a infekc\u00ed.<\/span><\/strong><\/p>\n<\/div>\n<div>\n<p><span lang=\"EN-US\">Sport zp\u016fsobuje zv\u00fd\u0161enou dechovou frekvenci v d\u016fsledku zv\u00fd\u0161en\u00e9ho fyzick\u00e9ho stresu &#8211; a\u0165 u\u017e v t\u00fdmov\u00fdch sportech nebo cvi\u010den\u00ed na posilovac\u00ed lavici. Ale \u010d\u00edm v\u00edce vzduchu se do t\u011bla dostane, t\u00edm vy\u0161\u0161\u00ed je konzentrace\u00a0 \u0161kodliv\u00fdch drobn\u00fdch \u010d\u00e1stic v t\u011ble. Pyl a alergeny tak mohou vyvolat sennou r\u00fdmu a nebo jin\u00e9 alergie. I jin\u00e9 nebezpe\u010dn\u00e9 viry a bakterie to maj\u00ed snadn\u00e9. Zaru\u010den\u00e1, minimalizovan\u00e1 m\u00edra infekce je slibn\u00fdm paprskem nad\u011bje &#8211; v prav\u00e9m slova smyslu. D\u00edky jedine\u010dn\u00e9mu \u00fa\u010dinku polovodi\u010d\u016f Active Coating se redukuje nam\u011b\u0159en\u00fd ultrajemn\u00fd prach o 79% b\u011bhem pouh\u00fdch 1,5 hodiny (protokoly o zkou\u0161k\u00e1ch a certifik\u00e1ty najdete v \u010d\u00e1sti pro stahov\u00e1n\u00ed &#8211; Laboratory Report.) Pro ka\u017edodenn\u00ed sportovn\u00ed aktivity je zapot\u0159eb\u00ed pouze zdroj sv\u011btla &#8211; p\u0159\u00edrodn\u00ed nebo um\u011bl\u00fd<\/span><\/p>\n<p><strong>Zabra\u0148te pl\u00edsn\u00edm ve vlhk\u00e9m prost\u0159ed\u00ed.<\/strong><\/p>\n<p>Ve sportovn\u00edch za\u0159\u00edzen\u00edch obvykle nelze zabr\u00e1nit vlhk\u00e9mu klimatu &#8211; nejpozd\u011bji ve spole\u010dn\u00fdch hygienick\u00fdch za\u0159\u00edzen\u00edch.<span data-language-for-alternatives=\"cs\" data-language-to-translate-into=\"de\" data-phrase-index=\"3\">Sp\u00f3ry pl\u00edsn\u00ed v\u0161ak v tomto prost\u0159ed\u00ed nach\u00e1zej\u00ed nejlep\u0161\u00ed podm\u00ednky a mohou se ukl\u00e1dat na povrchy ze vzduchu. To v\u0161ak neplat\u00ed, pokud je zaveden syst\u00e9m \u010di\u0161t\u011bn\u00ed vzduchu, kter\u00fd ne\u017e\u00e1douc\u00ed spory p\u0159\u00edmo zachycuje a rozpou\u0161t\u00ed. S jedine\u010dnou technologi\u00ed proti zne\u010di\u0161\u0165uj\u00edc\u00edm l\u00e1tk\u00e1m v interi\u00e9ru: fitness studia, sportovn\u00ed centra &amp; Co., kter\u00e1 jsou vybavena <span style=\"font-family: ac-font-regular-300; color: #006169;\">PURb<\/span><span style=\"font-family: ac-font-regular-300; color: #0076bd;\">cAIR<\/span>, jsou pr\u016fkopn\u00edky v oblasti \u010dist\u00e9ho klimatu v m\u00edstnosti a poskytuj\u00ed sv\u00fdm z\u00e1kazn\u00edk\u016fm efektivn\u00ed tr\u00e9nink s nejlep\u0161\u00edm d\u00fdchac\u00edm vzduchem.\u00a0Zdrav\u011b \u017e\u00edt je t\u00edm p\u00e1dem opravdu snadn\u00e9.<\/span><\/p>\n<\/div>\n<\/div><\/div><\/div><\/div><\/div><\/div><\/div><\/div><\/div><\/div><\/div><\/section>\n","protected":false},"excerpt":{"rendered":"Optim\u00e1ln\u00ed podm\u00ednky pro vysoce v\u00fdkonn\u00fd tr\u00e9nink: Dlouh\u00fd dech d\u00edky PURbcAIR Jemn\u00fd a ultrajemn\u00fd prach zne\u010di\u0161\u0165uje \u017eivotn\u00ed prost\u0159ed\u00ed. Jak velk\u00e9 jsou ale \u00fa\u010dinky na zdrav\u00ed ka\u017ed\u00e9ho jednotlivce, to zkoumaj\u00ed v\u011bdci.\u00a0Dnes je...","protected":false},"author":1,"featured_media":0,"parent":8351,"menu_order":5,"comment_status":"closed","ping_status":"closed","template":"","meta":{"_price":"","_stock":"","_tribe_ticket_header":"","_tribe_default_ticket_provider":"","_tribe_ticket_capacity":"0","_ticket_start_date":"","_ticket_end_date":"","_tribe_ticket_show_description":"","_tribe_ticket_show_not_going":false,"_tribe_ticket_use_global_stock":"","_tribe_ticket_global_stock_level":"","_global_stock_mode":"","_global_stock_cap":"","_tribe_rsvp_for_event":"","_tribe_ticket_going_count":"","_tribe_ticket_not_going_count":"","_tribe_tickets_list":"[]","_tribe_ticket_has_attendee_info_fields":false,"footnotes":""},"class_list":["post-8496","page","type-page","status-publish","hentry"],"yoast_head":"<title>PURE AIR | \u010cist\u00fd vzduch ve fitness centrech | Active Coating<\/title>\n<meta name=\"description\" content=\"Dlouh\u00fd dech d\u00edky PURE AIR \u25b6 \u010dist\u00fd vzduch - bez bakteri\u00ed a jemn\u00e9ho prachu \u25b6 mo\u017en\u00e9 i ve fitness centrech s Active Coating! \u25b6 Dal\u0161\u00ed informace\" \/>\n<meta name=\"robots\" content=\"index, follow, max-snippet:-1, max-image-preview:large, max-video-preview:-1\" \/>\n<link rel=\"canonical\" href=\"https:\/\/active-coating.com\/cs\/oblasti-pouziti\/sport\/\" \/>\n<meta property=\"og:locale\" content=\"cs_CZ\" \/>\n<meta property=\"og:type\" content=\"article\" \/>\n<meta property=\"og:title\" content=\"PURE AIR | \u010cist\u00fd vzduch ve fitness centrech | Active Coating\" \/>\n<meta property=\"og:description\" content=\"Dlouh\u00fd dech d\u00edky PURE AIR \u25b6 \u010dist\u00fd vzduch - bez bakteri\u00ed a jemn\u00e9ho prachu \u25b6 mo\u017en\u00e9 i ve fitness centrech s Active Coating! \u25b6 Dal\u0161\u00ed informace\" \/>\n<meta property=\"og:url\" content=\"https:\/\/active-coating.com\/cs\/oblasti-pouziti\/sport\/\" \/>\n<meta property=\"og:site_name\" content=\"Active-Coating\" \/>\n<meta property=\"article:publisher\" content=\"https:\/\/www.facebook.com\/activecoatingmursall\/\" \/>\n<meta property=\"article:modified_time\" content=\"2021-07-19T09:43:26+00:00\" \/>\n<meta name=\"twitter:card\" content=\"summary_large_image\" \/>\n<meta name=\"twitter:label1\" content=\"Est. reading time\" \/>\n\t<meta name=\"twitter:data1\" content=\"3 minutes\" \/>\n<script type=\"application\/ld+json\" class=\"yoast-schema-graph\">{\"@context\":\"https:\\\/\\\/schema.org\",\"@graph\":[{\"@type\":\"WebPage\",\"@id\":\"https:\\\/\\\/active-coating.com\\\/cs\\\/oblasti-pouziti\\\/sport\\\/\",\"url\":\"https:\\\/\\\/active-coating.com\\\/cs\\\/oblasti-pouziti\\\/sport\\\/\",\"name\":\"PURE AIR | \u010cist\u00fd vzduch ve fitness centrech | Active Coating\",\"isPartOf\":{\"@id\":\"https:\\\/\\\/active-coating.com\\\/#website\"},\"datePublished\":\"2021-03-07T21:09:27+00:00\",\"dateModified\":\"2021-07-19T09:43:26+00:00\",\"description\":\"Dlouh\u00fd dech d\u00edky PURE AIR \u25b6 \u010dist\u00fd vzduch - bez bakteri\u00ed a jemn\u00e9ho prachu \u25b6 mo\u017en\u00e9 i ve fitness centrech s Active Coating! \u25b6 Dal\u0161\u00ed informace\",\"breadcrumb\":{\"@id\":\"https:\\\/\\\/active-coating.com\\\/cs\\\/oblasti-pouziti\\\/sport\\\/#breadcrumb\"},\"inLanguage\":\"cs-CZ\",\"potentialAction\":[{\"@type\":\"ReadAction\",\"target\":[\"https:\\\/\\\/active-coating.com\\\/cs\\\/oblasti-pouziti\\\/sport\\\/\"]}]},{\"@type\":\"BreadcrumbList\",\"@id\":\"https:\\\/\\\/active-coating.com\\\/cs\\\/oblasti-pouziti\\\/sport\\\/#breadcrumb\",\"itemListElement\":[{\"@type\":\"ListItem\",\"position\":1,\"name\":\"Startseite\",\"item\":\"https:\\\/\\\/active-coating.com\\\/cs\\\/uvod\\\/\"},{\"@type\":\"ListItem\",\"position\":2,\"name\":\"Oblasti pou\u017eit\u00ed\",\"item\":\"https:\\\/\\\/active-coating.com\\\/cs\\\/oblasti-pouziti\\\/\"},{\"@type\":\"ListItem\",\"position\":3,\"name\":\"Sport\"}]},{\"@type\":\"WebSite\",\"@id\":\"https:\\\/\\\/active-coating.com\\\/#website\",\"url\":\"https:\\\/\\\/active-coating.com\\\/\",\"name\":\"Active-Coating\",\"description\":\"Be pure inside\",\"publisher\":{\"@id\":\"https:\\\/\\\/active-coating.com\\\/#organization\"},\"potentialAction\":[{\"@type\":\"SearchAction\",\"target\":{\"@type\":\"EntryPoint\",\"urlTemplate\":\"https:\\\/\\\/active-coating.com\\\/?s={search_term_string}\"},\"query-input\":{\"@type\":\"PropertyValueSpecification\",\"valueRequired\":true,\"valueName\":\"search_term_string\"}}],\"inLanguage\":\"cs-CZ\"},{\"@type\":\"Organization\",\"@id\":\"https:\\\/\\\/active-coating.com\\\/#organization\",\"name\":\"Active Coating\",\"url\":\"https:\\\/\\\/active-coating.com\\\/\",\"logo\":{\"@type\":\"ImageObject\",\"inLanguage\":\"cs-CZ\",\"@id\":\"https:\\\/\\\/active-coating.com\\\/#\\\/schema\\\/logo\\\/image\\\/\",\"url\":\"\",\"contentUrl\":\"\",\"caption\":\"Active Coating\"},\"image\":{\"@id\":\"https:\\\/\\\/active-coating.com\\\/#\\\/schema\\\/logo\\\/image\\\/\"},\"sameAs\":[\"https:\\\/\\\/www.facebook.com\\\/activecoatingmursall\\\/\",\"https:\\\/\\\/www.instagram.com\\\/activecoating\",\"https:\\\/\\\/www.youtube.com\\\/channel\\\/UCwK25snGaIusJ7wdIrzJArg\"]}]}<\/script>","yoast_head_json":{"title":"PURE AIR | \u010cist\u00fd vzduch ve fitness centrech | Active Coating","description":"Dlouh\u00fd dech d\u00edky PURE AIR \u25b6 \u010dist\u00fd vzduch - bez bakteri\u00ed a jemn\u00e9ho prachu \u25b6 mo\u017en\u00e9 i ve fitness centrech s Active Coating! \u25b6 Dal\u0161\u00ed informace","robots":{"index":"index","follow":"follow","max-snippet":"max-snippet:-1","max-image-preview":"max-image-preview:large","max-video-preview":"max-video-preview:-1"},"canonical":"https:\/\/active-coating.com\/cs\/oblasti-pouziti\/sport\/","og_locale":"cs_CZ","og_type":"article","og_title":"PURE AIR | \u010cist\u00fd vzduch ve fitness centrech | Active Coating","og_description":"Dlouh\u00fd dech d\u00edky PURE AIR \u25b6 \u010dist\u00fd vzduch - bez bakteri\u00ed a jemn\u00e9ho prachu \u25b6 mo\u017en\u00e9 i ve fitness centrech s Active Coating! \u25b6 Dal\u0161\u00ed informace","og_url":"https:\/\/active-coating.com\/cs\/oblasti-pouziti\/sport\/","og_site_name":"Active-Coating","article_publisher":"https:\/\/www.facebook.com\/activecoatingmursall\/","article_modified_time":"2021-07-19T09:43:26+00:00","twitter_card":"summary_large_image","twitter_misc":{"Est. reading time":"3 minutes"},"schema":{"@context":"https:\/\/schema.org","@graph":[{"@type":"WebPage","@id":"https:\/\/active-coating.com\/cs\/oblasti-pouziti\/sport\/","url":"https:\/\/active-coating.com\/cs\/oblasti-pouziti\/sport\/","name":"PURE AIR | \u010cist\u00fd vzduch ve fitness centrech | Active Coating","isPartOf":{"@id":"https:\/\/active-coating.com\/#website"},"datePublished":"2021-03-07T21:09:27+00:00","dateModified":"2021-07-19T09:43:26+00:00","description":"Dlouh\u00fd dech d\u00edky PURE AIR \u25b6 \u010dist\u00fd vzduch - bez bakteri\u00ed a jemn\u00e9ho prachu \u25b6 mo\u017en\u00e9 i ve fitness centrech s Active Coating! \u25b6 Dal\u0161\u00ed informace","breadcrumb":{"@id":"https:\/\/active-coating.com\/cs\/oblasti-pouziti\/sport\/#breadcrumb"},"inLanguage":"cs-CZ","potentialAction":[{"@type":"ReadAction","target":["https:\/\/active-coating.com\/cs\/oblasti-pouziti\/sport\/"]}]},{"@type":"BreadcrumbList","@id":"https:\/\/active-coating.com\/cs\/oblasti-pouziti\/sport\/#breadcrumb","itemListElement":[{"@type":"ListItem","position":1,"name":"Startseite","item":"https:\/\/active-coating.com\/cs\/uvod\/"},{"@type":"ListItem","position":2,"name":"Oblasti pou\u017eit\u00ed","item":"https:\/\/active-coating.com\/cs\/oblasti-pouziti\/"},{"@type":"ListItem","position":3,"name":"Sport"}]},{"@type":"WebSite","@id":"https:\/\/active-coating.com\/#website","url":"https:\/\/active-coating.com\/","name":"Active-Coating","description":"Be pure inside","publisher":{"@id":"https:\/\/active-coating.com\/#organization"},"potentialAction":[{"@type":"SearchAction","target":{"@type":"EntryPoint","urlTemplate":"https:\/\/active-coating.com\/?s={search_term_string}"},"query-input":{"@type":"PropertyValueSpecification","valueRequired":true,"valueName":"search_term_string"}}],"inLanguage":"cs-CZ"},{"@type":"Organization","@id":"https:\/\/active-coating.com\/#organization","name":"Active Coating","url":"https:\/\/active-coating.com\/","logo":{"@type":"ImageObject","inLanguage":"cs-CZ","@id":"https:\/\/active-coating.com\/#\/schema\/logo\/image\/","url":"","contentUrl":"","caption":"Active Coating"},"image":{"@id":"https:\/\/active-coating.com\/#\/schema\/logo\/image\/"},"sameAs":["https:\/\/www.facebook.com\/activecoatingmursall\/","https:\/\/www.instagram.com\/activecoating","https:\/\/www.youtube.com\/channel\/UCwK25snGaIusJ7wdIrzJArg"]}]}},"_links":{"self":[{"href":"https:\/\/active-coating.com\/cs\/wp-json\/wp\/v2\/pages\/8496","targetHints":{"allow":["GET"]}}],"collection":[{"href":"https:\/\/active-coating.com\/cs\/wp-json\/wp\/v2\/pages"}],"about":[{"href":"https:\/\/active-coating.com\/cs\/wp-json\/wp\/v2\/types\/page"}],"author":[{"embeddable":true,"href":"https:\/\/active-coating.com\/cs\/wp-json\/wp\/v2\/users\/1"}],"replies":[{"embeddable":true,"href":"https:\/\/active-coating.com\/cs\/wp-json\/wp\/v2\/comments?post=8496"}],"version-history":[{"count":9,"href":"https:\/\/active-coating.com\/cs\/wp-json\/wp\/v2\/pages\/8496\/revisions"}],"predecessor-version":[{"id":9338,"href":"https:\/\/active-coating.com\/cs\/wp-json\/wp\/v2\/pages\/8496\/revisions\/9338"}],"up":[{"embeddable":true,"href":"https:\/\/active-coating.com\/cs\/wp-json\/wp\/v2\/pages\/8351"}],"wp:attachment":[{"href":"https:\/\/active-coating.com\/cs\/wp-json\/wp\/v2\/media?parent=8496"}],"curies":[{"name":"wp","href":"https:\/\/api.w.org\/{rel}","templated":true}]}}