{"id":8490,"date":"2021-03-07T22:06:08","date_gmt":"2021-03-07T21:06:08","guid":{"rendered":"http:\/\/active-coating.com\/?page_id=8490"},"modified":"2021-03-07T22:06:53","modified_gmt":"2021-03-07T21:06:53","slug":"uvod","status":"publish","type":"page","link":"https:\/\/active-coating.com\/cs\/oblasti-pouziti\/uvod\/","title":{"rendered":"Doma"},"content":{"rendered":"<section class=\"l-section wpb_row height_medium\"><div class=\"l-section-h i-cf\"><div class=\"g-cols vc_row via_flex valign_top type_default stacking_default\"><div class=\"vc_col-sm-12 wpb_column vc_column_container\"><div class=\"vc_column-inner\"><div class=\"wpb_wrapper\"><div class=\"g-cols wpb_row via_flex valign_top type_default stacking_default\"><div class=\"vc_col-sm-12 wpb_column vc_column_container\"><div class=\"vc_column-inner\"><div class=\"wpb_wrapper\"><div class=\"wpb_text_column\"><div class=\"wpb_wrapper\"><h2 id=\"tw-target-text\" class=\"tw-data-text tw-text-large XcVN5d tw-ta\" data-placeholder=\"\u00dcbersetzung\"><span lang=\"cs\">Zdrav\u00fd vzduch ve va\u0161em dom\u011b<\/span><\/h2>\n<\/div><\/div><div class=\"wpb_text_column\"><div class=\"wpb_wrapper\"><h1 class=\"tw-data-text tw-text-large XcVN5d tw-ta\" data-placeholder=\"\u00dcbersetzung\"><span lang=\"cs\">\u00a0Voln\u011b d<\/span><span lang=\"cs\">\u00fdchejte\u00a0<\/span><span lang=\"cs\">s <span style=\"font-family: ac-font-regular-300; color: #006169;\">PURb<\/span><span style=\"font-family: ac-font-regular-300; color: #0076bd;\">cAIR<\/span><\/span><\/h1>\n<\/div><\/div><div class=\"w-separator size_medium\"><\/div><\/div><\/div><\/div><\/div><div class=\"g-cols wpb_row via_flex valign_top type_default stacking_default\"><div class=\"vc_col-sm-12 wpb_column vc_column_container\"><div class=\"vc_column-inner\"><div class=\"wpb_wrapper\"><div class=\"w-image align_none\"><div class=\"w-image-h\"><img decoding=\"async\" width=\"1015\" height=\"340\" src=\"https:\/\/active-coating.com\/wp-content\/uploads\/2020\/05\/AdobeStock_73290888.jpg\" class=\"attachment-large size-large\" alt=\"\" loading=\"lazy\" \/><\/div><\/div><div class=\"w-separator size_medium\"><\/div><div class=\"wpb_text_column\"><div class=\"wpb_wrapper\"><p>Podle nejnov\u011bj\u0161\u00edch studi\u00ed tr\u00e1v\u00ed lid\u00e9 v pr\u016fm\u011bru 90% sv\u00e9ho \u017eivota v uzav\u0159en\u00fdch m\u00edstnostech &#8211; v\u011bt\u0161inou ve sv\u00e9m vlastn\u00edm dom\u011b. Spousta \u010dasu, kdy se do t\u011bla ka\u017ed\u00e9ho \u010dlov\u011bka dostane obrovsk\u00e9 mno\u017estv\u00ed vzduchu se v\u0161emi jeho nejmen\u0161\u00edmi slo\u017ekami. Co je pro lidsk\u00e9 oko nepost\u0159ehnuteln\u00e9: P\u0159i ka\u017ed\u00e9m dechu se mikro\u010d\u00e1stice ukl\u00e1daj\u00ed do t\u011bla matek, otc\u016f, d\u011bt\u00ed, kojenc\u016f nebo prarodi\u010d\u016f. Ji\u017e dlouho je prok\u00e1z\u00e1no, \u017ee zejm\u00e9na pevn\u00e9 \u010d\u00e1stice a ultrajemn\u00fd prach mohou m\u00edt v\u00e1\u017en\u00e9 \u00fa\u010dinky na zdrav\u00ed. <span style=\"font-family: ac-font-regular-300; color: #006169;\">PURb<\/span><span style=\"font-family: ac-font-regular-300; color: #0076bd;\">cAIR<\/span>\u00a0proto vyhl\u00e1s\u00ed boj neviditeln\u00e9mu nep\u0159\u00edteli a chr\u00e1n\u00ed tak celou rodinu<\/p>\n<p class=\"tw-data-text tw-text-large XcVN5d tw-ta\" dir=\"ltr\" data-placeholder=\"\u00dcbersetzung\"><strong><span lang=\"cs\">Bojujte s nemocemi v jejich ko\u0159enech.<\/span><\/strong><\/p>\n<p class=\"tw-data-text tw-text-large XcVN5d tw-ta\" dir=\"ltr\" data-placeholder=\"\u00dcbersetzung\"><span lang=\"cs\">Mnoho lid\u00ed si uv\u011bdomuje zne\u010di\u0161t\u011bn\u00ed jemn\u00fdm prachem v m\u011bstsk\u00fdch aglomerac\u00edch s vysok\u00fdm provozem. V\u011bt\u0161ina z nich si v\u0161ak neuv\u011bdomuje, \u017ee koncentrace ultrajemn\u00e9ho a jemn\u00e9ho prachu ve vnit\u0159n\u00edch prostor\u00e1ch \u010dasto v\u00fdrazn\u011b p\u0159evy\u0161uje koncentraci venkovn\u00edho vzduchu.Lid\u00e9 maj\u00ed na tuto expozici prachu zna\u010dn\u00fd vliv. Nejjemn\u011bj\u0161\u00ed prachov\u00e9 \u010d\u00e1stice se do dom\u00e1cnosti p\u0159en\u00e1\u0161ej\u00ed pomoc\u00ed obuvi, koberc\u016f nebo od n\u00e1bytku. Mezi dal\u0161\u00ed zn\u00e1m\u00e9 zdroje jemn\u00e9ho prachu pat\u0159\u00ed vysava\u010de, oh\u0159\u00edva\u010de, sv\u00ed\u010dky a tab\u00e1kov\u00fd kou\u0159 &#8211; to v\u0161e jsou zne\u010di\u0161\u0165uj\u00edc\u00ed l\u00e1tky, kter\u00e9 se shroma\u017e\u010fuj\u00ed ve vzduchu v\u00a0m\u00edstnosti a mohou tak masivn\u011b po\u0161kodit d\u00fdchac\u00ed cesty i nervov\u00fd a kardiovaskul\u00e1rn\u00ed syst\u00e9m. Lid\u00e9 kte\u0159\u00ed maj\u00ed Astma, \u00a0Bronchitidu, Parkinsonovu chorobu, Alzheimerovu chorobu, probl\u00e9my s t\u011bhotenstv\u00edm, infarkty, mrtvice nebo dokonce i rakovinu spojili v\u011bdci i l\u00e9ka\u0159i s koncentrac\u00ed pevn\u00fdch \u010d\u00e1stic v modern\u00edch dom\u00e1cnostech. Star\u0161\u00ed lid\u00e9, d\u011bti a lid\u00e9 s p\u0159edchoz\u00edmi nemocemi jsou velmi n\u00e1chyln\u00ed.<\/span><\/p>\n<p class=\"tw-data-text tw-text-large XcVN5d tw-ta\" dir=\"ltr\" data-placeholder=\"\u00dcbersetzung\"><strong><span lang=\"cs\">Zastavte alergie ji\u017e od d\u011btstv\u00ed<\/span><\/strong><\/p>\n<p>Jak je nyn\u00ed zn\u00e1mo, vysok\u00e9 hladiny \u010d\u00e1stic mohou omezit r\u016fst plic a funkci plic u d\u011bt\u00ed. Kolik jemn\u00fdch a ultrajemn\u00fdch aerosolov\u00fdch \u010d\u00e1stic vstupuje do t\u011bla od narozen\u00ed, z\u00e1vis\u00ed na velikosti \u010d\u00e1stic. Studie uzn\u00e1van\u00e9ho institutu TROPOS * uk\u00e1zala, \u017ee drtiv\u00e1 v\u011bt\u0161ina vzdu\u0161n\u00fdch \u010d\u00e1stic je men\u0161\u00edch ne\u017e 100 nanometr\u016f, a proto jsou klasifikov\u00e1ny jako ultrajemn\u00e9. Podle odborn\u00edk\u016f lze bohu\u017eel p\u0159edpokl\u00e1dat: \u010d\u00edm men\u0161\u00ed, t\u00edm nebezpe\u010dn\u011bj\u0161\u00ed. Alergeny generovan\u00e9 v interi\u00e9ru lze nal\u00e9zt tak\u00e9 v dom\u00e1c\u00edm prachu, tak\u017ee nen\u00ed divu, \u017ee zejm\u00e9na nejmen\u0161\u00ed organismy st\u00e1le \u010dast\u011bji trp\u00ed agresivn\u00edmi alergiemi. Mohou b\u00fdt zp\u016fsobeny pylem z vn\u011bj\u0161\u00edho vzduchu, rozto\u010di nebo sp\u00f3rami pl\u00edsn\u00ed.<\/p>\n<p><strong>Podporujte koncentraci a optimalizujte va\u0161\u00ed pohodu.<\/strong><\/p>\n<p>Zejm\u00e9na pro d\u011bti je d\u016fle\u017eit\u00e9 se konzentrovat a b\u00fdt produktivn\u00ed i po \u0161kole. Pro mnoho d\u011bt\u00ed je v\u0161ak obt\u00ed\u017en\u00e9 se uvnit\u0159 soust\u0159edit. D\u016fvodem m\u016f\u017ee b\u00fdt i kvalita vzduchu v m\u00edstnost<\/p>\n<p class=\"tw-data-text tw-text-large XcVN5d tw-ta\" dir=\"ltr\" data-placeholder=\"\u00dcbersetzung\"><strong><span lang=\"cs\">Va\u0159te ne\u0161kodn\u011b a sni\u017ete z\u00e1pach.<\/span><\/strong><\/p>\n<p>Z l\u00e9ka\u0159sk\u00e9ho hlediska by nav\u00edc m\u011blo b\u00fdt zabr\u00e1n\u011bno vdechov\u00e1n\u00ed ultrajemn\u00fdch \u010d\u00e1stic, kter\u00e9 mohou b\u00fdt vylu\u010dov\u00e1ny b\u011bhem va\u0159en\u00ed, op\u00e9k\u00e1n\u00ed nebo pe\u010den\u00ed. Ty jsou tak\u00e9 m\u011b\u0159iteln\u011b ulo\u017eeny v m\u00edstnostech mimo kuchy\u0148, jak jasn\u011b uk\u00e1zali v\u011bdci. A ne\u017e\u00e1douc\u00ed pachy, kter\u00e9 se \u0161\u00ed\u0159\u00ed po cel\u00e9m dom\u011b, lze tak\u00e9 \u00fa\u010dinn\u011b odstranit, pokud je k dispozici spr\u00e1vn\u00e1 technologie.<\/p>\n<p>Je zn\u00e1mo nespo\u010det bakteri\u00ed, alergen\u016f a zdroj\u016f jemn\u00e9ho prachu v domech a bytech &#8211; ale je mo\u017en\u00e9 se jich zbavit . S n\u00e1t\u011brov\u00fdm syst\u00e9mem <span style=\"font-family: ac-font-regular-300; color: #006169;\">PURb<\/span><span style=\"font-family: ac-font-regular-300; color: #0076bd;\">cAIR<\/span>\u00a0 si m\u016f\u017eete bezstarostn\u011b hr\u00e1t, \u017e\u00edt a d\u00fdchat ve sv\u00e9m domov\u011b.<\/p>\n<\/div><\/div><div class=\"wpb_text_column\"><div class=\"wpb_wrapper\"><p>Protokol o zkou\u0161ce Tropos Institut<\/p>\n<\/div><\/div><div id=\"ultimate-video-841069e7739ed66f8\" class=\"ult-video  ult-adjust-bottom-margin ultimate-video-841069e7739ed66f8 ultv-3266 \"><div class=\"ultv-video ultv-aspect-ratio-16_9 ultv-subscribe-responsive-none\" data-videotype=\"uv_iframe\">\n\t\t\t\t\t\t<div class=\"ultv-video__outer-wrap\" data-autoplay=\"0\" data-device=\"false\"  data-iconbg=\"#3A3A3A\" data-overcolor=\"\" data-defaultbg=\"#1f1f1e\" data-defaultplay=\"defaulticon\"><div class=\"ultv-video__play\" data-src=\"https:\/\/www.youtube.com\/embed\/tcZF0aDihjE?rel=0&#038;start&#038;end&#038;controls=1&#038;mute=0&#038;modestbranding=0&#038;autoplay=1\">\n\t\t\t\t\t\t\t\t<img decoding=\"async\" class=\"ultv-video__thumb\" src=\"https:\/\/i.ytimg.com\/vi\/tcZF0aDihjE\/maxresdefault.jpg\"\/>\n\t\t\t\t\t\t\t\t<div class=\"ultv-video__play-icon  ultv-animation-none\" style=\"width:75px\"><svg height=\"100%\" version=\"1.1\" viewBox=\"0 0 68 48\" width=\"100%\"><path class=\"ultv-youtube-icon-bg\" d=\"m .66,37.62 c 0,0 .66,4.70 2.70,6.77 2.58,2.71 5.98,2.63 7.49,2.91 5.43,.52 23.10,.68 23.12,.68 .00,-1.3e-5 14.29,-0.02 23.81,-0.71 1.32,-0.15 4.22,-0.17 6.81,-2.89 2.03,-2.07 2.70,-6.77 2.70,-6.77 0,0 .67,-5.52 .67,-11.04 l 0,-5.17 c 0,-5.52 -0.67,-11.04 -0.67,-11.04 0,0 -0.66,-4.70 -2.70,-6.77 C 62.03,.86 59.13,.84 57.80,.69 48.28,0 34.00,0 34.00,0 33.97,0 19.69,0 10.18,.69 8.85,.84 5.95,.86 3.36,3.58 1.32,5.65 .66,10.35 .66,10.35 c 0,0 -0.55,4.50 -0.66,9.45 l 0,8.36 c .10,4.94 .66,9.45 .66,9.45 z\" fill=\"#1f1f1e\" ><\/path><path d=\"m 26.96,13.67 18.37,9.62 -18.37,9.55 -0.00,-19.17 z\" fill=\"#fff\"><\/path><path d=\"M 45.02,23.46 45.32,23.28 26.96,13.67 43.32,22.34 45.02,23.46 z\" fill=\"#ccc\"><\/path><\/svg><\/div> <\/div> <\/div><\/div><\/div><\/div><\/div><\/div><\/div><\/div><\/div><\/div><\/div><\/div><\/section>\n","protected":false},"excerpt":{"rendered":"Zdrav\u00fd vzduch ve va\u0161em dom\u011b \u00a0Voln\u011b d\u00fdchejte\u00a0s PURbcAIR Podle nejnov\u011bj\u0161\u00edch studi\u00ed tr\u00e1v\u00ed lid\u00e9 v pr\u016fm\u011bru 90% sv\u00e9ho \u017eivota v uzav\u0159en\u00fdch m\u00edstnostech &#8211; v\u011bt\u0161inou ve sv\u00e9m vlastn\u00edm dom\u011b. Spousta \u010dasu, kdy...","protected":false},"author":1,"featured_media":0,"parent":8351,"menu_order":1,"comment_status":"closed","ping_status":"closed","template":"","meta":{"_price":"","_stock":"","_tribe_ticket_header":"","_tribe_default_ticket_provider":"","_tribe_ticket_capacity":"0","_ticket_start_date":"","_ticket_end_date":"","_tribe_ticket_show_description":"","_tribe_ticket_show_not_going":false,"_tribe_ticket_use_global_stock":"","_tribe_ticket_global_stock_level":"","_global_stock_mode":"","_global_stock_cap":"","_tribe_rsvp_for_event":"","_tribe_ticket_going_count":"","_tribe_ticket_not_going_count":"","_tribe_tickets_list":"[]","_tribe_ticket_has_attendee_info_fields":false,"footnotes":""},"class_list":["post-8490","page","type-page","status-publish","hentry"],"yoast_head":"<title>Zdrav\u00fd vzduch ve va\u0161em dom\u011b | ACTIVE COATING<\/title>\n<meta name=\"description\" content=\"PURE AIR bojuje proti zne\u010di\u0161\u0165uj\u00edc\u00edm l\u00e1tk\u00e1m ve vzduchu a chr\u00e1n\u00ed celou rodinu \u2713 \u017dijte zdrav\u011bji ve sv\u00e9m dom\u011b \u25b6 Zjist\u011bte v\u00edce zde!\" \/>\n<meta name=\"robots\" content=\"index, follow, max-snippet:-1, max-image-preview:large, max-video-preview:-1\" \/>\n<link rel=\"canonical\" href=\"https:\/\/active-coating.com\/cs\/oblasti-pouziti\/uvod\/\" \/>\n<meta property=\"og:locale\" content=\"cs_CZ\" \/>\n<meta property=\"og:type\" content=\"article\" \/>\n<meta property=\"og:title\" content=\"Zdrav\u00fd vzduch ve va\u0161em dom\u011b | ACTIVE COATING\" \/>\n<meta property=\"og:description\" content=\"PURE AIR bojuje proti zne\u010di\u0161\u0165uj\u00edc\u00edm l\u00e1tk\u00e1m ve vzduchu a chr\u00e1n\u00ed celou rodinu \u2713 \u017dijte zdrav\u011bji ve sv\u00e9m dom\u011b \u25b6 Zjist\u011bte v\u00edce zde!\" \/>\n<meta property=\"og:url\" content=\"https:\/\/active-coating.com\/cs\/oblasti-pouziti\/uvod\/\" \/>\n<meta property=\"og:site_name\" content=\"Active-Coating\" \/>\n<meta property=\"article:publisher\" content=\"https:\/\/www.facebook.com\/activecoatingmursall\/\" \/>\n<meta property=\"article:modified_time\" content=\"2021-03-07T21:06:53+00:00\" \/>\n<meta name=\"twitter:card\" content=\"summary_large_image\" \/>\n<meta name=\"twitter:label1\" content=\"Est. reading time\" \/>\n\t<meta name=\"twitter:data1\" content=\"3 minutes\" \/>\n<script type=\"application\/ld+json\" class=\"yoast-schema-graph\">{\"@context\":\"https:\\\/\\\/schema.org\",\"@graph\":[{\"@type\":\"WebPage\",\"@id\":\"https:\\\/\\\/active-coating.com\\\/cs\\\/oblasti-pouziti\\\/uvod\\\/\",\"url\":\"https:\\\/\\\/active-coating.com\\\/cs\\\/oblasti-pouziti\\\/uvod\\\/\",\"name\":\"Zdrav\u00fd vzduch ve va\u0161em dom\u011b | ACTIVE COATING\",\"isPartOf\":{\"@id\":\"https:\\\/\\\/active-coating.com\\\/#website\"},\"datePublished\":\"2021-03-07T21:06:08+00:00\",\"dateModified\":\"2021-03-07T21:06:53+00:00\",\"description\":\"PURE AIR bojuje proti zne\u010di\u0161\u0165uj\u00edc\u00edm l\u00e1tk\u00e1m ve vzduchu a chr\u00e1n\u00ed celou rodinu \u2713 \u017dijte zdrav\u011bji ve sv\u00e9m dom\u011b \u25b6 Zjist\u011bte v\u00edce zde!\",\"breadcrumb\":{\"@id\":\"https:\\\/\\\/active-coating.com\\\/cs\\\/oblasti-pouziti\\\/uvod\\\/#breadcrumb\"},\"inLanguage\":\"cs-CZ\",\"potentialAction\":[{\"@type\":\"ReadAction\",\"target\":[\"https:\\\/\\\/active-coating.com\\\/cs\\\/oblasti-pouziti\\\/uvod\\\/\"]}]},{\"@type\":\"BreadcrumbList\",\"@id\":\"https:\\\/\\\/active-coating.com\\\/cs\\\/oblasti-pouziti\\\/uvod\\\/#breadcrumb\",\"itemListElement\":[{\"@type\":\"ListItem\",\"position\":1,\"name\":\"Startseite\",\"item\":\"https:\\\/\\\/active-coating.com\\\/cs\\\/uvod\\\/\"},{\"@type\":\"ListItem\",\"position\":2,\"name\":\"Oblasti pou\u017eit\u00ed\",\"item\":\"https:\\\/\\\/active-coating.com\\\/cs\\\/oblasti-pouziti\\\/\"},{\"@type\":\"ListItem\",\"position\":3,\"name\":\"Doma\"}]},{\"@type\":\"WebSite\",\"@id\":\"https:\\\/\\\/active-coating.com\\\/#website\",\"url\":\"https:\\\/\\\/active-coating.com\\\/\",\"name\":\"Active-Coating\",\"description\":\"Be pure inside\",\"publisher\":{\"@id\":\"https:\\\/\\\/active-coating.com\\\/#organization\"},\"potentialAction\":[{\"@type\":\"SearchAction\",\"target\":{\"@type\":\"EntryPoint\",\"urlTemplate\":\"https:\\\/\\\/active-coating.com\\\/?s={search_term_string}\"},\"query-input\":{\"@type\":\"PropertyValueSpecification\",\"valueRequired\":true,\"valueName\":\"search_term_string\"}}],\"inLanguage\":\"cs-CZ\"},{\"@type\":\"Organization\",\"@id\":\"https:\\\/\\\/active-coating.com\\\/#organization\",\"name\":\"Active Coating\",\"url\":\"https:\\\/\\\/active-coating.com\\\/\",\"logo\":{\"@type\":\"ImageObject\",\"inLanguage\":\"cs-CZ\",\"@id\":\"https:\\\/\\\/active-coating.com\\\/#\\\/schema\\\/logo\\\/image\\\/\",\"url\":\"\",\"contentUrl\":\"\",\"caption\":\"Active Coating\"},\"image\":{\"@id\":\"https:\\\/\\\/active-coating.com\\\/#\\\/schema\\\/logo\\\/image\\\/\"},\"sameAs\":[\"https:\\\/\\\/www.facebook.com\\\/activecoatingmursall\\\/\",\"https:\\\/\\\/www.instagram.com\\\/activecoating\",\"https:\\\/\\\/www.youtube.com\\\/channel\\\/UCwK25snGaIusJ7wdIrzJArg\"]}]}<\/script>","yoast_head_json":{"title":"Zdrav\u00fd vzduch ve va\u0161em dom\u011b | ACTIVE COATING","description":"PURE AIR bojuje proti zne\u010di\u0161\u0165uj\u00edc\u00edm l\u00e1tk\u00e1m ve vzduchu a chr\u00e1n\u00ed celou rodinu \u2713 \u017dijte zdrav\u011bji ve sv\u00e9m dom\u011b \u25b6 Zjist\u011bte v\u00edce zde!","robots":{"index":"index","follow":"follow","max-snippet":"max-snippet:-1","max-image-preview":"max-image-preview:large","max-video-preview":"max-video-preview:-1"},"canonical":"https:\/\/active-coating.com\/cs\/oblasti-pouziti\/uvod\/","og_locale":"cs_CZ","og_type":"article","og_title":"Zdrav\u00fd vzduch ve va\u0161em dom\u011b | ACTIVE COATING","og_description":"PURE AIR bojuje proti zne\u010di\u0161\u0165uj\u00edc\u00edm l\u00e1tk\u00e1m ve vzduchu a chr\u00e1n\u00ed celou rodinu \u2713 \u017dijte zdrav\u011bji ve sv\u00e9m dom\u011b \u25b6 Zjist\u011bte v\u00edce zde!","og_url":"https:\/\/active-coating.com\/cs\/oblasti-pouziti\/uvod\/","og_site_name":"Active-Coating","article_publisher":"https:\/\/www.facebook.com\/activecoatingmursall\/","article_modified_time":"2021-03-07T21:06:53+00:00","twitter_card":"summary_large_image","twitter_misc":{"Est. reading time":"3 minutes"},"schema":{"@context":"https:\/\/schema.org","@graph":[{"@type":"WebPage","@id":"https:\/\/active-coating.com\/cs\/oblasti-pouziti\/uvod\/","url":"https:\/\/active-coating.com\/cs\/oblasti-pouziti\/uvod\/","name":"Zdrav\u00fd vzduch ve va\u0161em dom\u011b | ACTIVE COATING","isPartOf":{"@id":"https:\/\/active-coating.com\/#website"},"datePublished":"2021-03-07T21:06:08+00:00","dateModified":"2021-03-07T21:06:53+00:00","description":"PURE AIR bojuje proti zne\u010di\u0161\u0165uj\u00edc\u00edm l\u00e1tk\u00e1m ve vzduchu a chr\u00e1n\u00ed celou rodinu \u2713 \u017dijte zdrav\u011bji ve sv\u00e9m dom\u011b \u25b6 Zjist\u011bte v\u00edce zde!","breadcrumb":{"@id":"https:\/\/active-coating.com\/cs\/oblasti-pouziti\/uvod\/#breadcrumb"},"inLanguage":"cs-CZ","potentialAction":[{"@type":"ReadAction","target":["https:\/\/active-coating.com\/cs\/oblasti-pouziti\/uvod\/"]}]},{"@type":"BreadcrumbList","@id":"https:\/\/active-coating.com\/cs\/oblasti-pouziti\/uvod\/#breadcrumb","itemListElement":[{"@type":"ListItem","position":1,"name":"Startseite","item":"https:\/\/active-coating.com\/cs\/uvod\/"},{"@type":"ListItem","position":2,"name":"Oblasti pou\u017eit\u00ed","item":"https:\/\/active-coating.com\/cs\/oblasti-pouziti\/"},{"@type":"ListItem","position":3,"name":"Doma"}]},{"@type":"WebSite","@id":"https:\/\/active-coating.com\/#website","url":"https:\/\/active-coating.com\/","name":"Active-Coating","description":"Be pure inside","publisher":{"@id":"https:\/\/active-coating.com\/#organization"},"potentialAction":[{"@type":"SearchAction","target":{"@type":"EntryPoint","urlTemplate":"https:\/\/active-coating.com\/?s={search_term_string}"},"query-input":{"@type":"PropertyValueSpecification","valueRequired":true,"valueName":"search_term_string"}}],"inLanguage":"cs-CZ"},{"@type":"Organization","@id":"https:\/\/active-coating.com\/#organization","name":"Active Coating","url":"https:\/\/active-coating.com\/","logo":{"@type":"ImageObject","inLanguage":"cs-CZ","@id":"https:\/\/active-coating.com\/#\/schema\/logo\/image\/","url":"","contentUrl":"","caption":"Active Coating"},"image":{"@id":"https:\/\/active-coating.com\/#\/schema\/logo\/image\/"},"sameAs":["https:\/\/www.facebook.com\/activecoatingmursall\/","https:\/\/www.instagram.com\/activecoating","https:\/\/www.youtube.com\/channel\/UCwK25snGaIusJ7wdIrzJArg"]}]}},"_links":{"self":[{"href":"https:\/\/active-coating.com\/cs\/wp-json\/wp\/v2\/pages\/8490","targetHints":{"allow":["GET"]}}],"collection":[{"href":"https:\/\/active-coating.com\/cs\/wp-json\/wp\/v2\/pages"}],"about":[{"href":"https:\/\/active-coating.com\/cs\/wp-json\/wp\/v2\/types\/page"}],"author":[{"embeddable":true,"href":"https:\/\/active-coating.com\/cs\/wp-json\/wp\/v2\/users\/1"}],"replies":[{"embeddable":true,"href":"https:\/\/active-coating.com\/cs\/wp-json\/wp\/v2\/comments?post=8490"}],"version-history":[{"count":4,"href":"https:\/\/active-coating.com\/cs\/wp-json\/wp\/v2\/pages\/8490\/revisions"}],"predecessor-version":[{"id":8544,"href":"https:\/\/active-coating.com\/cs\/wp-json\/wp\/v2\/pages\/8490\/revisions\/8544"}],"up":[{"embeddable":true,"href":"https:\/\/active-coating.com\/cs\/wp-json\/wp\/v2\/pages\/8351"}],"wp:attachment":[{"href":"https:\/\/active-coating.com\/cs\/wp-json\/wp\/v2\/media?parent=8490"}],"curies":[{"name":"wp","href":"https:\/\/api.w.org\/{rel}","templated":true}]}}