{"id":8487,"date":"2021-03-07T21:48:05","date_gmt":"2021-03-07T20:48:05","guid":{"rendered":"http:\/\/active-coating.com\/?page_id=8487"},"modified":"2021-03-07T22:03:53","modified_gmt":"2021-03-07T21:03:53","slug":"lekarska-oblast","status":"publish","type":"page","link":"https:\/\/active-coating.com\/cs\/oblasti-pouziti\/lekarska-oblast\/","title":{"rendered":"L\u00e9ka\u0159sk\u00e1 Oblast"},"content":{"rendered":"<section class=\"l-section wpb_row height_medium\"><div class=\"l-section-h i-cf\"><div class=\"g-cols vc_row via_flex valign_top type_default stacking_default\"><div class=\"vc_col-sm-12 wpb_column vc_column_container\"><div class=\"vc_column-inner\"><div class=\"wpb_wrapper\"><div class=\"g-cols wpb_row via_flex valign_top type_default stacking_default\"><div class=\"vc_col-sm-12 wpb_column vc_column_container\"><div class=\"vc_column-inner\"><div class=\"wpb_wrapper\"><div class=\"wpb_text_column\"><div class=\"wpb_wrapper\"><h2><strong>Antibakteri\u00e1ln\u00ed klima v l\u00e9ka\u0159sk\u00e9m sektoru:<\/strong><\/h2>\n<\/div><\/div><div class=\"wpb_text_column\"><div class=\"wpb_wrapper\"><h1>Bojujte s patogeny pomoc\u00ed <span style=\"font-family: ac-font-regular-300; color: #006169;\">PURb<\/span><span style=\"font-family: ac-font-regular-300; color: #0076bd;\">cAIR<\/span><\/h1>\n<\/div><\/div><div class=\"w-separator size_medium\"><\/div><\/div><\/div><\/div><\/div><div class=\"g-cols wpb_row via_flex valign_top type_default stacking_default\"><div class=\"vc_col-sm-12 wpb_column vc_column_container\"><div class=\"vc_column-inner\"><div class=\"wpb_wrapper\"><div class=\"w-image align_none\"><div class=\"w-image-h\"><img decoding=\"async\" width=\"1015\" height=\"677\" src=\"https:\/\/active-coating.com\/wp-content\/uploads\/2020\/05\/AdobeStock_60209673.jpeg\" class=\"attachment-large size-large\" alt=\"\" loading=\"lazy\" \/><\/div><\/div><div class=\"w-separator size_medium\"><\/div><div class=\"wpb_text_column\"><div class=\"wpb_wrapper\"><p>V \u017e\u00e1dn\u00e9 jin\u00e9 \u017eivotn\u00ed oblasti nen\u00ed zdrav\u00e9 vnit\u0159n\u00ed ovzdu\u0161\u00ed d\u016fle\u017eit\u011bj\u0161\u00ed ne\u017e v l\u00e9ka\u0159sk\u00e9m segmentu. Patogeny p\u0159en\u00e1\u0161en\u00e9 ze vzduchu na lidi s naru\u0161en\u00fdm imunitn\u00edm syst\u00e9mem nebo s otev\u0159en\u00fdmi ranami mohou\u00a0m\u00edt fat\u00e1ln\u00ed d\u016fsledky.\u00a0M\u011b\u0159en\u00ed koncentrace bakteri\u00ed v l\u00e9ka\u0159sk\u00fdch oblastech poskytuje informace o hygienick\u00e9 \u00farovni l\u00e9ka\u0159sk\u00fdch za\u0159\u00edzen\u00ed. Bakterie jsou v\u0161ak p\u0159\u00edtomny v ka\u017ed\u00e9m vnit\u0159n\u00edm prostoru. Nejen \u0161patn\u011b udr\u017eovan\u00e9 klimatiza\u010dn\u00ed syst\u00e9my mohou uvol\u0148ovat bakterie, i nap\u0159\u00edklad &#8211; lidsk\u00e9 t\u011blo je kolonizov\u00e1no nespo\u010detn\u00fdmi bakteriemi. N\u011bkter\u00e9 z nich jsou zdrav\u00ed prosp\u011b\u0161n\u00e9, jin\u00e9 v\u0161ak ohro\u017euj\u00ed \u017eivot a t\u011blo.\u00a0Aby <span style=\"font-family: ac-font-regular-300; color: #006169;\">PURb<\/span><span style=\"font-family: ac-font-regular-300; color: #0076bd;\">cAIR<\/span>\u00a0potla\u010dil tyto fat\u00e1ln\u00ed \u00fa\u010dinky \u0161kodliv\u00fdch bakteri\u00ed a vir\u016f a zabr\u00e1nil jejich \u0161\u00ed\u0159en\u00ed mezi pacienty, vyvinuly jsme inteligentn\u00ed povlak na sklen\u011bn\u00e9 povrchy, kter\u00fd pomoc\u00ed fotochemick\u00e9ho procesu ni\u010d\u00ed patogeny ve vzduchu, kter\u00fd d\u00fdch\u00e1me<\/p>\n<p><strong>Neust\u00e1le \u010dist\u011bte v \u010dek\u00e1rn\u00e1ch vzduch, kter\u00fd d\u00fdch\u00e1te<\/strong><\/p>\n<p>Nebezpe\u010d\u00ed v\u00e1\u017en\u00fdch nemoc\u00ed se \u010dasto neviditeln\u00e9 skr\u00fdv\u00e1. U osob vystaven\u00fdch mikro\u010d\u00e1stic\u00edm, kter\u00e9 jsou zdrav\u00ed \u0161kodliv\u00e9 a kter\u00e9 lidsk\u00e9 oko nedok\u00e1\u017ee rozpoznat, hroz\u00ed riziko fyzick\u00e9ho po\u0161kozen\u00ed &#8211; l\u00e9ka\u0159i si toho jsou v\u011bdomi. Pokud se mal\u00e9 \u010d\u00e1stice dostanou do krevn\u00edho ob\u011bhu, mohou ovlivnit kardiovaskul\u00e1rn\u00ed nebo nervov\u00fd syst\u00e9m a dostat se tak do v\u0161ech org\u00e1n\u016f. L\u00e9ka\u0159i, kte\u0159\u00ed cht\u011bj\u00ed v \u010dek\u00e1rn\u00e1ch chr\u00e1nit sv\u00e9 pacienty, se proto spol\u00e9haj\u00ed na dlouhodob\u00fd n\u00e1t\u011br <span style=\"font-family: ac-font-regular-300; color: #006169;\">PURb<\/span><span style=\"font-family: ac-font-regular-300; color: #0076bd;\">cAIR<\/span>\u00a0na \u010di\u0161t\u011bn\u00ed vzduchu. Zvl\u00e1\u0161t\u011b kdy\u017e se lid\u00e9 s nejr\u016fzn\u011bj\u0161\u00edmi p\u0159\u00edznaky nemoci shroma\u017e\u010fuj\u00ed ve st\u00edsn\u011bn\u00e9m prostoru, se v m\u00edstnosti shroma\u017e\u010fuj\u00ed r\u016fzn\u00e9 viry a bakterie. Tim se o mnoho zvy\u0161uje mo\u017enost infekce mezi pacienty a zdravotnick\u00fdm person\u00e1lem. Proto je v \u010dek\u00e1rn\u00e1ch a o\u0161et\u0159ovn\u00e1ch \u010dist\u00fd vzduch nezbytn\u00fd.<\/p>\n<p><strong>Sni\u017ete m\u00edru infekce v nemocnic\u00edch<\/strong><\/p>\n<div>\n<p>Za p\u0159\u00edtomnosti patogen\u016f je vznik infekce v\u017edy mo\u017en\u00fd. Nemocnice a kliniky v\u0161ech velikost\u00ed proto t\u011b\u017e\u00ed z nov\u00e9ho typu technologie, kter\u00e1 \u0161t\u011bp\u00ed viry a bakterie z vnit\u0159n\u00edho vzduchu. Proto\u017ee i p\u0159es ventilaci se do interi\u00e9ru pacientsk\u00fdch pokoj\u016f dost\u00e1vaj\u00ed zne\u010di\u0161\u0165uj\u00edc\u00ed l\u00e1tky, jako jsou jemn\u00e9 a ultrajemn\u00e9 \u010d\u00e1stice prachu atd. Ultramodern\u00ed n\u00e1t\u011brov\u00fd syst\u00e9m od <span style=\"font-family: ac-font-regular-300; color: #006169;\">PURb<\/span><span style=\"font-family: ac-font-regular-300; color: #0076bd;\">cAIR<\/span>\u00a0tak\u00e9 zabra\u0148uje \u0161\u00ed\u0159en\u00edm alergen\u016f a pylu v nemocnic\u00edch<\/p>\n<p><strong>Optimalizujte obecn\u00e9 klima v m\u00edstnosti.<\/strong><\/p>\n<p>P\u0159i ka\u017ed\u00e9m n\u00e1dechu pronikaj\u00ed nezn\u00e1m\u00e9 drobn\u00e9 vzdu\u0161n\u00e9 \u010d\u00e1stice do lidsk\u00e9ho organismu.\u00a0Ochrann\u00fd aktivn\u00ed syst\u00e9m, kter\u00fd funguje jak se zav\u0159en\u00fdm, tak s otev\u0159en\u00fdm oknem, ani\u017e by to ovlivnilo kvalitu okna, je l\u00e9ka\u0159sk\u00fd pomocn\u00edk, kter\u00fd d\u011bl\u00e1 svou pr\u00e1ci, 24 hodin denn\u011b. Neviditeln\u00fd ochrann\u00fd film je bez z\u00e1pachu pro jak\u00fdkoliv povrch skla a funguje v\u00fdhradn\u011b pomoc\u00ed um\u011bl\u00e9ho nebo p\u0159irozen\u00e9ho sv\u011btla.\u00a0Nejen \u017ee rozpou\u0161t\u00ed ob\u00e1van\u00e9 choroboplodn\u00e9 z\u00e1rodky, ale se tak\u00e9 nesm\u00edrn\u011b zlep\u0161uje klima v m\u00edstnosti, aby se nemocn\u00ed mohli uzdravit za nejlep\u0161\u00edch okolnost\u00ed. Patogeny ovliv\u0148uj\u00ed lidi na cel\u00e9m sv\u011bt\u011b. Rozpoznejte nebezpe\u010d\u00ed a zakro\u010dte proti n\u011bmu &#8211; <span style=\"font-family: ac-font-regular-300; color: #006169;\">PURb<\/span><span style=\"font-family: ac-font-regular-300; color: #0076bd;\">cAIR<\/span>\u00a0slibuje nejvy\u0161\u0161\u00ed \u00fa\u010dinnost v boji proti t\u011bmto patogen\u016fm. Budoucnost za\u010d\u00edn\u00e1 te\u010f. Pro \u010derstv\u00fd, \u010dist\u00fd vzduch a lep\u0161\u00ed zdrav\u00ed.<\/p>\n<\/div>\n<\/div><\/div><\/div><\/div><\/div><\/div><\/div><\/div><\/div><\/div><\/div><\/section>\n","protected":false},"excerpt":{"rendered":"Antibakteri\u00e1ln\u00ed klima v l\u00e9ka\u0159sk\u00e9m sektoru: Bojujte s patogeny pomoc\u00ed PURbcAIR V \u017e\u00e1dn\u00e9 jin\u00e9 \u017eivotn\u00ed oblasti nen\u00ed zdrav\u00e9 vnit\u0159n\u00ed ovzdu\u0161\u00ed d\u016fle\u017eit\u011bj\u0161\u00ed ne\u017e v l\u00e9ka\u0159sk\u00e9m segmentu. Patogeny p\u0159en\u00e1\u0161en\u00e9 ze vzduchu na lidi...","protected":false},"author":1,"featured_media":0,"parent":8351,"menu_order":3,"comment_status":"closed","ping_status":"closed","template":"","meta":{"_price":"","_stock":"","_tribe_ticket_header":"","_tribe_default_ticket_provider":"","_tribe_ticket_capacity":"0","_ticket_start_date":"","_ticket_end_date":"","_tribe_ticket_show_description":"","_tribe_ticket_show_not_going":false,"_tribe_ticket_use_global_stock":"","_tribe_ticket_global_stock_level":"","_global_stock_mode":"","_global_stock_cap":"","_tribe_rsvp_for_event":"","_tribe_ticket_going_count":"","_tribe_ticket_not_going_count":"","_tribe_tickets_list":"[]","_tribe_ticket_has_attendee_info_fields":false,"footnotes":""},"class_list":["post-8487","page","type-page","status-publish","hentry"],"yoast_head":"<title>PURE AIR proti patogen\u016fm | ACTIVE COATING<\/title>\n<meta name=\"description\" content=\"Bojujte s patogeny pomoc\u00ed PURE AIR \u2713 Inteligentn\u00ed n\u00e1t\u011br na sklen\u011bn\u00e9 povrchy \u2713 Chra\u0148te sv\u00e9 pacienty \u25b6 Zjist\u011bte v\u00edce zde!\" \/>\n<meta name=\"robots\" content=\"index, follow, max-snippet:-1, max-image-preview:large, max-video-preview:-1\" \/>\n<link rel=\"canonical\" href=\"https:\/\/active-coating.com\/cs\/oblasti-pouziti\/lekarska-oblast\/\" \/>\n<meta property=\"og:locale\" content=\"cs_CZ\" \/>\n<meta property=\"og:type\" content=\"article\" \/>\n<meta property=\"og:title\" content=\"PURE AIR proti patogen\u016fm | ACTIVE COATING\" \/>\n<meta property=\"og:description\" content=\"Bojujte s patogeny pomoc\u00ed PURE AIR \u2713 Inteligentn\u00ed n\u00e1t\u011br na sklen\u011bn\u00e9 povrchy \u2713 Chra\u0148te sv\u00e9 pacienty \u25b6 Zjist\u011bte v\u00edce zde!\" \/>\n<meta property=\"og:url\" content=\"https:\/\/active-coating.com\/cs\/oblasti-pouziti\/lekarska-oblast\/\" \/>\n<meta property=\"og:site_name\" content=\"Active-Coating\" \/>\n<meta property=\"article:publisher\" content=\"https:\/\/www.facebook.com\/activecoatingmursall\/\" \/>\n<meta property=\"article:modified_time\" content=\"2021-03-07T21:03:53+00:00\" \/>\n<meta name=\"twitter:card\" content=\"summary_large_image\" \/>\n<meta name=\"twitter:label1\" content=\"Est. reading time\" \/>\n\t<meta name=\"twitter:data1\" content=\"2 minutes\" \/>\n<script type=\"application\/ld+json\" class=\"yoast-schema-graph\">{\"@context\":\"https:\\\/\\\/schema.org\",\"@graph\":[{\"@type\":\"WebPage\",\"@id\":\"https:\\\/\\\/active-coating.com\\\/cs\\\/oblasti-pouziti\\\/lekarska-oblast\\\/\",\"url\":\"https:\\\/\\\/active-coating.com\\\/cs\\\/oblasti-pouziti\\\/lekarska-oblast\\\/\",\"name\":\"PURE AIR proti patogen\u016fm | ACTIVE COATING\",\"isPartOf\":{\"@id\":\"https:\\\/\\\/active-coating.com\\\/#website\"},\"datePublished\":\"2021-03-07T20:48:05+00:00\",\"dateModified\":\"2021-03-07T21:03:53+00:00\",\"description\":\"Bojujte s patogeny pomoc\u00ed PURE AIR \u2713 Inteligentn\u00ed n\u00e1t\u011br na sklen\u011bn\u00e9 povrchy \u2713 Chra\u0148te sv\u00e9 pacienty \u25b6 Zjist\u011bte v\u00edce zde!\",\"breadcrumb\":{\"@id\":\"https:\\\/\\\/active-coating.com\\\/cs\\\/oblasti-pouziti\\\/lekarska-oblast\\\/#breadcrumb\"},\"inLanguage\":\"cs-CZ\",\"potentialAction\":[{\"@type\":\"ReadAction\",\"target\":[\"https:\\\/\\\/active-coating.com\\\/cs\\\/oblasti-pouziti\\\/lekarska-oblast\\\/\"]}]},{\"@type\":\"BreadcrumbList\",\"@id\":\"https:\\\/\\\/active-coating.com\\\/cs\\\/oblasti-pouziti\\\/lekarska-oblast\\\/#breadcrumb\",\"itemListElement\":[{\"@type\":\"ListItem\",\"position\":1,\"name\":\"Startseite\",\"item\":\"https:\\\/\\\/active-coating.com\\\/cs\\\/uvod\\\/\"},{\"@type\":\"ListItem\",\"position\":2,\"name\":\"Oblasti pou\u017eit\u00ed\",\"item\":\"https:\\\/\\\/active-coating.com\\\/cs\\\/oblasti-pouziti\\\/\"},{\"@type\":\"ListItem\",\"position\":3,\"name\":\"L\u00e9ka\u0159sk\u00e1 Oblast\"}]},{\"@type\":\"WebSite\",\"@id\":\"https:\\\/\\\/active-coating.com\\\/#website\",\"url\":\"https:\\\/\\\/active-coating.com\\\/\",\"name\":\"Active-Coating\",\"description\":\"Be pure inside\",\"publisher\":{\"@id\":\"https:\\\/\\\/active-coating.com\\\/#organization\"},\"potentialAction\":[{\"@type\":\"SearchAction\",\"target\":{\"@type\":\"EntryPoint\",\"urlTemplate\":\"https:\\\/\\\/active-coating.com\\\/?s={search_term_string}\"},\"query-input\":{\"@type\":\"PropertyValueSpecification\",\"valueRequired\":true,\"valueName\":\"search_term_string\"}}],\"inLanguage\":\"cs-CZ\"},{\"@type\":\"Organization\",\"@id\":\"https:\\\/\\\/active-coating.com\\\/#organization\",\"name\":\"Active Coating\",\"url\":\"https:\\\/\\\/active-coating.com\\\/\",\"logo\":{\"@type\":\"ImageObject\",\"inLanguage\":\"cs-CZ\",\"@id\":\"https:\\\/\\\/active-coating.com\\\/#\\\/schema\\\/logo\\\/image\\\/\",\"url\":\"\",\"contentUrl\":\"\",\"caption\":\"Active Coating\"},\"image\":{\"@id\":\"https:\\\/\\\/active-coating.com\\\/#\\\/schema\\\/logo\\\/image\\\/\"},\"sameAs\":[\"https:\\\/\\\/www.facebook.com\\\/activecoatingmursall\\\/\",\"https:\\\/\\\/www.instagram.com\\\/activecoating\",\"https:\\\/\\\/www.youtube.com\\\/channel\\\/UCwK25snGaIusJ7wdIrzJArg\"]}]}<\/script>","yoast_head_json":{"title":"PURE AIR proti patogen\u016fm | ACTIVE COATING","description":"Bojujte s patogeny pomoc\u00ed PURE AIR \u2713 Inteligentn\u00ed n\u00e1t\u011br na sklen\u011bn\u00e9 povrchy \u2713 Chra\u0148te sv\u00e9 pacienty \u25b6 Zjist\u011bte v\u00edce zde!","robots":{"index":"index","follow":"follow","max-snippet":"max-snippet:-1","max-image-preview":"max-image-preview:large","max-video-preview":"max-video-preview:-1"},"canonical":"https:\/\/active-coating.com\/cs\/oblasti-pouziti\/lekarska-oblast\/","og_locale":"cs_CZ","og_type":"article","og_title":"PURE AIR proti patogen\u016fm | ACTIVE COATING","og_description":"Bojujte s patogeny pomoc\u00ed PURE AIR \u2713 Inteligentn\u00ed n\u00e1t\u011br na sklen\u011bn\u00e9 povrchy \u2713 Chra\u0148te sv\u00e9 pacienty \u25b6 Zjist\u011bte v\u00edce zde!","og_url":"https:\/\/active-coating.com\/cs\/oblasti-pouziti\/lekarska-oblast\/","og_site_name":"Active-Coating","article_publisher":"https:\/\/www.facebook.com\/activecoatingmursall\/","article_modified_time":"2021-03-07T21:03:53+00:00","twitter_card":"summary_large_image","twitter_misc":{"Est. reading time":"2 minutes"},"schema":{"@context":"https:\/\/schema.org","@graph":[{"@type":"WebPage","@id":"https:\/\/active-coating.com\/cs\/oblasti-pouziti\/lekarska-oblast\/","url":"https:\/\/active-coating.com\/cs\/oblasti-pouziti\/lekarska-oblast\/","name":"PURE AIR proti patogen\u016fm | ACTIVE COATING","isPartOf":{"@id":"https:\/\/active-coating.com\/#website"},"datePublished":"2021-03-07T20:48:05+00:00","dateModified":"2021-03-07T21:03:53+00:00","description":"Bojujte s patogeny pomoc\u00ed PURE AIR \u2713 Inteligentn\u00ed n\u00e1t\u011br na sklen\u011bn\u00e9 povrchy \u2713 Chra\u0148te sv\u00e9 pacienty \u25b6 Zjist\u011bte v\u00edce zde!","breadcrumb":{"@id":"https:\/\/active-coating.com\/cs\/oblasti-pouziti\/lekarska-oblast\/#breadcrumb"},"inLanguage":"cs-CZ","potentialAction":[{"@type":"ReadAction","target":["https:\/\/active-coating.com\/cs\/oblasti-pouziti\/lekarska-oblast\/"]}]},{"@type":"BreadcrumbList","@id":"https:\/\/active-coating.com\/cs\/oblasti-pouziti\/lekarska-oblast\/#breadcrumb","itemListElement":[{"@type":"ListItem","position":1,"name":"Startseite","item":"https:\/\/active-coating.com\/cs\/uvod\/"},{"@type":"ListItem","position":2,"name":"Oblasti pou\u017eit\u00ed","item":"https:\/\/active-coating.com\/cs\/oblasti-pouziti\/"},{"@type":"ListItem","position":3,"name":"L\u00e9ka\u0159sk\u00e1 Oblast"}]},{"@type":"WebSite","@id":"https:\/\/active-coating.com\/#website","url":"https:\/\/active-coating.com\/","name":"Active-Coating","description":"Be pure inside","publisher":{"@id":"https:\/\/active-coating.com\/#organization"},"potentialAction":[{"@type":"SearchAction","target":{"@type":"EntryPoint","urlTemplate":"https:\/\/active-coating.com\/?s={search_term_string}"},"query-input":{"@type":"PropertyValueSpecification","valueRequired":true,"valueName":"search_term_string"}}],"inLanguage":"cs-CZ"},{"@type":"Organization","@id":"https:\/\/active-coating.com\/#organization","name":"Active Coating","url":"https:\/\/active-coating.com\/","logo":{"@type":"ImageObject","inLanguage":"cs-CZ","@id":"https:\/\/active-coating.com\/#\/schema\/logo\/image\/","url":"","contentUrl":"","caption":"Active Coating"},"image":{"@id":"https:\/\/active-coating.com\/#\/schema\/logo\/image\/"},"sameAs":["https:\/\/www.facebook.com\/activecoatingmursall\/","https:\/\/www.instagram.com\/activecoating","https:\/\/www.youtube.com\/channel\/UCwK25snGaIusJ7wdIrzJArg"]}]}},"_links":{"self":[{"href":"https:\/\/active-coating.com\/cs\/wp-json\/wp\/v2\/pages\/8487","targetHints":{"allow":["GET"]}}],"collection":[{"href":"https:\/\/active-coating.com\/cs\/wp-json\/wp\/v2\/pages"}],"about":[{"href":"https:\/\/active-coating.com\/cs\/wp-json\/wp\/v2\/types\/page"}],"author":[{"embeddable":true,"href":"https:\/\/active-coating.com\/cs\/wp-json\/wp\/v2\/users\/1"}],"replies":[{"embeddable":true,"href":"https:\/\/active-coating.com\/cs\/wp-json\/wp\/v2\/comments?post=8487"}],"version-history":[{"count":6,"href":"https:\/\/active-coating.com\/cs\/wp-json\/wp\/v2\/pages\/8487\/revisions"}],"predecessor-version":[{"id":8542,"href":"https:\/\/active-coating.com\/cs\/wp-json\/wp\/v2\/pages\/8487\/revisions\/8542"}],"up":[{"embeddable":true,"href":"https:\/\/active-coating.com\/cs\/wp-json\/wp\/v2\/pages\/8351"}],"wp:attachment":[{"href":"https:\/\/active-coating.com\/cs\/wp-json\/wp\/v2\/media?parent=8487"}],"curies":[{"name":"wp","href":"https:\/\/api.w.org\/{rel}","templated":true}]}}