{"id":8405,"date":"2021-02-25T18:31:49","date_gmt":"2021-02-25T17:31:49","guid":{"rendered":"http:\/\/active-coating.com\/?page_id=8405"},"modified":"2021-03-07T22:15:08","modified_gmt":"2021-03-07T21:15:08","slug":"cestovni-ruch","status":"publish","type":"page","link":"https:\/\/active-coating.com\/cs\/oblasti-pouziti\/cestovni-ruch\/","title":{"rendered":"Cestovn\u00ed ruch"},"content":{"rendered":"<section class=\"l-section wpb_row height_medium\"><div class=\"l-section-h i-cf\"><div class=\"g-cols vc_row via_flex valign_top type_default stacking_default\"><div class=\"vc_col-sm-12 wpb_column vc_column_container\"><div class=\"vc_column-inner\"><div class=\"wpb_wrapper\"><div class=\"g-cols wpb_row via_flex valign_top type_default stacking_default\"><div class=\"vc_col-sm-12 wpb_column vc_column_container\"><div class=\"vc_column-inner\"><div class=\"wpb_wrapper\"><div class=\"wpb_text_column\"><div class=\"wpb_wrapper\"><div>\n<h2><strong>Cestovn\u00ed ruch &#8211; hygienick\u00fd a zdrav\u00fd:<\/strong><\/h2>\n<\/div>\n<\/div><\/div><div class=\"wpb_text_column\"><div class=\"wpb_wrapper\"><div>\n<h1><strong>D\u00fdchejte \u010dist\u00fd vzduch pomoc\u00ed <span style=\"font-family: ac-font-regular-300; color: #006169;\">PURb<\/span><span style=\"font-family: ac-font-regular-300; color: #0076bd;\">cAIR<\/span><\/strong><\/h1>\n<\/div>\n<\/div><\/div><div class=\"w-separator size_small\"><\/div><\/div><\/div><\/div><\/div><div class=\"g-cols wpb_row via_flex valign_top type_default stacking_default\"><div class=\"vc_col-sm-12 wpb_column vc_column_container\"><div class=\"vc_column-inner\"><div class=\"wpb_wrapper\"><div class=\"wpb_text_column\"><div class=\"wpb_wrapper\"><div>\n<p>Nejen americk\u00e1 agentura pro \u017eivotn\u00ed prost\u0159ed\u00ed EPA, ale tak\u00e9 Sv\u011btov\u00e1 zdravotnick\u00e1 organizace (WHO) zve\u0159ejnila \u0159adu v\u00fdsledk\u016f epidemiologick\u00fdch studi\u00ed o \u00fa\u010dinc\u00edch jemn\u00e9ho prachu na glob\u00e1ln\u00ed lidsk\u00e9 zdrav\u00ed. V\u0161ichni davaj\u00ed na v\u011bdom\u00ed, \u017ee i kr\u00e1tk\u00e9 vystaven\u00ed drobn\u00fdm \u010d\u00e1stic\u00edm vzduchu m\u00e1 dopad na m\u00edru \u00famrt\u00ed lid\u00ed. To je tak\u00e9 d\u016fvod, pro\u010d WHO ji\u017e dlouho doporu\u010duje mezn\u00ed hodnotu jemn\u00e9ho prachu ,10 mikrogram\u016f na metr krychlov\u00fd vzduchu &#8211; ale v sou\u010dasn\u00e9 dob\u011b EU st\u00e1le povoluje mezn\u00ed hodnotu 25 mikrogram\u016f \u2013 2,5x v\u00edce<\/p>\n<div>\n<p>V\u011bdci, l\u00e9ka\u0159i a politici proto vedou kampa\u0148 za p\u0159izp\u016fsoben\u00ed p\u0159\u00edsn\u011bj\u0161\u00ed mezn\u00ed hodnoty. <span lang=\"EN-US\">Bohu\u017eel se to lidem v t\u00e9to zemi dosud nepoda\u0159ilo dos\u00e1hnout. D\u00edky sv\u00e9mu jedine\u010dn\u00e9mu syst\u00e9mu n\u00e1t\u011bru zaru\u010duje <span style=\"font-family: ac-font-regular-300; color: #006169;\">PURb<\/span><span style=\"font-family: ac-font-regular-300; color: #0076bd;\">cAIR<\/span>\u00a0\u010dist\u0161\u00ed a zdrav\u011bj\u0161\u00ed vzduch, kter\u00fd ovliv\u0148uje pohodu \u010dlov\u011bka ve vnit\u0159n\u00edch prostorech. V odv\u011btv\u00ed cestovn\u00edho ruchu to znamen\u00e1: U\u017eijte si nejkr\u00e1sn\u011bj\u0161\u00ed obdob\u00ed roku bezstarostn\u011b a voln\u011b d\u00fdchejte.<\/span><\/p>\n<\/div>\n<p>&nbsp;<\/p>\n<\/div>\n<\/div><\/div><div class=\"w-image align_none\"><div class=\"w-image-h\"><img decoding=\"async\" width=\"1015\" height=\"451\" src=\"https:\/\/active-coating.com\/wp-content\/uploads\/2020\/06\/AdobeStock_156114873.jpg\" class=\"attachment-large size-large\" alt=\"\" loading=\"lazy\" \/><\/div><\/div><div class=\"w-separator size_small\"><\/div><div class=\"wpb_text_column\"><div class=\"wpb_wrapper\"><p><strong>Zaru\u010dte \u010dist\u00e9 klima v hotelov\u00e9m provozu<\/strong><\/p>\n<div>\n<p>V hotelech na cel\u00e9m sv\u011bt\u011b se sch\u00e1zej\u00ed lid\u00e9 ze v\u0161ech n\u00e1rod\u016f \u2013 a s nimi v\u0161echny druhy vir\u016f a bakteri\u00ed. Zat\u00edmco rodiny, p\u00e1ry nebo obchodn\u00ed cestuj\u00edc\u00ed se spole\u010dn\u011b st\u00fdkaj\u00ed v hotelov\u00e9 hale, sn\u00eddaj\u00ed v j\u00eddeln\u011b nebo relaxuj\u00ed p\u0159i mas\u00e1\u017ei, v\u00e1\u017ee neviditeln\u00fd okenn\u00ed n\u00e1t\u011br <span style=\"font-family: ac-font-regular-300; color: #006169;\">PURb<\/span><span style=\"font-family: ac-font-regular-300; color: #0076bd;\">cAIR<\/span>\u00a0i ty nejmen\u0161\u00ed \u010d\u00e1stice ze vzduchu a \u010din\u00ed je ne\u0161kodn\u00fdmi. To znamen\u00e1: nejlep\u0161\u00ed podm\u00ednky a jedine\u010dn\u011b \u010dist\u00e9 hotelov\u00e9 klima pro hosty v ka\u017ed\u00e9m interi\u00e9ru.<\/p>\n<div>\n<p><strong>\u00a0<\/strong><\/p>\n<\/div>\n<\/div>\n<div>\n<p>&nbsp;<\/p>\n<\/div>\n<\/div><\/div><div class=\"w-image align_none\"><div class=\"w-image-h\"><img decoding=\"async\" width=\"1015\" height=\"548\" src=\"https:\/\/active-coating.com\/wp-content\/uploads\/2020\/06\/AdobeStock_204375443.jpeg\" class=\"attachment-large size-large\" alt=\"\" loading=\"lazy\" \/><\/div><\/div><div class=\"w-separator size_small\"><\/div><div class=\"wpb_text_column\"><div class=\"wpb_wrapper\"><p><strong>Ochrana host\u016f v restaurac\u00edch<\/strong><\/p>\n<p>Nen\u00ed \u017e\u00e1dn\u00fdm tajemstv\u00edm, \u017ee mnoho lid\u00ed \u00a0sd\u00edl\u00ed spole\u010dn\u011b vzduch, kter\u00fd d\u00fdchaj\u00ed v m\u00edstnosti, zejm\u00e9na p\u0159i stravov\u00e1n\u00ed. Povaha vzduchu v m\u00edstnosti se v\u0161ak m\u016f\u017ee velmi li\u0161it. V\u011bt\u0161ina \u00a0majitel\u016f Restaurac\u00ed ji\u017e v\u011bnuje pozornost pravideln\u00e9mu v\u011btr\u00e1n\u00ed, aby udr\u017eovala vnit\u0159n\u00ed cirkulaci vzduchu. Zaji\u0161t\u011bn\u00ed \u010dist\u00e9ho vzduchu je tak\u00e9 mnohem snaz\u0161\u00ed \u2013 pomoc\u00ed <span style=\"font-family: ac-font-regular-300; color: #006169;\">PURb<\/span><span style=\"font-family: ac-font-regular-300; color: #0076bd;\">cAIR<\/span>\u00a0. Po aplikaci ochrann\u00e9ho n\u00e1t\u011bru na sklen\u011bn\u00e9 povrchy kvalifikovan\u00fdm person\u00e1lem nen\u00ed t\u0159eba dodr\u017eovat \u017e\u00e1dn\u00e9 dal\u0161\u00ed pokyny na ochranu host\u016f. Um\u011bl\u00e9 i p\u0159irozen\u00e9 sv\u011btlo nep\u0159etr\u017eit\u011b aktivuje okenn\u00ed tabule k rozpu\u0161t\u011bn\u00ed patogen\u016f a prachov\u00fdch \u010d\u00e1stic, tak\u017ee je lze potom jednodu\u0161e set\u0159\u00edt nebo vys\u00e1t &#8211; co\u017e zlep\u0161uje kvalitu pobytu v jak\u00e9koli restauraci nebo kav\u00e1rn\u011b.<\/p>\n<p><strong>Vybavte dopravn\u00ed prost\u0159edky nejlep\u0161\u00edm syst\u00e9mem \u010di\u0161t\u011bn\u00ed vzduchu.<\/strong><\/p>\n<div>\n<p>Cestuj\u00edc\u00ed, kte\u0159\u00ed pou\u017e\u00edvaj\u00ed dopravn\u00ed prost\u0159edky k tr\u00e1ven\u00ed dovolen\u00e9 nebo k dosa\u017een\u00ed jin\u00e9ho c\u00edle, jsou nejen ve spole\u010dnosti ostatn\u00edch cestuj\u00edc\u00edch, ale tak\u00e9 v kontaktu s vn\u011bj\u0161\u00edm a vnit\u0159n\u00edm vzduchem. <span data-language-for-alternatives=\"cs\" data-language-to-translate-into=\"de\" data-phrase-index=\"1\">I extr\u00e9mn\u011b nebezpe\u010dn\u00e9 ultrajemn\u00e9 \u010d\u00e1stice prachu mohou proniknout hluboko do t\u011bla. Nejnov\u011bj\u0161\u00ed studie ukazuj\u00ed, \u017ee tam, kde je vystaven\u00ed jemn\u00e9mu a ultrajemn\u00e9mu prachu obzvl\u00e1\u0161t\u011b vysok\u00e9, se tak\u00e9 zvy\u0161uje m\u00edra lid\u00ed n\u00e1chyln\u00fdch k infekci. Jin\u00fdmi slovy, pokud lid\u00e9 vdechuj\u00ed mnoho zne\u010di\u0161\u0165uj\u00edc\u00edch \u010d\u00e1stic, zvy\u0161uje se tak\u00e9 riziko onemocn\u011bn\u00ed d\u00fdchac\u00edmi nebo kardiovaskul\u00e1rn\u00edmi chorobami. Aktivn\u00ed syst\u00e9m <span style=\"font-family: ac-font-regular-300; color: #006169;\">PURb<\/span><span style=\"font-family: ac-font-regular-300; color: #0076bd;\">cAIR<\/span>\u00a0je dokonal\u00fdm inovativn\u00edm \u0159e\u0161en\u00edm, d\u00edky n\u011bmu\u017e se lid\u00e9 mohou bezpe\u010dn\u011bji pohybovat na leti\u0161ti, na v\u00fdletn\u00edch lod\u00edch nebo u autobusov\u00fdch spole\u010dnost\u00ed<\/span><\/p>\n<div>\n<p><span lang=\"EN-US\"><span style=\"font-family: ac-font-regular-300; color: #006169;\">PURb<\/span><span style=\"font-family: ac-font-regular-300; color: #0076bd;\">cAIR<\/span>\u00a0je odoln\u00fd a jeho trvanlivost je a\u017e 30 let. D\u00edky n\u00edzk\u00fdm po\u0159izovac\u00edm n\u00e1klad\u016fm tak\u00e9 boduje v\u016f\u010di drah\u00fdm ventila\u010dn\u00edm syst\u00e9m\u016fm, kter\u00e9 jsou velmi n\u00e1ro\u010dn\u00e9 na \u00fadr\u017ebu.<\/span> <span data-language-for-alternatives=\"cs\" data-language-to-translate-into=\"de\" data-phrase-index=\"1\">Dopravn\u00ed spole\u010dnosti, hotely a restaurace\u00a0 se t\u00edm otv\u00edraj\u00ed nov\u00fdm mo\u017enostem optimalizovan\u00e9 atmosf\u00e9ry ovzdu\u0161\u00ed a z\u00e1rove\u0148 vytv\u00e1\u0159ej\u00ed nadhodnotu pro sv\u00e9 hosty<\/span><\/p>\n<div>\n<p><strong>Skute\u010dnost, \u017ee zne\u010di\u0161t\u011bn\u00ed ovzdu\u0161\u00ed zvy\u0161uje nebezpe\u010dnost koronaviru, nep\u0159ekvapuje, naopak: V roce 2003 pozorovali odborn\u00edci stejn\u00fd \u00fa\u010dinek u bl\u00edzce p\u0159\u00edbuzn\u00e9ho viru Sars-CoV. <\/strong><span data-language-for-alternatives=\"cs\" data-language-to-translate-into=\"de\" data-phrase-index=\"1\"><strong>Dokonce i v pandemii ch\u0159ipky 1918\/19 m\u011bly zne\u010di\u0161\u0165uj\u00edc\u00ed l\u00e1tky pravd\u011bpodobn\u011b z\u00e1va\u017en\u00e9 zdravotn\u00ed \u00fa\u010dinky. V roce 2015 analyzovala skupina veden\u00e1 Karen Clayovou z Carnegie Mellon University dopady emis\u00ed z uheln\u00fdch elektr\u00e1ren ve 183 m\u011bstech USA. V\u00fdsledek: I kdyby bylo zne\u010di\u0161t\u011bn\u00ed ovzdu\u0161\u00ed v t\u011b\u017ece posti\u017een\u00fdch m\u011bstech sn\u00ed\u017eeno na st\u0159edn\u00ed \u00farove\u0148, na \u0161pan\u011blskou ch\u0159ipku by zem\u0159elo asi o 20 000 lid\u00ed m\u00e9n\u011b.<\/strong> <\/span><\/p>\n<\/div>\n<\/div>\n<\/div>\n<\/div><\/div><\/div><\/div><\/div><\/div><\/div><\/div><\/div><\/div><\/div><\/section>\n","protected":false},"excerpt":{"rendered":"Cestovn\u00ed ruch &#8211; hygienick\u00fd a zdrav\u00fd: D\u00fdchejte \u010dist\u00fd vzduch pomoc\u00ed PURbcAIR Nejen americk\u00e1 agentura pro \u017eivotn\u00ed prost\u0159ed\u00ed EPA, ale tak\u00e9 Sv\u011btov\u00e1 zdravotnick\u00e1 organizace (WHO) zve\u0159ejnila \u0159adu v\u00fdsledk\u016f epidemiologick\u00fdch studi\u00ed o...","protected":false},"author":1,"featured_media":0,"parent":8351,"menu_order":6,"comment_status":"closed","ping_status":"closed","template":"","meta":{"_price":"","_stock":"","_tribe_ticket_header":"","_tribe_default_ticket_provider":"","_tribe_ticket_capacity":"0","_ticket_start_date":"","_ticket_end_date":"","_tribe_ticket_show_description":"","_tribe_ticket_show_not_going":false,"_tribe_ticket_use_global_stock":"","_tribe_ticket_global_stock_level":"","_global_stock_mode":"","_global_stock_cap":"","_tribe_rsvp_for_event":"","_tribe_ticket_going_count":"","_tribe_ticket_not_going_count":"","_tribe_tickets_list":"[]","_tribe_ticket_has_attendee_info_fields":false,"footnotes":""},"class_list":["post-8405","page","type-page","status-publish","hentry"],"yoast_head":"<title>PURE AIR pro ve\u0159ejn\u00e9 budovy | ACTIVE COATING<\/title>\n<meta name=\"description\" content=\"PURE AIR odstra\u0148uje jemn\u00e9 a ultrajemn\u00e9 prachov\u00e9 \u010d\u00e1stice ze vzduchu v Hotelech, v Pensionech atd. \u2713 Ochrana zdrav\u00ed zam\u011bstnanc\u016f \u25b6 Zjist\u011bte v\u00edce!\" \/>\n<meta name=\"robots\" content=\"index, follow, max-snippet:-1, max-image-preview:large, max-video-preview:-1\" \/>\n<link rel=\"canonical\" href=\"https:\/\/active-coating.com\/cs\/oblasti-pouziti\/cestovni-ruch\/\" \/>\n<meta property=\"og:locale\" content=\"cs_CZ\" \/>\n<meta property=\"og:type\" content=\"article\" \/>\n<meta property=\"og:title\" content=\"PURE AIR pro ve\u0159ejn\u00e9 budovy | ACTIVE COATING\" \/>\n<meta property=\"og:description\" content=\"PURE AIR odstra\u0148uje jemn\u00e9 a ultrajemn\u00e9 prachov\u00e9 \u010d\u00e1stice ze vzduchu v Hotelech, v Pensionech atd. \u2713 Ochrana zdrav\u00ed zam\u011bstnanc\u016f \u25b6 Zjist\u011bte v\u00edce!\" \/>\n<meta property=\"og:url\" content=\"https:\/\/active-coating.com\/cs\/oblasti-pouziti\/cestovni-ruch\/\" \/>\n<meta property=\"og:site_name\" content=\"Active-Coating\" \/>\n<meta property=\"article:publisher\" content=\"https:\/\/www.facebook.com\/activecoatingmursall\/\" \/>\n<meta property=\"article:modified_time\" content=\"2021-03-07T21:15:08+00:00\" \/>\n<meta name=\"twitter:card\" content=\"summary_large_image\" \/>\n<meta name=\"twitter:label1\" content=\"Est. reading time\" \/>\n\t<meta name=\"twitter:data1\" content=\"3 minutes\" \/>\n<script type=\"application\/ld+json\" class=\"yoast-schema-graph\">{\"@context\":\"https:\\\/\\\/schema.org\",\"@graph\":[{\"@type\":\"WebPage\",\"@id\":\"https:\\\/\\\/active-coating.com\\\/cs\\\/oblasti-pouziti\\\/cestovni-ruch\\\/\",\"url\":\"https:\\\/\\\/active-coating.com\\\/cs\\\/oblasti-pouziti\\\/cestovni-ruch\\\/\",\"name\":\"PURE AIR pro ve\u0159ejn\u00e9 budovy | ACTIVE COATING\",\"isPartOf\":{\"@id\":\"https:\\\/\\\/active-coating.com\\\/#website\"},\"datePublished\":\"2021-02-25T17:31:49+00:00\",\"dateModified\":\"2021-03-07T21:15:08+00:00\",\"description\":\"PURE AIR odstra\u0148uje jemn\u00e9 a ultrajemn\u00e9 prachov\u00e9 \u010d\u00e1stice ze vzduchu v Hotelech, v Pensionech atd. \u2713 Ochrana zdrav\u00ed zam\u011bstnanc\u016f \u25b6 Zjist\u011bte v\u00edce!\",\"breadcrumb\":{\"@id\":\"https:\\\/\\\/active-coating.com\\\/cs\\\/oblasti-pouziti\\\/cestovni-ruch\\\/#breadcrumb\"},\"inLanguage\":\"cs-CZ\",\"potentialAction\":[{\"@type\":\"ReadAction\",\"target\":[\"https:\\\/\\\/active-coating.com\\\/cs\\\/oblasti-pouziti\\\/cestovni-ruch\\\/\"]}]},{\"@type\":\"BreadcrumbList\",\"@id\":\"https:\\\/\\\/active-coating.com\\\/cs\\\/oblasti-pouziti\\\/cestovni-ruch\\\/#breadcrumb\",\"itemListElement\":[{\"@type\":\"ListItem\",\"position\":1,\"name\":\"Startseite\",\"item\":\"https:\\\/\\\/active-coating.com\\\/cs\\\/uvod\\\/\"},{\"@type\":\"ListItem\",\"position\":2,\"name\":\"Oblasti pou\u017eit\u00ed\",\"item\":\"https:\\\/\\\/active-coating.com\\\/cs\\\/oblasti-pouziti\\\/\"},{\"@type\":\"ListItem\",\"position\":3,\"name\":\"Cestovn\u00ed ruch\"}]},{\"@type\":\"WebSite\",\"@id\":\"https:\\\/\\\/active-coating.com\\\/#website\",\"url\":\"https:\\\/\\\/active-coating.com\\\/\",\"name\":\"Active-Coating\",\"description\":\"Be pure inside\",\"publisher\":{\"@id\":\"https:\\\/\\\/active-coating.com\\\/#organization\"},\"potentialAction\":[{\"@type\":\"SearchAction\",\"target\":{\"@type\":\"EntryPoint\",\"urlTemplate\":\"https:\\\/\\\/active-coating.com\\\/?s={search_term_string}\"},\"query-input\":{\"@type\":\"PropertyValueSpecification\",\"valueRequired\":true,\"valueName\":\"search_term_string\"}}],\"inLanguage\":\"cs-CZ\"},{\"@type\":\"Organization\",\"@id\":\"https:\\\/\\\/active-coating.com\\\/#organization\",\"name\":\"Active Coating\",\"url\":\"https:\\\/\\\/active-coating.com\\\/\",\"logo\":{\"@type\":\"ImageObject\",\"inLanguage\":\"cs-CZ\",\"@id\":\"https:\\\/\\\/active-coating.com\\\/#\\\/schema\\\/logo\\\/image\\\/\",\"url\":\"\",\"contentUrl\":\"\",\"caption\":\"Active Coating\"},\"image\":{\"@id\":\"https:\\\/\\\/active-coating.com\\\/#\\\/schema\\\/logo\\\/image\\\/\"},\"sameAs\":[\"https:\\\/\\\/www.facebook.com\\\/activecoatingmursall\\\/\",\"https:\\\/\\\/www.instagram.com\\\/activecoating\",\"https:\\\/\\\/www.youtube.com\\\/channel\\\/UCwK25snGaIusJ7wdIrzJArg\"]}]}<\/script>","yoast_head_json":{"title":"PURE AIR pro ve\u0159ejn\u00e9 budovy | ACTIVE COATING","description":"PURE AIR odstra\u0148uje jemn\u00e9 a ultrajemn\u00e9 prachov\u00e9 \u010d\u00e1stice ze vzduchu v Hotelech, v Pensionech atd. \u2713 Ochrana zdrav\u00ed zam\u011bstnanc\u016f \u25b6 Zjist\u011bte v\u00edce!","robots":{"index":"index","follow":"follow","max-snippet":"max-snippet:-1","max-image-preview":"max-image-preview:large","max-video-preview":"max-video-preview:-1"},"canonical":"https:\/\/active-coating.com\/cs\/oblasti-pouziti\/cestovni-ruch\/","og_locale":"cs_CZ","og_type":"article","og_title":"PURE AIR pro ve\u0159ejn\u00e9 budovy | ACTIVE COATING","og_description":"PURE AIR odstra\u0148uje jemn\u00e9 a ultrajemn\u00e9 prachov\u00e9 \u010d\u00e1stice ze vzduchu v Hotelech, v Pensionech atd. \u2713 Ochrana zdrav\u00ed zam\u011bstnanc\u016f \u25b6 Zjist\u011bte v\u00edce!","og_url":"https:\/\/active-coating.com\/cs\/oblasti-pouziti\/cestovni-ruch\/","og_site_name":"Active-Coating","article_publisher":"https:\/\/www.facebook.com\/activecoatingmursall\/","article_modified_time":"2021-03-07T21:15:08+00:00","twitter_card":"summary_large_image","twitter_misc":{"Est. reading time":"3 minutes"},"schema":{"@context":"https:\/\/schema.org","@graph":[{"@type":"WebPage","@id":"https:\/\/active-coating.com\/cs\/oblasti-pouziti\/cestovni-ruch\/","url":"https:\/\/active-coating.com\/cs\/oblasti-pouziti\/cestovni-ruch\/","name":"PURE AIR pro ve\u0159ejn\u00e9 budovy | ACTIVE COATING","isPartOf":{"@id":"https:\/\/active-coating.com\/#website"},"datePublished":"2021-02-25T17:31:49+00:00","dateModified":"2021-03-07T21:15:08+00:00","description":"PURE AIR odstra\u0148uje jemn\u00e9 a ultrajemn\u00e9 prachov\u00e9 \u010d\u00e1stice ze vzduchu v Hotelech, v Pensionech atd. \u2713 Ochrana zdrav\u00ed zam\u011bstnanc\u016f \u25b6 Zjist\u011bte v\u00edce!","breadcrumb":{"@id":"https:\/\/active-coating.com\/cs\/oblasti-pouziti\/cestovni-ruch\/#breadcrumb"},"inLanguage":"cs-CZ","potentialAction":[{"@type":"ReadAction","target":["https:\/\/active-coating.com\/cs\/oblasti-pouziti\/cestovni-ruch\/"]}]},{"@type":"BreadcrumbList","@id":"https:\/\/active-coating.com\/cs\/oblasti-pouziti\/cestovni-ruch\/#breadcrumb","itemListElement":[{"@type":"ListItem","position":1,"name":"Startseite","item":"https:\/\/active-coating.com\/cs\/uvod\/"},{"@type":"ListItem","position":2,"name":"Oblasti pou\u017eit\u00ed","item":"https:\/\/active-coating.com\/cs\/oblasti-pouziti\/"},{"@type":"ListItem","position":3,"name":"Cestovn\u00ed ruch"}]},{"@type":"WebSite","@id":"https:\/\/active-coating.com\/#website","url":"https:\/\/active-coating.com\/","name":"Active-Coating","description":"Be pure inside","publisher":{"@id":"https:\/\/active-coating.com\/#organization"},"potentialAction":[{"@type":"SearchAction","target":{"@type":"EntryPoint","urlTemplate":"https:\/\/active-coating.com\/?s={search_term_string}"},"query-input":{"@type":"PropertyValueSpecification","valueRequired":true,"valueName":"search_term_string"}}],"inLanguage":"cs-CZ"},{"@type":"Organization","@id":"https:\/\/active-coating.com\/#organization","name":"Active Coating","url":"https:\/\/active-coating.com\/","logo":{"@type":"ImageObject","inLanguage":"cs-CZ","@id":"https:\/\/active-coating.com\/#\/schema\/logo\/image\/","url":"","contentUrl":"","caption":"Active Coating"},"image":{"@id":"https:\/\/active-coating.com\/#\/schema\/logo\/image\/"},"sameAs":["https:\/\/www.facebook.com\/activecoatingmursall\/","https:\/\/www.instagram.com\/activecoating","https:\/\/www.youtube.com\/channel\/UCwK25snGaIusJ7wdIrzJArg"]}]}},"_links":{"self":[{"href":"https:\/\/active-coating.com\/cs\/wp-json\/wp\/v2\/pages\/8405","targetHints":{"allow":["GET"]}}],"collection":[{"href":"https:\/\/active-coating.com\/cs\/wp-json\/wp\/v2\/pages"}],"about":[{"href":"https:\/\/active-coating.com\/cs\/wp-json\/wp\/v2\/types\/page"}],"author":[{"embeddable":true,"href":"https:\/\/active-coating.com\/cs\/wp-json\/wp\/v2\/users\/1"}],"replies":[{"embeddable":true,"href":"https:\/\/active-coating.com\/cs\/wp-json\/wp\/v2\/comments?post=8405"}],"version-history":[{"count":13,"href":"https:\/\/active-coating.com\/cs\/wp-json\/wp\/v2\/pages\/8405\/revisions"}],"predecessor-version":[{"id":8554,"href":"https:\/\/active-coating.com\/cs\/wp-json\/wp\/v2\/pages\/8405\/revisions\/8554"}],"up":[{"embeddable":true,"href":"https:\/\/active-coating.com\/cs\/wp-json\/wp\/v2\/pages\/8351"}],"wp:attachment":[{"href":"https:\/\/active-coating.com\/cs\/wp-json\/wp\/v2\/media?parent=8405"}],"curies":[{"name":"wp","href":"https:\/\/api.w.org\/{rel}","templated":true}]}}