{"id":8402,"date":"2021-02-25T18:15:20","date_gmt":"2021-02-25T17:15:20","guid":{"rendered":"http:\/\/active-coating.com\/?page_id=8402"},"modified":"2021-07-19T11:48:01","modified_gmt":"2021-07-19T09:48:01","slug":"pure-air","status":"publish","type":"page","link":"https:\/\/active-coating.com\/cs\/pure-air\/","title":{"rendered":"PURE AIR"},"content":{"rendered":"<section class=\"l-section wpb_row height_small width_full\"><div class=\"l-section-h i-cf\"><div class=\"g-cols vc_row via_flex valign_top type_default stacking_default\"><div class=\"vc_col-sm-12 wpb_column vc_column_container\"><div class=\"vc_column-inner\"><div class=\"wpb_wrapper\"><div class=\"wpb_text_column\"><div class=\"wpb_wrapper\"><h1 style=\"text-align: center;\"><span style=\"font-family: ac-font-regular-300; color: #006169;\">PURb<\/span><span style=\"font-family: ac-font-regular-300; color: #0076bd;\">cAIR\u00a0<\/span><\/h1>\n<\/div><\/div><\/div><\/div><\/div><\/div><\/div><\/section><section class=\"l-section wpb_row height_small\"><div class=\"l-section-h i-cf\"><div class=\"g-cols vc_row via_flex valign_top type_default stacking_default\"><div class=\"vc_col-sm-12 wpb_column vc_column_container\"><div class=\"vc_column-inner\"><div class=\"wpb_wrapper\"><div class=\"g-cols wpb_row via_flex valign_top type_default stacking_default\"><div class=\"vc_col-sm-12 wpb_column vc_column_container\"><div class=\"vc_column-inner\"><div class=\"wpb_wrapper\"><div class=\"wpb_text_column\"><div class=\"wpb_wrapper\"><p>V\u00fdrobek proti ultrajemn\u00e9mu prachu, vir\u016fm, bakteri\u00edm a alergen\u016fm na v\u0161echny sklen\u011bn\u00e9 povrchy s 30-ti letou z\u00e1rukou, kter\u00fd na sklo pro V\u00e1s aplikuje profesion\u00e1lni t\u00fdm. PUR AIR trvale p\u0159ilne k povrchu skla a nelze ho odstranit \u017e\u00e1dn\u00fdm\u00a0b\u011b\u017en\u00fdm \u010distic\u00edm prost\u0159edkem.<\/p>\n<\/div><\/div><div class=\"wpb_text_column\"><div class=\"wpb_wrapper\"><p>Zku\u0161ebn\u00ed protokoly a certifik\u00e1ty najdete v\u00a0Oblasti pro stahov\u00e1n\u00ed &#8211; laboratorn\u00ed zpr\u00e1va.<\/p>\n<\/div><\/div><\/div><\/div><\/div><\/div><\/div><\/div><\/div><\/div><\/div><\/section><section class=\"l-section wpb_row height_auto\"><div class=\"l-section-h i-cf\"><div class=\"g-cols vc_row via_flex valign_top type_default stacking_default\"><div class=\"vc_col-sm-12 wpb_column vc_column_container\"><div class=\"vc_column-inner\"><div class=\"wpb_wrapper\"><div class=\"w-video align_none ratio_16x9 has_iframe\"><div class=\"w-video-h\"><iframe title=\"Youtube video player\" src=\"\/\/www.youtube.com\/embed\/JRuQZ0qq4lo?autoplay=0&controls=0&origin=https:\/\/active-coating.com\/cs\/&loop=0&mute=0\" allowfullscreen=\"1\" loading=\"lazy\"><\/iframe><\/div><\/div><\/div><\/div><\/div><\/div><\/div><\/section>\n","protected":false},"excerpt":{"rendered":"PURbcAIR\u00a0 V\u00fdrobek proti ultrajemn\u00e9mu prachu, vir\u016fm, bakteri\u00edm a alergen\u016fm na v\u0161echny sklen\u011bn\u00e9 povrchy s 30-ti letou z\u00e1rukou, kter\u00fd na sklo pro V\u00e1s aplikuje profesion\u00e1lni t\u00fdm. PUR AIR trvale p\u0159ilne k...","protected":false},"author":1,"featured_media":8948,"parent":0,"menu_order":2,"comment_status":"closed","ping_status":"closed","template":"","meta":{"_price":"","_stock":"","_tribe_ticket_header":"","_tribe_default_ticket_provider":"","_tribe_ticket_capacity":"0","_ticket_start_date":"","_ticket_end_date":"","_tribe_ticket_show_description":"","_tribe_ticket_show_not_going":false,"_tribe_ticket_use_global_stock":"","_tribe_ticket_global_stock_level":"","_global_stock_mode":"","_global_stock_cap":"","_tribe_rsvp_for_event":"","_tribe_ticket_going_count":"","_tribe_ticket_not_going_count":"","_tribe_tickets_list":"[]","_tribe_ticket_has_attendee_info_fields":false,"footnotes":""},"class_list":["post-8402","page","type-page","status-publish","has-post-thumbnail","hentry"],"yoast_head":"<title>PURE AIR | proti vir\u016fm a bakteri\u00edm v interi\u00e9ru | Active Coating<\/title>\n<meta name=\"description\" content=\"PURE AIR proti ultrajemn\u00e9mu prachu, vir\u016fm, bakteri\u00edm a alergen\u016fm \u2713 Na v\u0161echny sklen\u011bn\u00e9 povrchy \u2713 Z\u00e1ruka 30 let \u2713 Aplikov\u00e1no profesion\u00e1lem \u25b6 Zjist\u011bte v\u00edce!\" \/>\n<meta name=\"robots\" content=\"index, follow, max-snippet:-1, max-image-preview:large, max-video-preview:-1\" \/>\n<link rel=\"canonical\" href=\"https:\/\/active-coating.com\/cs\/pure-air\/\" \/>\n<meta property=\"og:locale\" content=\"cs_CZ\" \/>\n<meta property=\"og:type\" content=\"article\" \/>\n<meta property=\"og:title\" content=\"PURE AIR | proti vir\u016fm a bakteri\u00edm v interi\u00e9ru | Active Coating\" \/>\n<meta property=\"og:description\" content=\"PURE AIR proti ultrajemn\u00e9mu prachu, vir\u016fm, bakteri\u00edm a alergen\u016fm \u2713 Na v\u0161echny sklen\u011bn\u00e9 povrchy \u2713 Z\u00e1ruka 30 let \u2713 Aplikov\u00e1no profesion\u00e1lem \u25b6 Zjist\u011bte v\u00edce!\" \/>\n<meta property=\"og:url\" content=\"https:\/\/active-coating.com\/cs\/pure-air\/\" \/>\n<meta property=\"og:site_name\" content=\"Active-Coating\" \/>\n<meta property=\"article:publisher\" content=\"https:\/\/www.facebook.com\/activecoatingmursall\/\" \/>\n<meta property=\"article:modified_time\" content=\"2021-07-19T09:48:01+00:00\" \/>\n<meta name=\"twitter:card\" content=\"summary_large_image\" \/>\n<meta name=\"twitter:label1\" content=\"Est. reading time\" \/>\n\t<meta name=\"twitter:data1\" content=\"1 minute\" \/>\n<script type=\"application\/ld+json\" class=\"yoast-schema-graph\">{\"@context\":\"https:\\\/\\\/schema.org\",\"@graph\":[{\"@type\":\"WebPage\",\"@id\":\"https:\\\/\\\/active-coating.com\\\/cs\\\/pure-air\\\/\",\"url\":\"https:\\\/\\\/active-coating.com\\\/cs\\\/pure-air\\\/\",\"name\":\"PURE AIR | proti vir\u016fm a bakteri\u00edm v interi\u00e9ru | Active Coating\",\"isPartOf\":{\"@id\":\"https:\\\/\\\/active-coating.com\\\/#website\"},\"primaryImageOfPage\":{\"@id\":\"https:\\\/\\\/active-coating.com\\\/cs\\\/pure-air\\\/#primaryimage\"},\"image\":{\"@id\":\"https:\\\/\\\/active-coating.com\\\/cs\\\/pure-air\\\/#primaryimage\"},\"thumbnailUrl\":\"https:\\\/\\\/active-coating.com\\\/wp-content\\\/uploads\\\/2021\\\/07\\\/PureAir_1.jpg\",\"datePublished\":\"2021-02-25T17:15:20+00:00\",\"dateModified\":\"2021-07-19T09:48:01+00:00\",\"description\":\"PURE AIR proti ultrajemn\u00e9mu prachu, vir\u016fm, bakteri\u00edm a alergen\u016fm \u2713 Na v\u0161echny sklen\u011bn\u00e9 povrchy \u2713 Z\u00e1ruka 30 let \u2713 Aplikov\u00e1no profesion\u00e1lem \u25b6 Zjist\u011bte v\u00edce!\",\"breadcrumb\":{\"@id\":\"https:\\\/\\\/active-coating.com\\\/cs\\\/pure-air\\\/#breadcrumb\"},\"inLanguage\":\"cs-CZ\",\"potentialAction\":[{\"@type\":\"ReadAction\",\"target\":[\"https:\\\/\\\/active-coating.com\\\/cs\\\/pure-air\\\/\"]}]},{\"@type\":\"ImageObject\",\"inLanguage\":\"cs-CZ\",\"@id\":\"https:\\\/\\\/active-coating.com\\\/cs\\\/pure-air\\\/#primaryimage\",\"url\":\"https:\\\/\\\/active-coating.com\\\/wp-content\\\/uploads\\\/2021\\\/07\\\/PureAir_1.jpg\",\"contentUrl\":\"https:\\\/\\\/active-coating.com\\\/wp-content\\\/uploads\\\/2021\\\/07\\\/PureAir_1.jpg\",\"width\":700,\"height\":700},{\"@type\":\"BreadcrumbList\",\"@id\":\"https:\\\/\\\/active-coating.com\\\/cs\\\/pure-air\\\/#breadcrumb\",\"itemListElement\":[{\"@type\":\"ListItem\",\"position\":1,\"name\":\"Startseite\",\"item\":\"https:\\\/\\\/active-coating.com\\\/cs\\\/uvod\\\/\"},{\"@type\":\"ListItem\",\"position\":2,\"name\":\"PURE AIR\"}]},{\"@type\":\"WebSite\",\"@id\":\"https:\\\/\\\/active-coating.com\\\/#website\",\"url\":\"https:\\\/\\\/active-coating.com\\\/\",\"name\":\"Active-Coating\",\"description\":\"Be pure inside\",\"publisher\":{\"@id\":\"https:\\\/\\\/active-coating.com\\\/#organization\"},\"potentialAction\":[{\"@type\":\"SearchAction\",\"target\":{\"@type\":\"EntryPoint\",\"urlTemplate\":\"https:\\\/\\\/active-coating.com\\\/?s={search_term_string}\"},\"query-input\":{\"@type\":\"PropertyValueSpecification\",\"valueRequired\":true,\"valueName\":\"search_term_string\"}}],\"inLanguage\":\"cs-CZ\"},{\"@type\":\"Organization\",\"@id\":\"https:\\\/\\\/active-coating.com\\\/#organization\",\"name\":\"Active Coating\",\"url\":\"https:\\\/\\\/active-coating.com\\\/\",\"logo\":{\"@type\":\"ImageObject\",\"inLanguage\":\"cs-CZ\",\"@id\":\"https:\\\/\\\/active-coating.com\\\/#\\\/schema\\\/logo\\\/image\\\/\",\"url\":\"\",\"contentUrl\":\"\",\"caption\":\"Active Coating\"},\"image\":{\"@id\":\"https:\\\/\\\/active-coating.com\\\/#\\\/schema\\\/logo\\\/image\\\/\"},\"sameAs\":[\"https:\\\/\\\/www.facebook.com\\\/activecoatingmursall\\\/\",\"https:\\\/\\\/www.instagram.com\\\/activecoating\",\"https:\\\/\\\/www.youtube.com\\\/channel\\\/UCwK25snGaIusJ7wdIrzJArg\"]}]}<\/script>","yoast_head_json":{"title":"PURE AIR | proti vir\u016fm a bakteri\u00edm v interi\u00e9ru | Active Coating","description":"PURE AIR proti ultrajemn\u00e9mu prachu, vir\u016fm, bakteri\u00edm a alergen\u016fm \u2713 Na v\u0161echny sklen\u011bn\u00e9 povrchy \u2713 Z\u00e1ruka 30 let \u2713 Aplikov\u00e1no profesion\u00e1lem \u25b6 Zjist\u011bte v\u00edce!","robots":{"index":"index","follow":"follow","max-snippet":"max-snippet:-1","max-image-preview":"max-image-preview:large","max-video-preview":"max-video-preview:-1"},"canonical":"https:\/\/active-coating.com\/cs\/pure-air\/","og_locale":"cs_CZ","og_type":"article","og_title":"PURE AIR | proti vir\u016fm a bakteri\u00edm v interi\u00e9ru | Active Coating","og_description":"PURE AIR proti ultrajemn\u00e9mu prachu, vir\u016fm, bakteri\u00edm a alergen\u016fm \u2713 Na v\u0161echny sklen\u011bn\u00e9 povrchy \u2713 Z\u00e1ruka 30 let \u2713 Aplikov\u00e1no profesion\u00e1lem \u25b6 Zjist\u011bte v\u00edce!","og_url":"https:\/\/active-coating.com\/cs\/pure-air\/","og_site_name":"Active-Coating","article_publisher":"https:\/\/www.facebook.com\/activecoatingmursall\/","article_modified_time":"2021-07-19T09:48:01+00:00","twitter_card":"summary_large_image","twitter_misc":{"Est. reading time":"1 minute"},"schema":{"@context":"https:\/\/schema.org","@graph":[{"@type":"WebPage","@id":"https:\/\/active-coating.com\/cs\/pure-air\/","url":"https:\/\/active-coating.com\/cs\/pure-air\/","name":"PURE AIR | proti vir\u016fm a bakteri\u00edm v interi\u00e9ru | Active Coating","isPartOf":{"@id":"https:\/\/active-coating.com\/#website"},"primaryImageOfPage":{"@id":"https:\/\/active-coating.com\/cs\/pure-air\/#primaryimage"},"image":{"@id":"https:\/\/active-coating.com\/cs\/pure-air\/#primaryimage"},"thumbnailUrl":"https:\/\/active-coating.com\/wp-content\/uploads\/2021\/07\/PureAir_1.jpg","datePublished":"2021-02-25T17:15:20+00:00","dateModified":"2021-07-19T09:48:01+00:00","description":"PURE AIR proti ultrajemn\u00e9mu prachu, vir\u016fm, bakteri\u00edm a alergen\u016fm \u2713 Na v\u0161echny sklen\u011bn\u00e9 povrchy \u2713 Z\u00e1ruka 30 let \u2713 Aplikov\u00e1no profesion\u00e1lem \u25b6 Zjist\u011bte v\u00edce!","breadcrumb":{"@id":"https:\/\/active-coating.com\/cs\/pure-air\/#breadcrumb"},"inLanguage":"cs-CZ","potentialAction":[{"@type":"ReadAction","target":["https:\/\/active-coating.com\/cs\/pure-air\/"]}]},{"@type":"ImageObject","inLanguage":"cs-CZ","@id":"https:\/\/active-coating.com\/cs\/pure-air\/#primaryimage","url":"https:\/\/active-coating.com\/wp-content\/uploads\/2021\/07\/PureAir_1.jpg","contentUrl":"https:\/\/active-coating.com\/wp-content\/uploads\/2021\/07\/PureAir_1.jpg","width":700,"height":700},{"@type":"BreadcrumbList","@id":"https:\/\/active-coating.com\/cs\/pure-air\/#breadcrumb","itemListElement":[{"@type":"ListItem","position":1,"name":"Startseite","item":"https:\/\/active-coating.com\/cs\/uvod\/"},{"@type":"ListItem","position":2,"name":"PURE AIR"}]},{"@type":"WebSite","@id":"https:\/\/active-coating.com\/#website","url":"https:\/\/active-coating.com\/","name":"Active-Coating","description":"Be pure inside","publisher":{"@id":"https:\/\/active-coating.com\/#organization"},"potentialAction":[{"@type":"SearchAction","target":{"@type":"EntryPoint","urlTemplate":"https:\/\/active-coating.com\/?s={search_term_string}"},"query-input":{"@type":"PropertyValueSpecification","valueRequired":true,"valueName":"search_term_string"}}],"inLanguage":"cs-CZ"},{"@type":"Organization","@id":"https:\/\/active-coating.com\/#organization","name":"Active Coating","url":"https:\/\/active-coating.com\/","logo":{"@type":"ImageObject","inLanguage":"cs-CZ","@id":"https:\/\/active-coating.com\/#\/schema\/logo\/image\/","url":"","contentUrl":"","caption":"Active Coating"},"image":{"@id":"https:\/\/active-coating.com\/#\/schema\/logo\/image\/"},"sameAs":["https:\/\/www.facebook.com\/activecoatingmursall\/","https:\/\/www.instagram.com\/activecoating","https:\/\/www.youtube.com\/channel\/UCwK25snGaIusJ7wdIrzJArg"]}]}},"_links":{"self":[{"href":"https:\/\/active-coating.com\/cs\/wp-json\/wp\/v2\/pages\/8402","targetHints":{"allow":["GET"]}}],"collection":[{"href":"https:\/\/active-coating.com\/cs\/wp-json\/wp\/v2\/pages"}],"about":[{"href":"https:\/\/active-coating.com\/cs\/wp-json\/wp\/v2\/types\/page"}],"author":[{"embeddable":true,"href":"https:\/\/active-coating.com\/cs\/wp-json\/wp\/v2\/users\/1"}],"replies":[{"embeddable":true,"href":"https:\/\/active-coating.com\/cs\/wp-json\/wp\/v2\/comments?post=8402"}],"version-history":[{"count":6,"href":"https:\/\/active-coating.com\/cs\/wp-json\/wp\/v2\/pages\/8402\/revisions"}],"predecessor-version":[{"id":9349,"href":"https:\/\/active-coating.com\/cs\/wp-json\/wp\/v2\/pages\/8402\/revisions\/9349"}],"wp:featuredmedia":[{"embeddable":true,"href":"https:\/\/active-coating.com\/cs\/wp-json\/wp\/v2\/media\/8948"}],"wp:attachment":[{"href":"https:\/\/active-coating.com\/cs\/wp-json\/wp\/v2\/media?parent=8402"}],"curies":[{"name":"wp","href":"https:\/\/api.w.org\/{rel}","templated":true}]}}