{"id":8399,"date":"2021-02-25T18:26:56","date_gmt":"2021-02-25T17:26:56","guid":{"rendered":"http:\/\/active-coating.com\/?page_id=8399"},"modified":"2021-07-19T11:46:45","modified_gmt":"2021-07-19T09:46:45","slug":"pure-wall","status":"publish","type":"page","link":"https:\/\/active-coating.com\/cs\/pure-wall\/","title":{"rendered":"PURE WALL"},"content":{"rendered":"<section class=\"l-section wpb_row height_medium\"><div class=\"l-section-h i-cf\"><div class=\"g-cols vc_row via_flex valign_top type_default stacking_default\"><div class=\"vc_col-sm-12 wpb_column vc_column_container\"><div class=\"vc_column-inner\"><div class=\"wpb_wrapper\"><div class=\"wpb_text_column\"><div class=\"wpb_wrapper\"><h1 style=\"text-align: center;\"><span style=\"font-family: ac-font-regular-300; color: #006169;\">PURb<\/span><span style=\"font-family: ac-font-regular-300; color: #9d9d9c;\">cWALL<\/span><\/h1>\n<\/div><\/div><div class=\"w-separator size_medium\"><\/div><div class=\"wpb_text_column\"><div class=\"wpb_wrapper\"><h2><strong>Nakonec se zhluboka nadechn\u011bte! <\/strong><\/h2>\n<\/div><\/div><div class=\"wpb_text_column\"><div class=\"wpb_wrapper\"><h1>Dokonal\u00fd syst\u00e9m ochrany interi\u00e9ru.<\/h1>\n<\/div><\/div><div class=\"w-separator size_medium\"><\/div><div class=\"wpb_text_column\"><div class=\"wpb_wrapper\"><p><em>Tato fakta a \u010d\u00edsla ukazuj\u00ed, jak d\u016fle\u017eit\u00e9 je \u010dist\u00e9 a zdrav\u00e9 ovzdu\u0161\u00ed<\/em><\/p>\n<p>B\u011bhem 70-ti let\u00e9ho \u017eivota, d\u00fdch\u00e1 \u010dlov\u011bk p\u0159ibli\u017en\u011b <strong>300 milion\u016f litr\u016f vzduchu<\/strong>.\u00a0To znamen\u00e1 pr\u016ftok p\u0159ibli\u017en\u011b 12 000 litr\u016f denn\u011b. V z\u00e1vislosti na regionu jsme nuceni d\u00fdchat lep\u0161\u00ed nebo hor\u0161\u00ed vzduch. V\u0161ude je v\u0161ak stejn\u00e1 skute\u010dnost, \u017ee kvalita vzduchu v interi\u00e9ru je obvykle mnohem hor\u0161\u00ed ne\u017e venku<\/p>\n<p>V interi\u00e9ru lze m\u011b\u0159it pr\u016fm\u011brn\u011b 8 000 \u010d\u00e1stic na cm3 vzduchu &#8211; na n\u011bkter\u00fdch m\u00edstech dokonce mnohem v\u00edce. Dosp\u011bl\u00fd \u010dlov\u011bk v\u0161ak d\u00fdch\u00e1 p\u0159ibli\u017en\u011b 500 cm3 vzduchu na jeden dech. To znamen\u00e1, \u017ee nep\u0159edstaviteln\u00e9 mno\u017estv\u00ed 4 000 000 \u010d\u00e1stic je inhalov\u00e1no pouze jedn\u00edm takov\u00fdm dechem &#8211; nebo <strong>96 miliard \u010d\u00e1stic<\/strong> za 24 hodin. V\u0161echny tyto nejmen\u0161\u00ed \u010d\u00e1stice absorbujeme do na\u0161eho t\u011bla a d\u011bl\u00e1me to ka\u017ed\u00fd den mnoho hodin<\/p>\n<p>Nen\u00ed tedy divu, \u017ee takov\u00fd vysok\u00fd po\u010det ciz\u00edch l\u00e1tek v na\u0161em t\u011ble vede k v\u00e1\u017en\u00fdm <strong>zdravotnim \u00fa\u010dink\u016fm<\/strong>. \u010c\u00e1stice se dost\u00e1vaj\u00ed do synaps\u00ed mozku krevn\u00edm \u0159e\u010di\u0161t\u011bm, kde vyvol\u00e1vaj\u00ed Parkinsonovu a Alzheimerovu chorobu. Nemoci d\u00fdchac\u00edch cest, kardiovaskul\u00e1rn\u00edho syst\u00e9mu a imunitn\u00edho syst\u00e9mu lze tak\u00e9 do zna\u010dn\u00e9 m\u00edry p\u0159ipsat \u0161patn\u00e9 kvalit\u011b ovzdu\u0161\u00ed. Velikost \u010d\u00e1stic od 1 do 351 nanometr\u016f je tak mal\u00e1, \u017ee lid\u00e9 proti nim nemaj\u00ed \u017e\u00e1dnou obranu. Zejm\u00e9na ultrajemn\u00e9 prachov\u00e9 \u010d\u00e1stice (1 &#8211; 100 nm) proch\u00e1zej\u00ed vzduchem, kter\u00fd d\u00fdch\u00e1te, p\u0159\u00edmo do \u00a0plicn\u00edch skl\u00edpk\u016f, kde se sm\u00edch\u00e1j\u00ed s krv\u00ed.<\/p>\n<p>D\u00edky jedine\u010dn\u00e9mu vybaven\u00ed polovodi\u010d\u016f Active Coating se redukuje nam\u011b\u0159en\u00fd ultrajemn\u00fd prach o 79% b\u011bhem pouh\u00fdch 1,5 hodin. (Zku\u0161ebn\u00ed protokoly a certifik\u00e1ty najdete v \u010d\u00e1sti pro stahov\u00e1n\u00ed &#8211; Laboratorn\u00ed zpr\u00e1va.) To znamen\u00e1: D\u00edky nov\u00e9 technologii vdechujete ka\u017ed\u00fdm dechem p\u0159ibli\u017en\u011b o <strong>24 miliard a 800 milion\u016f m\u00e9n\u011b zne\u010di\u0161\u0165uj\u00edc\u00edch l\u00e1tek \u00a0<\/strong>b\u011bhem 24 hodin.<\/p>\n<\/div><\/div><\/div><\/div><\/div><\/div><\/div><\/section><section class=\"l-section wpb_row height_medium\"><div class=\"l-section-overlay\" style=\"background:#fafafa\"><\/div><div class=\"l-section-h i-cf\"><div class=\"g-cols vc_row via_flex valign_top type_default stacking_default\"><div class=\"vc_col-sm-6 wpb_column vc_column_container\"><div class=\"vc_column-inner\"><div class=\"wpb_wrapper\">[vc_images_carousel images=&#8221;8953,7961&#8243; img_size=&#8221;full&#8221; onclick=&#8221;link_no&#8221; autoplay=&#8221;yes&#8221;]<\/div><\/div><\/div><div class=\"vc_col-sm-6 wpb_column vc_column_container\"><div class=\"vc_column-inner\"><div class=\"wpb_wrapper\"><div class=\"wpb_text_column\"><div class=\"wpb_wrapper\"><p><em>Aplikace: nekomplikovan\u00e1 a rychl\u00e1 <\/em><\/p>\n<p><span style=\"font-family: ac-font-regular-300; color: #006169;\">PURb<\/span><span style=\"font-family: ac-font-regular-300; color: #9d9d9c;\">cWALL\u00a0<\/span>lze nan\u00e1\u0161et na v\u0161echny miner\u00e1ln\u00ed podklady (s\u00e1drokarton, beton, plynov\u00fd k\u00e1men Ytong, cihly), jako\u017e i na v\u0161echny miner\u00e1ln\u00ed tapety a st\u00e1vaj\u00edc\u00ed miner\u00e1ln\u00ed n\u00e1t\u011bry &#8211; \u00a0\u0161t\u011btcem, mal\u00ed\u0159sk\u00fdm v\u00e1le\u010dkem, houbi\u010dkou nebo st\u0159\u00edk\u00e1c\u00edm procesem.<\/p>\n<\/div><\/div><\/div><\/div><\/div><\/div><\/div><\/section><section class=\"l-section wpb_row height_medium\"><div class=\"l-section-h i-cf\"><div class=\"g-cols vc_row via_flex valign_top type_default stacking_default\"><div class=\"vc_col-sm-12 wpb_column vc_column_container\"><div class=\"vc_column-inner\"><div class=\"wpb_wrapper\"><div class=\"wpb_text_column\"><div class=\"wpb_wrapper\"><div>\n<p><em>Efekt: magnetick\u00fd efekt s velkou s\u00edlou<\/em><\/p>\n<\/div>\n<div>\n<p>Po nanesen\u00ed na ze\u010f se rozv\u00edj\u00ed magnetick\u00fd efekt. To znamen\u00e1, \u017ee v\u0161echny jemn\u00e9 a ultrajemn\u00e9 \u010d\u00e1stice prachu jsou v bezprost\u0159edn\u00ed bl\u00edzkosti o\u0161et\u0159en\u00e9 oblasti p\u0159itahov\u00e1ny a lp\u00ed na povlaku, do t\u00e9 doby, ne\u017e se kompletn\u011b rozpust\u00ed.<\/p>\n<\/div>\n<div>\n<p><span lang=\"EN-US\">Tot\u00e9\u017e plat\u00ed pro viry, bakterie a alergeny. T\u00edmto zp\u016fsobem se tak\u00e9 odstran\u00ed pachov\u00e9 \u010d\u00e1stice<\/span><\/p>\n<div>\n<p>Za z\u00e1zra\u010dn\u00fdm \u00fa\u010dinkem <span style=\"font-family: ac-font-regular-300; color: #006169;\">PURb<\/span><span style=\"font-family: ac-font-regular-300; color: #9d9d9c;\">cWALL\u00a0<\/span>stoj\u00ed fotochemick\u00e1 reakce, kter\u00e1 je schopna p\u0159ev\u00e9st v\u0161echny organick\u00e9 \u010d\u00e1stice, v\u010detn\u011b bakteri\u00ed, vir\u016f atd., na vodu a CO2. T\u00edmto zp\u016fsobem ji\u017e nen\u00ed povrch st\u011bny tak rychle zne\u010di\u0161t\u011bn a doch\u00e1z\u00ed k samo\u010di\u0161t\u011bn\u00ed.\u00a0<span style=\"font-family: ac-font-regular-300; color: #006169;\">PURb<\/span><span style=\"font-family: ac-font-regular-300; color: #9d9d9c;\">cWALL\u00a0<\/span>br\u00e1n\u00ed z velk\u00e9 \u010d\u00e1sti tvorb\u011b pl\u00edsn\u00ed\u00a0 &#8211; sp\u00f3ry pl\u00edsn\u00ed jsou minulost\u00ed.<\/p>\n<p><span style=\"font-family: ac-font-regular-300; color: #006169;\">PURb<\/span><span style=\"font-family: ac-font-regular-300; color: #9d9d9c;\">cWALL\u00a0<\/span><span lang=\"EN-US\">funguje v interi\u00e9ru a tedy i ve v\u0161ech obytn\u00fdch prostorech. \u00da\u010dinek za\u010d\u00edn\u00e1 p\u0159i extr\u00e9mn\u011b n\u00edzk\u00e9 \u00farovni sv\u011btla bez pomoci UV sv\u011btla. K zap\u00e1len\u00ed \u00fa\u010dinku sta\u010d\u00ed i komer\u010dn\u011b dostupn\u00e9 um\u011bl\u00e9 sv\u011btlo. P\u0159i \u00farovni sv\u011btla 100 lux\u016f za\u010dne povlak pracovat a \u010dist\u00ed vzduch, kter\u00fd d\u00fdch\u00e1te. Pro srovn\u00e1n\u00ed: 100 lux\u016f je dosa\u017eeno s 40 wattovou \u017e\u00e1rovkou ve vzd\u00e1lenosti\u2026.<\/span> <span lang=\"EN-US\">Metr\u016f a nebo sv\u00ed\u010dka ve vzd\u00e1lenosti\u2026. metr\u016f. V zamra\u010den\u00fdch zimn\u00edch dnech lze o\u010dek\u00e1vat v\u00edce ne\u017e 5 000 lux\u016f, v kr\u00e1sn\u00fdch letn\u00edch dnech i v\u00edce ne\u017e 100 000 lux\u016f<\/span><\/p>\n<div>\n<p><span lang=\"EN-US\"><em>Specialita: Bezpe\u010dnost na prvn\u00edm m\u00edst\u011b, po cel\u00fd \u017eivot<\/em><\/span><\/p>\n<div>\n<p><span lang=\"EN-US\">Roky v\u00fdzkumu umo\u017enily zm\u011bnit strukturu a slo\u017een\u00ed z\u00e1kladn\u00edch fotokatalytick\u00fdch l\u00e1tek tak, aby um\u011bl\u00e9 sv\u011btlo \u00a0k zaji\u0161t\u011bn\u00ed zdrav\u00e9ho a \u010dist\u00e9ho vzduchu k d\u00fdch\u00e1n\u00ed sta\u010dilo<\/span><\/p>\n<p>Slo\u017eky <span style=\"font-family: ac-font-regular-300; color: #006169;\">PURb<\/span><span style=\"font-family: ac-font-regular-300; color: #9d9d9c;\">cWALL<\/span> jsou pro v\u0161echny lidi a \u017eiv\u00e9 bytosti absolutn\u011b netoxick\u00e9.\u00a0Syst\u00e9m se neopot\u0159ebov\u00e1v\u00e1, a proto je nekone\u010dn\u011b efektivn\u00ed a odoln\u00fd &#8211; pokud nen\u00ed nat\u0159en\u00fd nebo zakryt\u00fd n\u00e1st\u011bnn\u00fdmi malbami nebo podobn\u011b.<\/p>\n<p><span style=\"font-family: ac-font-regular-300; color: #006169;\">PURb<\/span><span style=\"font-family: ac-font-regular-300; color: #9d9d9c;\">cWALL<\/span> je ide\u00e1ln\u00ed pro \u00fa\u010dinnou a trvalou ochranu p\u0159ed \u0161kodliv\u00fdm jemn\u00fdm a ultrajemn\u00fdm prachem ve va\u0161em dom\u011b, stejn\u011b jako p\u0159ed bakteriemi, viry, alergeny a sp\u00f3rami pl\u00edsn\u00ed.<\/p>\n<\/div>\n<\/div>\n<\/div>\n<p>&nbsp;<\/p>\n<\/div>\n<\/div><\/div><\/div><\/div><\/div><\/div><\/div><\/section>\n","protected":false},"excerpt":{"rendered":"PURbcWALL Nakonec se zhluboka nadechn\u011bte! Dokonal\u00fd syst\u00e9m ochrany interi\u00e9ru. Tato fakta a \u010d\u00edsla ukazuj\u00ed, jak d\u016fle\u017eit\u00e9 je \u010dist\u00e9 a zdrav\u00e9 ovzdu\u0161\u00ed B\u011bhem 70-ti let\u00e9ho \u017eivota, d\u00fdch\u00e1 \u010dlov\u011bk p\u0159ibli\u017en\u011b 300 milion\u016f...","protected":false},"author":1,"featured_media":0,"parent":0,"menu_order":3,"comment_status":"closed","ping_status":"closed","template":"","meta":{"_price":"","_stock":"","_tribe_ticket_header":"","_tribe_default_ticket_provider":"","_tribe_ticket_capacity":"0","_ticket_start_date":"","_ticket_end_date":"","_tribe_ticket_show_description":"","_tribe_ticket_show_not_going":false,"_tribe_ticket_use_global_stock":"","_tribe_ticket_global_stock_level":"","_global_stock_mode":"","_global_stock_cap":"","_tribe_rsvp_for_event":"","_tribe_ticket_going_count":"","_tribe_ticket_not_going_count":"","_tribe_tickets_list":"[]","_tribe_ticket_has_attendee_info_fields":false,"footnotes":""},"class_list":["post-8399","page","type-page","status-publish","hentry"],"yoast_head":"<title>PURE WALL | v\u0161echny informace z\u00edsk\u00e1te zde | Active Coating<\/title>\n<meta name=\"description\" content=\"V\u0161echny informace a funkce PURE WALL jsou k dispozici zde \u2713 Chra\u0148te sebe a sv\u00e9 \u017eivotn\u00ed prost\u0159ed\u00ed p\u0159ed zne\u010di\u0161\u0165uj\u00edc\u00edmi l\u00e1tkami \u25b6 Zjist\u011bte v\u00edce!\" \/>\n<meta name=\"robots\" content=\"index, follow, max-snippet:-1, max-image-preview:large, max-video-preview:-1\" \/>\n<link rel=\"canonical\" href=\"https:\/\/active-coating.com\/cs\/pure-wall\/\" \/>\n<meta property=\"og:locale\" content=\"cs_CZ\" \/>\n<meta property=\"og:type\" content=\"article\" \/>\n<meta property=\"og:title\" content=\"PURE WALL | v\u0161echny informace z\u00edsk\u00e1te zde | Active Coating\" \/>\n<meta property=\"og:description\" content=\"V\u0161echny informace a funkce PURE WALL jsou k dispozici zde \u2713 Chra\u0148te sebe a sv\u00e9 \u017eivotn\u00ed prost\u0159ed\u00ed p\u0159ed zne\u010di\u0161\u0165uj\u00edc\u00edmi l\u00e1tkami \u25b6 Zjist\u011bte v\u00edce!\" \/>\n<meta property=\"og:url\" content=\"https:\/\/active-coating.com\/cs\/pure-wall\/\" \/>\n<meta property=\"og:site_name\" content=\"Active-Coating\" \/>\n<meta property=\"article:publisher\" content=\"https:\/\/www.facebook.com\/activecoatingmursall\/\" \/>\n<meta property=\"article:modified_time\" content=\"2021-07-19T09:46:45+00:00\" \/>\n<meta name=\"twitter:card\" content=\"summary_large_image\" \/>\n<meta name=\"twitter:label1\" content=\"Est. reading time\" \/>\n\t<meta name=\"twitter:data1\" content=\"3 minutes\" \/>\n<script type=\"application\/ld+json\" class=\"yoast-schema-graph\">{\"@context\":\"https:\\\/\\\/schema.org\",\"@graph\":[{\"@type\":\"WebPage\",\"@id\":\"https:\\\/\\\/active-coating.com\\\/cs\\\/pure-wall\\\/\",\"url\":\"https:\\\/\\\/active-coating.com\\\/cs\\\/pure-wall\\\/\",\"name\":\"PURE WALL | v\u0161echny informace z\u00edsk\u00e1te zde | Active Coating\",\"isPartOf\":{\"@id\":\"https:\\\/\\\/active-coating.com\\\/#website\"},\"datePublished\":\"2021-02-25T17:26:56+00:00\",\"dateModified\":\"2021-07-19T09:46:45+00:00\",\"description\":\"V\u0161echny informace a funkce PURE WALL jsou k dispozici zde \u2713 Chra\u0148te sebe a sv\u00e9 \u017eivotn\u00ed prost\u0159ed\u00ed p\u0159ed zne\u010di\u0161\u0165uj\u00edc\u00edmi l\u00e1tkami \u25b6 Zjist\u011bte v\u00edce!\",\"breadcrumb\":{\"@id\":\"https:\\\/\\\/active-coating.com\\\/cs\\\/pure-wall\\\/#breadcrumb\"},\"inLanguage\":\"cs-CZ\",\"potentialAction\":[{\"@type\":\"ReadAction\",\"target\":[\"https:\\\/\\\/active-coating.com\\\/cs\\\/pure-wall\\\/\"]}]},{\"@type\":\"BreadcrumbList\",\"@id\":\"https:\\\/\\\/active-coating.com\\\/cs\\\/pure-wall\\\/#breadcrumb\",\"itemListElement\":[{\"@type\":\"ListItem\",\"position\":1,\"name\":\"Startseite\",\"item\":\"https:\\\/\\\/active-coating.com\\\/cs\\\/uvod\\\/\"},{\"@type\":\"ListItem\",\"position\":2,\"name\":\"PURE WALL\"}]},{\"@type\":\"WebSite\",\"@id\":\"https:\\\/\\\/active-coating.com\\\/#website\",\"url\":\"https:\\\/\\\/active-coating.com\\\/\",\"name\":\"Active-Coating\",\"description\":\"Be pure inside\",\"publisher\":{\"@id\":\"https:\\\/\\\/active-coating.com\\\/#organization\"},\"potentialAction\":[{\"@type\":\"SearchAction\",\"target\":{\"@type\":\"EntryPoint\",\"urlTemplate\":\"https:\\\/\\\/active-coating.com\\\/?s={search_term_string}\"},\"query-input\":{\"@type\":\"PropertyValueSpecification\",\"valueRequired\":true,\"valueName\":\"search_term_string\"}}],\"inLanguage\":\"cs-CZ\"},{\"@type\":\"Organization\",\"@id\":\"https:\\\/\\\/active-coating.com\\\/#organization\",\"name\":\"Active Coating\",\"url\":\"https:\\\/\\\/active-coating.com\\\/\",\"logo\":{\"@type\":\"ImageObject\",\"inLanguage\":\"cs-CZ\",\"@id\":\"https:\\\/\\\/active-coating.com\\\/#\\\/schema\\\/logo\\\/image\\\/\",\"url\":\"\",\"contentUrl\":\"\",\"caption\":\"Active Coating\"},\"image\":{\"@id\":\"https:\\\/\\\/active-coating.com\\\/#\\\/schema\\\/logo\\\/image\\\/\"},\"sameAs\":[\"https:\\\/\\\/www.facebook.com\\\/activecoatingmursall\\\/\",\"https:\\\/\\\/www.instagram.com\\\/activecoating\",\"https:\\\/\\\/www.youtube.com\\\/channel\\\/UCwK25snGaIusJ7wdIrzJArg\"]}]}<\/script>","yoast_head_json":{"title":"PURE WALL | v\u0161echny informace z\u00edsk\u00e1te zde | Active Coating","description":"V\u0161echny informace a funkce PURE WALL jsou k dispozici zde \u2713 Chra\u0148te sebe a sv\u00e9 \u017eivotn\u00ed prost\u0159ed\u00ed p\u0159ed zne\u010di\u0161\u0165uj\u00edc\u00edmi l\u00e1tkami \u25b6 Zjist\u011bte v\u00edce!","robots":{"index":"index","follow":"follow","max-snippet":"max-snippet:-1","max-image-preview":"max-image-preview:large","max-video-preview":"max-video-preview:-1"},"canonical":"https:\/\/active-coating.com\/cs\/pure-wall\/","og_locale":"cs_CZ","og_type":"article","og_title":"PURE WALL | v\u0161echny informace z\u00edsk\u00e1te zde | Active Coating","og_description":"V\u0161echny informace a funkce PURE WALL jsou k dispozici zde \u2713 Chra\u0148te sebe a sv\u00e9 \u017eivotn\u00ed prost\u0159ed\u00ed p\u0159ed zne\u010di\u0161\u0165uj\u00edc\u00edmi l\u00e1tkami \u25b6 Zjist\u011bte v\u00edce!","og_url":"https:\/\/active-coating.com\/cs\/pure-wall\/","og_site_name":"Active-Coating","article_publisher":"https:\/\/www.facebook.com\/activecoatingmursall\/","article_modified_time":"2021-07-19T09:46:45+00:00","twitter_card":"summary_large_image","twitter_misc":{"Est. reading time":"3 minutes"},"schema":{"@context":"https:\/\/schema.org","@graph":[{"@type":"WebPage","@id":"https:\/\/active-coating.com\/cs\/pure-wall\/","url":"https:\/\/active-coating.com\/cs\/pure-wall\/","name":"PURE WALL | v\u0161echny informace z\u00edsk\u00e1te zde | Active Coating","isPartOf":{"@id":"https:\/\/active-coating.com\/#website"},"datePublished":"2021-02-25T17:26:56+00:00","dateModified":"2021-07-19T09:46:45+00:00","description":"V\u0161echny informace a funkce PURE WALL jsou k dispozici zde \u2713 Chra\u0148te sebe a sv\u00e9 \u017eivotn\u00ed prost\u0159ed\u00ed p\u0159ed zne\u010di\u0161\u0165uj\u00edc\u00edmi l\u00e1tkami \u25b6 Zjist\u011bte v\u00edce!","breadcrumb":{"@id":"https:\/\/active-coating.com\/cs\/pure-wall\/#breadcrumb"},"inLanguage":"cs-CZ","potentialAction":[{"@type":"ReadAction","target":["https:\/\/active-coating.com\/cs\/pure-wall\/"]}]},{"@type":"BreadcrumbList","@id":"https:\/\/active-coating.com\/cs\/pure-wall\/#breadcrumb","itemListElement":[{"@type":"ListItem","position":1,"name":"Startseite","item":"https:\/\/active-coating.com\/cs\/uvod\/"},{"@type":"ListItem","position":2,"name":"PURE WALL"}]},{"@type":"WebSite","@id":"https:\/\/active-coating.com\/#website","url":"https:\/\/active-coating.com\/","name":"Active-Coating","description":"Be pure inside","publisher":{"@id":"https:\/\/active-coating.com\/#organization"},"potentialAction":[{"@type":"SearchAction","target":{"@type":"EntryPoint","urlTemplate":"https:\/\/active-coating.com\/?s={search_term_string}"},"query-input":{"@type":"PropertyValueSpecification","valueRequired":true,"valueName":"search_term_string"}}],"inLanguage":"cs-CZ"},{"@type":"Organization","@id":"https:\/\/active-coating.com\/#organization","name":"Active Coating","url":"https:\/\/active-coating.com\/","logo":{"@type":"ImageObject","inLanguage":"cs-CZ","@id":"https:\/\/active-coating.com\/#\/schema\/logo\/image\/","url":"","contentUrl":"","caption":"Active Coating"},"image":{"@id":"https:\/\/active-coating.com\/#\/schema\/logo\/image\/"},"sameAs":["https:\/\/www.facebook.com\/activecoatingmursall\/","https:\/\/www.instagram.com\/activecoating","https:\/\/www.youtube.com\/channel\/UCwK25snGaIusJ7wdIrzJArg"]}]}},"_links":{"self":[{"href":"https:\/\/active-coating.com\/cs\/wp-json\/wp\/v2\/pages\/8399","targetHints":{"allow":["GET"]}}],"collection":[{"href":"https:\/\/active-coating.com\/cs\/wp-json\/wp\/v2\/pages"}],"about":[{"href":"https:\/\/active-coating.com\/cs\/wp-json\/wp\/v2\/types\/page"}],"author":[{"embeddable":true,"href":"https:\/\/active-coating.com\/cs\/wp-json\/wp\/v2\/users\/1"}],"replies":[{"embeddable":true,"href":"https:\/\/active-coating.com\/cs\/wp-json\/wp\/v2\/comments?post=8399"}],"version-history":[{"count":8,"href":"https:\/\/active-coating.com\/cs\/wp-json\/wp\/v2\/pages\/8399\/revisions"}],"predecessor-version":[{"id":9347,"href":"https:\/\/active-coating.com\/cs\/wp-json\/wp\/v2\/pages\/8399\/revisions\/9347"}],"wp:attachment":[{"href":"https:\/\/active-coating.com\/cs\/wp-json\/wp\/v2\/media?parent=8399"}],"curies":[{"name":"wp","href":"https:\/\/api.w.org\/{rel}","templated":true}]}}