{"id":8356,"date":"2021-02-22T17:18:33","date_gmt":"2021-02-22T16:18:33","guid":{"rendered":"http:\/\/active-coating.com\/?page_id=8356"},"modified":"2021-07-19T11:32:20","modified_gmt":"2021-07-19T09:32:20","slug":"oblasti-podnikani","status":"publish","type":"page","link":"https:\/\/active-coating.com\/cs\/oblasti-pouziti\/oblasti-podnikani\/","title":{"rendered":"Oblasti Podnik\u00e1n\u00ed"},"content":{"rendered":"<section class=\"l-section wpb_row height_medium\"><div class=\"l-section-h i-cf\"><div class=\"g-cols vc_row via_flex valign_top type_default stacking_default\"><div class=\"vc_col-sm-12 wpb_column vc_column_container\"><div class=\"vc_column-inner\"><div class=\"wpb_wrapper\"><div class=\"g-cols wpb_row via_flex valign_top type_default stacking_default\"><div class=\"vc_col-sm-12 wpb_column vc_column_container\"><div class=\"vc_column-inner\"><div class=\"wpb_wrapper\"><div class=\"wpb_text_column\"><div class=\"wpb_wrapper\"><h2>Nejlep\u0161\u00ed strana podnik\u00e1n\u00ed:<\/h2>\n<\/div><\/div><div class=\"wpb_text_column\"><div class=\"wpb_wrapper\"><h1><strong>Vylep\u0161en\u00e1 kvalita vzduchu d\u00edky\u00a0<\/strong><strong><span style=\"font-family: ac-font-regular-300; color: #006169;\">PURb<\/span><span style=\"font-family: ac-font-regular-300; color: #0076bd;\">cAIR<\/span><\/strong><\/h1>\n<\/div><\/div><div class=\"w-separator size_medium\"><\/div><\/div><\/div><\/div><\/div><div class=\"g-cols wpb_row via_flex valign_top type_default stacking_default\"><div class=\"vc_col-sm-12 wpb_column vc_column_container\"><div class=\"vc_column-inner\"><div class=\"wpb_wrapper\"><div class=\"w-image align_none\"><div class=\"w-image-h\"><img decoding=\"async\" width=\"1015\" height=\"677\" src=\"https:\/\/active-coating.com\/wp-content\/uploads\/2020\/05\/AdobeStock_64209177.jpeg\" class=\"attachment-large size-large\" alt=\"\" loading=\"lazy\" \/><\/div><\/div><div class=\"w-separator size_medium\"><\/div><div class=\"wpb_text_column\"><div class=\"wpb_wrapper\"><div>\n<p>Jemn\u00fd prach je term\u00edn pou\u017e\u00edvan\u00fd pro ultrajemn\u00e9 \u010d\u00e1stice, kter\u00e9 jsou p\u0159en\u00e1\u0161eny vzduchem a nejsou pouh\u00fdm okem viditeln\u00e9 . V\u011btrem a po\u010das\u00edm se\u00a0 tyto \u010d\u00e1stice \u0161\u00ed\u0159\u00ed po cel\u00e9m sv\u011bt\u011b. V ka\u017ed\u00e9m dechu existuje individu\u00e1ln\u00ed slo\u017een\u00ed t\u011bchto r\u016fznorod\u00fdch mal\u00fdch \u010d\u00e1stic &#8211; \u010d\u00edm jsou men\u0161\u00ed,t\u00edm problemati\u010dt\u011bj\u0161\u00ed je jejich vliv na n\u00e1\u0161 organismus &#8211; tak\u00e9 i na pracovi\u0161ti. To mimo jin\u00e9 uv\u00e1d\u00ed i WHO. Nemoci d\u00fdchac\u00edch cest, onemocn\u011bn\u00ed plic, zv\u00fd\u0161en\u00e9 riziko rakoviny nebo neust\u00e1le se zvy\u0161uj\u00edc\u00ed po\u010det alergik\u016f &#8230; zam\u011bstnavatel\u00e9 mohou dlouhodob\u011b chr\u00e1nit sv\u00e9 zam\u011bstnance p\u0159ed v\u00fdznamn\u00fdmi zdravotn\u00edmi riziky. Optimalizovan\u00fdm vzduchem v m\u00edstnosti s pomoc\u00ed <span style=\"font-family: ac-font-regular-300; color: #006169;\">PURb<\/span><span style=\"font-family: ac-font-regular-300; color: #0076bd;\">cAIR.<\/span><\/p>\n<p><strong>Pracujte a u\u010dte se v optimaln\u00edm prost\u0159ed\u00ed.<\/strong><\/p>\n<p>P\u0159\u00ed\u010dinu st\u00e1vaj\u00edc\u00edch jemn\u00fdch a ultrajemn\u00fdch prachov\u00fdch \u010d\u00e1stic lze st\u00e1le \u010dast\u011bji nal\u00e9zt v podnikatelsk\u00e9m sektoru. Tisk\u00e1rny, po\u010d\u00edta\u010de a dal\u0161\u00ed technick\u00e1 za\u0159\u00edzen\u00ed uvol\u0148uj\u00ed mikro\u010d\u00e1stice, kter\u00e9 trvale obohacuj\u00ed vnit\u0159n\u00ed vzduch. Tyto zne\u010di\u0161\u0165uj\u00edc\u00ed l\u00e1tky kolonizuj\u00ed cel\u00fdm ob\u011bhem d\u00fdchac\u00edch cest a oslabuj\u00ed je. \u0158e\u0161en\u00ed vyvinut\u00e9 spole\u010dnost\u00ed <span style=\"font-family: ac-font-regular-300; color: #006169;\">PURb<\/span><span style=\"font-family: ac-font-regular-300; color: #0076bd;\">cAIR<\/span> pro \u010dist\u00e9 prost\u0159ed\u00ed v m\u00edstnosti tomuto efektu br\u00e1n\u00ed pomoc\u00ed speci\u00e1ln\u011b vyvinut\u00e9ho fotokatalytick\u00e9ho n\u00e1t\u011brov\u00e9ho syst\u00e9mu, kter\u00fd ni\u010d\u00ed prachov\u00e9 \u010d\u00e1stice na skle. V\u00fdhodou nezm\u011b\u0159iteln\u00e9 hodnoty v kancel\u00e1\u0159\u00edch, \u0161kol\u00e1ch, \u0161kolk\u00e1ch, vl\u00e1dn\u00edch \u00fa\u0159adech nebo jin\u00fdch ve\u0159ejn\u00fdch budov\u00e1ch &#8211; proto\u017ee dobr\u00e1 kvalita ovzdu\u0161\u00ed je naprosto pot\u0159ebn\u00e1 pro vy\u0161\u0161\u00ed koncentraci a pracovn\u00ed v\u00fdkon. S <span style=\"font-family: ac-font-regular-300; color: #006169;\">PURb<\/span><span style=\"font-family: ac-font-regular-300; color: #0076bd;\">cAIR<\/span>\u00a0jsou dosp\u011bl\u00ed i d\u011bti m\u00e9n\u011b unaven\u00ed a c\u00edt\u00ed se l\u00e9pe.<\/p>\n<p><strong>Eliminujte alergie a nemoci.<\/strong><\/p>\n<p>Mnoho Obyvatel &#8211; st\u00e1le \u010dast\u011bji i ti nejmen\u0161\u00ed &#8211; trp\u00ed alergiemi, kter\u00e9 zt\u011b\u017euj\u00ed ka\u017edodenn\u00ed \u017eivot. To je zp\u016fsobeno pylem a alergeny, kter\u00e9 se dost\u00e1vaj\u00ed do t\u011bla vzduchem, kter\u00fd d\u00fdch\u00e1me. Krom\u011b toho se patogeny p\u0159en\u00e1\u0161ej\u00ed vzduchem \u00a0z \u010dlov\u011bka na \u010dlov\u011bka ve spole\u010dn\u00fdch m\u00edstnostech. Kdo to nev\u00ed? Venku pr\u0161\u00ed ze \u0161ed\u00e9 oblohy a uvnit\u0159 m\u016f\u017eete v ka\u017ed\u00e9m rohu sly\u0161et k\u00fdch\u00e1n\u00ed, ka\u0161el a smrk\u00e1n\u00ed. Mnoho lid\u00ed chod\u00ed do pr\u00e1ce se \u0161patn\u00fdm pocitem a d\u0159\u00edve nebo pozd\u011bji se infekci vyhnou jen z\u0159\u00eddka. Tose nestane s ochrannou technologi\u00ed <span style=\"font-family: ac-font-regular-300; color: #006169;\">PURb<\/span><span style=\"font-family: ac-font-regular-300; color: #0076bd;\">cAIR<\/span>. Na sklen\u011bn\u00fdch povr\u0161\u00edch se 24 hodin denn\u011b samostatn\u011b ni\u010d\u00ed choroboplodn\u00e9 z\u00e1rodky, alergeny a dokonce i ty nejjemn\u011bj\u0161\u00ed prachov\u00e9 \u010d\u00e1stice<\/p>\n<p><strong>D\u00fdchejte svobodn\u011b a bez nep\u0159\u00edjemn\u00e9ho z\u00e1pachu.<\/strong><\/p>\n<p>Tisk\u00e1rny nejsou jen zn\u00e1m\u00fdm zdrojem prachov\u00fdch \u010d\u00e1stic &#8211; vytv\u00e1\u0159ej\u00ed tak\u00e9 nep\u0159\u00edjemn\u00e9 pachy, kter\u00e9 nazna\u010duj\u00ed skryt\u00e9 zdravotn\u00ed riziko. P\u0159\u00edjemn\u00fd pocit pohody d\u00edky lep\u0161\u00ed kvalit\u011b vzduchu &#8211; to je p\u0159\u00edm\u00fd v\u00fdsledek profesion\u00e1ln\u011b lakovan\u00fdch okenn\u00edch tabul\u00ed<\/p>\n<p>V\u00fdznamn\u00e9 sn\u00ed\u017een\u00ed rizika zdravotn\u00edch probl\u00e9m\u016f a v\u00fdrazn\u00e9 zlep\u0161en\u00ed ovzdu\u0161\u00ed, kter\u00e9 d\u00fdch\u00e1me: <span style=\"font-family: ac-font-regular-300; color: #006169;\">PURb<\/span><span style=\"font-family: ac-font-regular-300; color: #0076bd;\">cAIR<\/span>\u00a0nab\u00edz\u00ed neporovnatelnou ochranu pro d\u011bti i dosp\u011bl\u00e9 a p\u0159isp\u00edv\u00e1 tak ke zdrav\u011bj\u0161\u00edmu \u017eivotu.<\/p>\n<p>&nbsp;<\/p>\n<\/div>\n<\/div><\/div><\/div><\/div><\/div><\/div><\/div><\/div><\/div><\/div><\/div><\/section>\n","protected":false},"excerpt":{"rendered":"Nejlep\u0161\u00ed strana podnik\u00e1n\u00ed: Vylep\u0161en\u00e1 kvalita vzduchu d\u00edky\u00a0PURbcAIR Jemn\u00fd prach je term\u00edn pou\u017e\u00edvan\u00fd pro ultrajemn\u00e9 \u010d\u00e1stice, kter\u00e9 jsou p\u0159en\u00e1\u0161eny vzduchem a nejsou pouh\u00fdm okem viditeln\u00e9 . V\u011btrem a po\u010das\u00edm se\u00a0 tyto...","protected":false},"author":1,"featured_media":8359,"parent":8351,"menu_order":2,"comment_status":"closed","ping_status":"closed","template":"","meta":{"_price":"","_stock":"","_tribe_ticket_header":"","_tribe_default_ticket_provider":"","_tribe_ticket_capacity":"0","_ticket_start_date":"","_ticket_end_date":"","_tribe_ticket_show_description":"","_tribe_ticket_show_not_going":false,"_tribe_ticket_use_global_stock":"","_tribe_ticket_global_stock_level":"","_global_stock_mode":"","_global_stock_cap":"","_tribe_rsvp_for_event":"","_tribe_ticket_going_count":"","_tribe_ticket_not_going_count":"","_tribe_tickets_list":"[]","_tribe_ticket_has_attendee_info_fields":false,"footnotes":""},"class_list":["post-8356","page","type-page","status-publish","has-post-thumbnail","hentry"],"yoast_head":"<title>Oblasti Podnik\u00e1n\u00ed - Active-Coating<\/title>\n<meta name=\"description\" content=\"Zlep\u0161en\u00ed kvality vzduchu v kancel\u00e1\u0159\u00edch a obchodn\u00edch prostor\u00e1ch \u25b6 Bez bakteri\u00ed, mikrob\u016f, vir\u016f a jemn\u00e9ho prachu \u25b6 Optim\u00e1ln\u00ed pr\u00e1ce a u\u010den\u00ed \u25b6 V\u00edce informac\u00ed nyn\u00ed\" \/>\n<meta name=\"robots\" content=\"index, follow, max-snippet:-1, max-image-preview:large, max-video-preview:-1\" \/>\n<link rel=\"canonical\" href=\"https:\/\/active-coating.com\/cs\/oblasti-pouziti\/oblasti-podnikani\/\" \/>\n<meta property=\"og:locale\" content=\"cs_CZ\" \/>\n<meta property=\"og:type\" content=\"article\" \/>\n<meta property=\"og:title\" content=\"Oblasti Podnik\u00e1n\u00ed - Active-Coating\" \/>\n<meta property=\"og:description\" content=\"Zlep\u0161en\u00ed kvality vzduchu v kancel\u00e1\u0159\u00edch a obchodn\u00edch prostor\u00e1ch \u25b6 Bez bakteri\u00ed, mikrob\u016f, vir\u016f a jemn\u00e9ho prachu \u25b6 Optim\u00e1ln\u00ed pr\u00e1ce a u\u010den\u00ed \u25b6 V\u00edce informac\u00ed nyn\u00ed\" \/>\n<meta property=\"og:url\" content=\"https:\/\/active-coating.com\/cs\/oblasti-pouziti\/oblasti-podnikani\/\" \/>\n<meta property=\"og:site_name\" content=\"Active-Coating\" \/>\n<meta property=\"article:publisher\" content=\"https:\/\/www.facebook.com\/activecoatingmursall\/\" \/>\n<meta property=\"article:modified_time\" content=\"2021-07-19T09:32:20+00:00\" \/>\n<meta name=\"twitter:card\" content=\"summary_large_image\" \/>\n<meta name=\"twitter:label1\" content=\"Est. reading time\" \/>\n\t<meta name=\"twitter:data1\" content=\"2 minutes\" \/>\n<script type=\"application\/ld+json\" class=\"yoast-schema-graph\">{\"@context\":\"https:\\\/\\\/schema.org\",\"@graph\":[{\"@type\":\"WebPage\",\"@id\":\"https:\\\/\\\/active-coating.com\\\/cs\\\/oblasti-pouziti\\\/oblasti-podnikani\\\/\",\"url\":\"https:\\\/\\\/active-coating.com\\\/cs\\\/oblasti-pouziti\\\/oblasti-podnikani\\\/\",\"name\":\"Oblasti Podnik\u00e1n\u00ed - Active-Coating\",\"isPartOf\":{\"@id\":\"https:\\\/\\\/active-coating.com\\\/#website\"},\"primaryImageOfPage\":{\"@id\":\"https:\\\/\\\/active-coating.com\\\/cs\\\/oblasti-pouziti\\\/oblasti-podnikani\\\/#primaryimage\"},\"image\":{\"@id\":\"https:\\\/\\\/active-coating.com\\\/cs\\\/oblasti-pouziti\\\/oblasti-podnikani\\\/#primaryimage\"},\"thumbnailUrl\":\"https:\\\/\\\/active-coating.com\\\/wp-content\\\/uploads\\\/2020\\\/05\\\/AdobeStock_64209177.jpeg\",\"datePublished\":\"2021-02-22T16:18:33+00:00\",\"dateModified\":\"2021-07-19T09:32:20+00:00\",\"description\":\"Zlep\u0161en\u00ed kvality vzduchu v kancel\u00e1\u0159\u00edch a obchodn\u00edch prostor\u00e1ch \u25b6 Bez bakteri\u00ed, mikrob\u016f, vir\u016f a jemn\u00e9ho prachu \u25b6 Optim\u00e1ln\u00ed pr\u00e1ce a u\u010den\u00ed \u25b6 V\u00edce informac\u00ed nyn\u00ed\",\"breadcrumb\":{\"@id\":\"https:\\\/\\\/active-coating.com\\\/cs\\\/oblasti-pouziti\\\/oblasti-podnikani\\\/#breadcrumb\"},\"inLanguage\":\"cs-CZ\",\"potentialAction\":[{\"@type\":\"ReadAction\",\"target\":[\"https:\\\/\\\/active-coating.com\\\/cs\\\/oblasti-pouziti\\\/oblasti-podnikani\\\/\"]}]},{\"@type\":\"ImageObject\",\"inLanguage\":\"cs-CZ\",\"@id\":\"https:\\\/\\\/active-coating.com\\\/cs\\\/oblasti-pouziti\\\/oblasti-podnikani\\\/#primaryimage\",\"url\":\"https:\\\/\\\/active-coating.com\\\/wp-content\\\/uploads\\\/2020\\\/05\\\/AdobeStock_64209177.jpeg\",\"contentUrl\":\"https:\\\/\\\/active-coating.com\\\/wp-content\\\/uploads\\\/2020\\\/05\\\/AdobeStock_64209177.jpeg\",\"width\":1313,\"height\":876,\"caption\":\"empty hall in the modern office building\"},{\"@type\":\"BreadcrumbList\",\"@id\":\"https:\\\/\\\/active-coating.com\\\/cs\\\/oblasti-pouziti\\\/oblasti-podnikani\\\/#breadcrumb\",\"itemListElement\":[{\"@type\":\"ListItem\",\"position\":1,\"name\":\"Startseite\",\"item\":\"https:\\\/\\\/active-coating.com\\\/cs\\\/uvod\\\/\"},{\"@type\":\"ListItem\",\"position\":2,\"name\":\"Oblasti pou\u017eit\u00ed\",\"item\":\"https:\\\/\\\/active-coating.com\\\/cs\\\/oblasti-pouziti\\\/\"},{\"@type\":\"ListItem\",\"position\":3,\"name\":\"Oblasti Podnik\u00e1n\u00ed\"}]},{\"@type\":\"WebSite\",\"@id\":\"https:\\\/\\\/active-coating.com\\\/#website\",\"url\":\"https:\\\/\\\/active-coating.com\\\/\",\"name\":\"Active-Coating\",\"description\":\"Be pure inside\",\"publisher\":{\"@id\":\"https:\\\/\\\/active-coating.com\\\/#organization\"},\"potentialAction\":[{\"@type\":\"SearchAction\",\"target\":{\"@type\":\"EntryPoint\",\"urlTemplate\":\"https:\\\/\\\/active-coating.com\\\/?s={search_term_string}\"},\"query-input\":{\"@type\":\"PropertyValueSpecification\",\"valueRequired\":true,\"valueName\":\"search_term_string\"}}],\"inLanguage\":\"cs-CZ\"},{\"@type\":\"Organization\",\"@id\":\"https:\\\/\\\/active-coating.com\\\/#organization\",\"name\":\"Active Coating\",\"url\":\"https:\\\/\\\/active-coating.com\\\/\",\"logo\":{\"@type\":\"ImageObject\",\"inLanguage\":\"cs-CZ\",\"@id\":\"https:\\\/\\\/active-coating.com\\\/#\\\/schema\\\/logo\\\/image\\\/\",\"url\":\"\",\"contentUrl\":\"\",\"caption\":\"Active Coating\"},\"image\":{\"@id\":\"https:\\\/\\\/active-coating.com\\\/#\\\/schema\\\/logo\\\/image\\\/\"},\"sameAs\":[\"https:\\\/\\\/www.facebook.com\\\/activecoatingmursall\\\/\",\"https:\\\/\\\/www.instagram.com\\\/activecoating\",\"https:\\\/\\\/www.youtube.com\\\/channel\\\/UCwK25snGaIusJ7wdIrzJArg\"]}]}<\/script>","yoast_head_json":{"title":"Oblasti Podnik\u00e1n\u00ed - Active-Coating","description":"Zlep\u0161en\u00ed kvality vzduchu v kancel\u00e1\u0159\u00edch a obchodn\u00edch prostor\u00e1ch \u25b6 Bez bakteri\u00ed, mikrob\u016f, vir\u016f a jemn\u00e9ho prachu \u25b6 Optim\u00e1ln\u00ed pr\u00e1ce a u\u010den\u00ed \u25b6 V\u00edce informac\u00ed nyn\u00ed","robots":{"index":"index","follow":"follow","max-snippet":"max-snippet:-1","max-image-preview":"max-image-preview:large","max-video-preview":"max-video-preview:-1"},"canonical":"https:\/\/active-coating.com\/cs\/oblasti-pouziti\/oblasti-podnikani\/","og_locale":"cs_CZ","og_type":"article","og_title":"Oblasti Podnik\u00e1n\u00ed - Active-Coating","og_description":"Zlep\u0161en\u00ed kvality vzduchu v kancel\u00e1\u0159\u00edch a obchodn\u00edch prostor\u00e1ch \u25b6 Bez bakteri\u00ed, mikrob\u016f, vir\u016f a jemn\u00e9ho prachu \u25b6 Optim\u00e1ln\u00ed pr\u00e1ce a u\u010den\u00ed \u25b6 V\u00edce informac\u00ed nyn\u00ed","og_url":"https:\/\/active-coating.com\/cs\/oblasti-pouziti\/oblasti-podnikani\/","og_site_name":"Active-Coating","article_publisher":"https:\/\/www.facebook.com\/activecoatingmursall\/","article_modified_time":"2021-07-19T09:32:20+00:00","twitter_card":"summary_large_image","twitter_misc":{"Est. reading time":"2 minutes"},"schema":{"@context":"https:\/\/schema.org","@graph":[{"@type":"WebPage","@id":"https:\/\/active-coating.com\/cs\/oblasti-pouziti\/oblasti-podnikani\/","url":"https:\/\/active-coating.com\/cs\/oblasti-pouziti\/oblasti-podnikani\/","name":"Oblasti Podnik\u00e1n\u00ed - Active-Coating","isPartOf":{"@id":"https:\/\/active-coating.com\/#website"},"primaryImageOfPage":{"@id":"https:\/\/active-coating.com\/cs\/oblasti-pouziti\/oblasti-podnikani\/#primaryimage"},"image":{"@id":"https:\/\/active-coating.com\/cs\/oblasti-pouziti\/oblasti-podnikani\/#primaryimage"},"thumbnailUrl":"https:\/\/active-coating.com\/wp-content\/uploads\/2020\/05\/AdobeStock_64209177.jpeg","datePublished":"2021-02-22T16:18:33+00:00","dateModified":"2021-07-19T09:32:20+00:00","description":"Zlep\u0161en\u00ed kvality vzduchu v kancel\u00e1\u0159\u00edch a obchodn\u00edch prostor\u00e1ch \u25b6 Bez bakteri\u00ed, mikrob\u016f, vir\u016f a jemn\u00e9ho prachu \u25b6 Optim\u00e1ln\u00ed pr\u00e1ce a u\u010den\u00ed \u25b6 V\u00edce informac\u00ed nyn\u00ed","breadcrumb":{"@id":"https:\/\/active-coating.com\/cs\/oblasti-pouziti\/oblasti-podnikani\/#breadcrumb"},"inLanguage":"cs-CZ","potentialAction":[{"@type":"ReadAction","target":["https:\/\/active-coating.com\/cs\/oblasti-pouziti\/oblasti-podnikani\/"]}]},{"@type":"ImageObject","inLanguage":"cs-CZ","@id":"https:\/\/active-coating.com\/cs\/oblasti-pouziti\/oblasti-podnikani\/#primaryimage","url":"https:\/\/active-coating.com\/wp-content\/uploads\/2020\/05\/AdobeStock_64209177.jpeg","contentUrl":"https:\/\/active-coating.com\/wp-content\/uploads\/2020\/05\/AdobeStock_64209177.jpeg","width":1313,"height":876,"caption":"empty hall in the modern office building"},{"@type":"BreadcrumbList","@id":"https:\/\/active-coating.com\/cs\/oblasti-pouziti\/oblasti-podnikani\/#breadcrumb","itemListElement":[{"@type":"ListItem","position":1,"name":"Startseite","item":"https:\/\/active-coating.com\/cs\/uvod\/"},{"@type":"ListItem","position":2,"name":"Oblasti pou\u017eit\u00ed","item":"https:\/\/active-coating.com\/cs\/oblasti-pouziti\/"},{"@type":"ListItem","position":3,"name":"Oblasti Podnik\u00e1n\u00ed"}]},{"@type":"WebSite","@id":"https:\/\/active-coating.com\/#website","url":"https:\/\/active-coating.com\/","name":"Active-Coating","description":"Be pure inside","publisher":{"@id":"https:\/\/active-coating.com\/#organization"},"potentialAction":[{"@type":"SearchAction","target":{"@type":"EntryPoint","urlTemplate":"https:\/\/active-coating.com\/?s={search_term_string}"},"query-input":{"@type":"PropertyValueSpecification","valueRequired":true,"valueName":"search_term_string"}}],"inLanguage":"cs-CZ"},{"@type":"Organization","@id":"https:\/\/active-coating.com\/#organization","name":"Active Coating","url":"https:\/\/active-coating.com\/","logo":{"@type":"ImageObject","inLanguage":"cs-CZ","@id":"https:\/\/active-coating.com\/#\/schema\/logo\/image\/","url":"","contentUrl":"","caption":"Active Coating"},"image":{"@id":"https:\/\/active-coating.com\/#\/schema\/logo\/image\/"},"sameAs":["https:\/\/www.facebook.com\/activecoatingmursall\/","https:\/\/www.instagram.com\/activecoating","https:\/\/www.youtube.com\/channel\/UCwK25snGaIusJ7wdIrzJArg"]}]}},"_links":{"self":[{"href":"https:\/\/active-coating.com\/cs\/wp-json\/wp\/v2\/pages\/8356","targetHints":{"allow":["GET"]}}],"collection":[{"href":"https:\/\/active-coating.com\/cs\/wp-json\/wp\/v2\/pages"}],"about":[{"href":"https:\/\/active-coating.com\/cs\/wp-json\/wp\/v2\/types\/page"}],"author":[{"embeddable":true,"href":"https:\/\/active-coating.com\/cs\/wp-json\/wp\/v2\/users\/1"}],"replies":[{"embeddable":true,"href":"https:\/\/active-coating.com\/cs\/wp-json\/wp\/v2\/comments?post=8356"}],"version-history":[{"count":11,"href":"https:\/\/active-coating.com\/cs\/wp-json\/wp\/v2\/pages\/8356\/revisions"}],"predecessor-version":[{"id":9304,"href":"https:\/\/active-coating.com\/cs\/wp-json\/wp\/v2\/pages\/8356\/revisions\/9304"}],"up":[{"embeddable":true,"href":"https:\/\/active-coating.com\/cs\/wp-json\/wp\/v2\/pages\/8351"}],"wp:featuredmedia":[{"embeddable":true,"href":"https:\/\/active-coating.com\/cs\/wp-json\/wp\/v2\/media\/8359"}],"wp:attachment":[{"href":"https:\/\/active-coating.com\/cs\/wp-json\/wp\/v2\/media?parent=8356"}],"curies":[{"name":"wp","href":"https:\/\/api.w.org\/{rel}","templated":true}]}}