{"id":8351,"date":"2021-02-22T16:56:04","date_gmt":"2021-02-22T15:56:04","guid":{"rendered":"http:\/\/active-coating.com\/?page_id=8351"},"modified":"2021-07-19T11:49:01","modified_gmt":"2021-07-19T09:49:01","slug":"oblasti-pouziti","status":"publish","type":"page","link":"https:\/\/active-coating.com\/cs\/oblasti-pouziti\/","title":{"rendered":"Oblasti pou\u017eit\u00ed"},"content":{"rendered":"<section class=\"l-section wpb_row height_medium\"><div class=\"l-section-h i-cf\"><div class=\"g-cols vc_row via_flex valign_top type_default stacking_default\"><div class=\"vc_col-sm-12 wpb_column vc_column_container\"><div class=\"vc_column-inner\"><div class=\"wpb_wrapper\"><div class=\"g-cols wpb_row via_flex valign_top type_default stacking_default\"><div class=\"vc_col-sm-12 wpb_column vc_column_container\"><div class=\"vc_column-inner\"><div class=\"wpb_wrapper\"><div class=\"wpb_text_column\"><div class=\"wpb_wrapper\"><h2>Oblasti pou\u017eit\u00ed<\/h2>\n<\/div><\/div><div class=\"wpb_text_column\"><div class=\"wpb_wrapper\"><h2>\u0158e\u0161en\u00ed pro \u0161irokou \u0161k\u00e1lu oblast\u00ed<\/h2>\n<\/div><\/div><div class=\"w-separator size_medium\"><\/div><\/div><\/div><\/div><\/div><div class=\"g-cols wpb_row via_flex valign_top type_default stacking_default\"><div class=\"vc_col-sm-12 wpb_column vc_column_container\"><div class=\"vc_column-inner\"><div class=\"wpb_wrapper\"><div class=\"w-image align_none\"><div class=\"w-image-h\"><img decoding=\"async\" width=\"1015\" height=\"711\" src=\"https:\/\/active-coating.com\/wp-content\/uploads\/2020\/05\/AdobeStock_62350967.jpg\" class=\"attachment-large size-large\" alt=\"\" loading=\"lazy\" \/><\/div><\/div><div class=\"w-separator size_medium\"><\/div><div class=\"wpb_text_column\"><div class=\"wpb_wrapper\"><p>S jedine\u010dnou technologi\u00ed proti zne\u010di\u0161\u0165uj\u00edc\u00edm l\u00e1tk\u00e1m ve vzduchu &#8211; to je filozofie\u00a0<span style=\"font-family: ac-font-regular-300; color: #006169;\">PURb<\/span><span style=\"font-family: ac-font-regular-300; color: #0076bd;\">cAIR\u00a0<\/span>od ACTIVE COATING.<\/p>\n<p>Zdroj nebezpe\u010d\u00ed z ultrajemn\u00e9ho prachu (UFP) ji\u017e nen\u00ed m\u00fdtem, ale je tak\u00e9 hork\u00fdm t\u00e9matem diskuse v politice. N\u011bmeck\u00fd v\u00fdbor pro vnit\u0159n\u00ed standardn\u00ed hodnoty (AIR) doposud dok\u00e1zal stanovit standardn\u00ed hodnoty pro venkovn\u00ed vzduch a kvalitu vnit\u0159n\u00edho vzduchu ve ve\u0159ejn\u00fdch a soukrom\u00fdch budov\u00e1ch, ale ty se t\u00fdkaj\u00ed pouze jemn\u00e9ho prachu, nikoli dokonce men\u0161\u00ed, ultrajemn\u00e9 \u010d\u00e1stice. I p\u0159es nedostatek mezn\u00edch hodnot bylo prok\u00e1z\u00e1no, \u017ee expozice UFP m\u00e1 vliv na po\u010das\u00ed a zp\u016fsobuje obrovsk\u00e9 \u0161kody na lidsk\u00e9m zdrav\u00ed &#8211; to ur\u010dil nez\u00e1visl\u00fd institut pro zdravotn\u00ed \u00fa\u010dinky. UFP se st\u00e1le v\u00edce dost\u00e1vaj\u00ed do centra pozornosti v\u011bdc\u016f v oblasti epidemiologie v oblasti \u017eivotn\u00edho prost\u0159ed\u00ed a studie se v posledn\u00edch letech neust\u00e1le zvy\u0161uj\u00ed &#8211; sm\u011brnice EU o kvalit\u011b ovzdu\u0161\u00ed v\u0161ak st\u00e1le nedok\u00e1\u017ee dostate\u010dn\u011b chr\u00e1nit sv\u00e9 ob\u010dany. Chyb\u00ed mezn\u00ed hodnoty a doporu\u010den\u00ed k akci. Inovativn\u00ed syst\u00e9m od\u00a0<span style=\"font-family: ac-font-regular-300; color: #006169;\">PURb<\/span><span style=\"font-family: ac-font-regular-300; color: #0076bd;\">cAIR\u00a0<\/span>od ACTIVE COATING je proto dokonal\u00fdm modern\u00edm \u0159e\u0161en\u00edm pro eliminaci zne\u010di\u0161\u0165uj\u00edc\u00edch l\u00e1tek v interi\u00e9ru a pro zaji\u0161t\u011bn\u00ed trval\u00e9 ochrany va\u0161eho zdrav\u00ed.<\/p>\n<p><strong>Kde chr\u00e1n\u00ed n\u00e1t\u011brov\u00fd syst\u00e9m Pure Air zdrav\u00ed?<\/strong><\/p>\n<p>Viry a bakterie se hromad\u00ed v\u0161ude ve vzduchu a potencuj\u00ed se ve velk\u00fdch davech do neviditeln\u00e9ho zdroje nebezpe\u010d\u00ed.<span class=\"JLqJ4b\" data-language-for-alternatives=\"cs\" data-language-to-translate-into=\"de\" data-phrase-index=\"1\"> <span class=\"JLqJ4b ChMk0b\" data-language-for-alternatives=\"cs\" data-language-to-translate-into=\"de\" data-phrase-index=\"2\">Pyl, alergeny a sp\u00f3ry pl\u00edsn\u00ed se hromad\u00ed zejm\u00e9na uvnit\u0159 a p\u016fsob\u00ed st\u00e1le v\u00edce utrpen\u00ed. Jemn\u00fd prach a zvl\u00e1\u0161t\u011b ultrajemn\u00fd prach jsou spolu s p\u0159irozen\u011b se vyskytuj\u00edc\u00edmi biogenn\u00edmi aerosoly do zna\u010dn\u00e9 m\u00edry odpov\u011bdn\u00e9 za zdravotn\u00ed rizika. Zm\u011bny v modern\u00edm sv\u011bt\u011b a st\u00e1le v\u00edce pr\u016fmyslov\u011b vyr\u00e1b\u011bn\u00fdch nov\u00fdch produkt\u016f uvol\u0148uj\u00ed jemn\u00e9 \u010d\u00e1stice prachu a zne\u010di\u0161\u0165uj\u00ed atmosf\u00e9ru.<\/span><\/span><\/p>\n<p>Vy\u010di\u0161t\u011bn\u00fd vzduch v m\u00edstnostech v oblasti pou\u017eit\u00ed &#8230;<\/p>\n<p>&#8230; v Podnikatelstv\u00ed<\/p>\n<p>\u2026 doma<\/p>\n<p>\u2026 v l\u00e9ka\u0159sk\u00e9 oblasti<\/p>\n<p>&#8230; v autech<\/p>\n<p>&#8230; p\u0159i sportu<\/p>\n<p>&#8230; cestovn\u00edho ruch<span data-language-for-alternatives=\"cs\" data-language-to-translate-into=\"de\" data-phrase-index=\"13\">u <\/span><\/p>\n<p>\u2026 a mnohem v\u00edc!<\/p>\n<p>&nbsp;<\/p>\n<p>S\u00a0PURbcAIR je\u00a0zne\u010di\u0161t\u011bn\u00ed mikro\u010d\u00e1sticemi v\u00fdznamn\u011b sn\u00ed\u017eeno, t\u00edm se zv\u00fd\u0161\u00ed kvalita va\u0161eho \u017eivota. Inovativn\u00ed \u0159e\u0161en\u00ed pro \u010dist\u00fd a zdrav\u00fd vnit\u0159n\u00ed vzduch lze pou\u017e\u00edt soukrom\u011b i profesion\u00e1ln\u011b a je p\u0159izp\u016fsobeno modern\u00edmu ka\u017edodenn\u00edmu \u017eivotu.<\/p>\n<p><strong>Stru\u010dn\u00fd p\u0159ehled dal\u0161\u00edch v\u00fdhod Pure Air:<\/strong><\/p>\n<ul>\n<li>Pure Air od ACTIVE COATING \u00a0m\u00e1 z\u00e1ruku a vydr\u017e\u00ed a\u017e 30 let.<\/li>\n<li>\u00da\u010dinnost byla potvrzena mimo jin\u00e9 uzn\u00e1van\u00fdm institutem TROPOS Institute * a T\u00dcV S\u00fcd ** v BRD.<\/li>\n<li>Extr\u00e9mn\u011b tence nast\u0159\u00edkan\u00fd n\u00e1t\u011brov\u00fd syst\u00e9m je absolutn\u011b bez z\u00e1pachu a bez barvy a neovliv\u0148uje pr\u016fhlednost okna ani kvalitu skla.<\/li>\n<li>Ochrann\u00fd film se nan\u00e1\u0161\u00ed\u00a0 p\u0159\u00edmo na sklo a je aktivn\u00ed 24 hodin denn\u011b.<span data-language-for-alternatives=\"cs\" data-language-to-translate-into=\"de\" data-phrase-index=\"7\">\u00a0<\/span><\/li>\n<li><span data-language-for-alternatives=\"cs\" data-language-to-translate-into=\"de\" data-phrase-index=\"7\">Na rozd\u00edl od drah\u00fdch ventila\u010dn\u00edch syst\u00e9m\u016f n\u00e1ro\u010dn\u00fdch na \u00fadr\u017ebu jsou po\u0159izovac\u00ed n\u00e1klady velmi n\u00edzk\u00e9.<\/span><\/li>\n<\/ul>\n<p><strong>PURbcAIR nevy\u017eaduje a nepot\u0159ebuje \u017e\u00e1dnou energii &#8211; pouze ze slune\u010dn\u00edho sv\u011btla nebo zdroje um\u011bl\u00e9ho sv\u011btla. Negativn\u00ed vliv\u00a0na \u017eivotn\u00ed prost\u0159ed\u00ed je tedy naprosto nulov\u00fd. <\/strong><\/p>\n<p>&nbsp;<\/p>\n<h5><\/h5>\n<\/div><\/div><div class=\"w-separator size_medium\"><\/div><div class=\"wpb_text_column\"><div class=\"wpb_wrapper\"><p style=\"text-align: right; font-size: 12px;\">* <a href=\"https:\/\/active-coating.com\/wp-content\/uploads\/2020\/12\/messbericht_tropos_institute.pdf\" target=\"_blank\" rel=\"noopener noreferrer\">Zpr\u00e1va TROPOS Institute<\/a><br \/>\n** <a href=\"https:\/\/active-coating.com\/wp-content\/uploads\/2020\/04\/bericht_tuef_sued_de.pdf\" target=\"_blank\" rel=\"noopener noreferrer\">Zpr\u00e1va T\u00dcV S\u00dcD<\/a><\/p>\n<\/div><\/div><div class=\"w-separator size_medium\"><\/div><div id=\"ultimate-video-507769e77421c820c\" class=\"ult-video  ult-adjust-bottom-margin ultimate-video-507769e77421c820c ultv-7729 \"><div class=\"ultv-video ultv-aspect-ratio-16_9 ultv-subscribe-responsive-none\" data-videotype=\"uv_iframe\">\n\t\t\t\t\t\t<div class=\"ultv-video__outer-wrap\" data-autoplay=\"0\" data-device=\"false\"  data-iconbg=\"#3A3A3A\" data-overcolor=\"\" data-defaultbg=\"#1f1f1e\" data-defaultplay=\"defaulticon\"><div class=\"ultv-video__play\" data-src=\"https:\/\/www.youtube.com\/embed\/liU1K110DoU?rel=0&#038;start&#038;end&#038;controls=1&#038;mute=0&#038;modestbranding=0&#038;autoplay=1\">\n\t\t\t\t\t\t\t\t<img decoding=\"async\" class=\"ultv-video__thumb\" src=\"https:\/\/i.ytimg.com\/vi\/liU1K110DoU\/maxresdefault.jpg\"\/>\n\t\t\t\t\t\t\t\t<div class=\"ultv-video__play-icon  ultv-animation-none\" style=\"width:75px\"><svg height=\"100%\" version=\"1.1\" viewBox=\"0 0 68 48\" width=\"100%\"><path class=\"ultv-youtube-icon-bg\" d=\"m .66,37.62 c 0,0 .66,4.70 2.70,6.77 2.58,2.71 5.98,2.63 7.49,2.91 5.43,.52 23.10,.68 23.12,.68 .00,-1.3e-5 14.29,-0.02 23.81,-0.71 1.32,-0.15 4.22,-0.17 6.81,-2.89 2.03,-2.07 2.70,-6.77 2.70,-6.77 0,0 .67,-5.52 .67,-11.04 l 0,-5.17 c 0,-5.52 -0.67,-11.04 -0.67,-11.04 0,0 -0.66,-4.70 -2.70,-6.77 C 62.03,.86 59.13,.84 57.80,.69 48.28,0 34.00,0 34.00,0 33.97,0 19.69,0 10.18,.69 8.85,.84 5.95,.86 3.36,3.58 1.32,5.65 .66,10.35 .66,10.35 c 0,0 -0.55,4.50 -0.66,9.45 l 0,8.36 c .10,4.94 .66,9.45 .66,9.45 z\" fill=\"#1f1f1e\" ><\/path><path d=\"m 26.96,13.67 18.37,9.62 -18.37,9.55 -0.00,-19.17 z\" fill=\"#fff\"><\/path><path d=\"M 45.02,23.46 45.32,23.28 26.96,13.67 43.32,22.34 45.02,23.46 z\" fill=\"#ccc\"><\/path><\/svg><\/div> <\/div> <\/div><\/div><\/div><\/div><\/div><\/div><\/div><\/div><\/div><\/div><\/div><\/div><\/section>\n","protected":false},"excerpt":{"rendered":"Oblasti pou\u017eit\u00ed \u0158e\u0161en\u00ed pro \u0161irokou \u0161k\u00e1lu oblast\u00ed S jedine\u010dnou technologi\u00ed proti zne\u010di\u0161\u0165uj\u00edc\u00edm l\u00e1tk\u00e1m ve vzduchu &#8211; to je filozofie\u00a0PURbcAIR\u00a0od ACTIVE COATING. Zdroj nebezpe\u010d\u00ed z ultrajemn\u00e9ho prachu (UFP) ji\u017e nen\u00ed m\u00fdtem,...","protected":false},"author":1,"featured_media":8352,"parent":0,"menu_order":0,"comment_status":"closed","ping_status":"closed","template":"","meta":{"_price":"","_stock":"","_tribe_ticket_header":"","_tribe_default_ticket_provider":"","_tribe_ticket_capacity":"0","_ticket_start_date":"","_ticket_end_date":"","_tribe_ticket_show_description":"","_tribe_ticket_show_not_going":false,"_tribe_ticket_use_global_stock":"","_tribe_ticket_global_stock_level":"","_global_stock_mode":"","_global_stock_cap":"","_tribe_rsvp_for_event":"","_tribe_ticket_going_count":"","_tribe_ticket_not_going_count":"","_tribe_tickets_list":"[]","_tribe_ticket_has_attendee_info_fields":false,"footnotes":""},"class_list":["post-8351","page","type-page","status-publish","has-post-thumbnail","hentry"],"yoast_head":"<title>Aplikace | \u010cist\u00fd vzduch proti zne\u010di\u0161\u0165uj\u00edc\u00edm l\u00e1tk\u00e1m | Active Coating<\/title>\n<meta name=\"description\" content=\"Unik\u00e1tn\u00ed technologie proti zne\u010di\u0161\u0165uj\u00edc\u00edm l\u00e1tk\u00e1m ve vzduchu, kter\u00fd d\u00fdch\u00e1me \u2713 Doma, p\u0159i sportu, v oblasti Podnik\u00e1ni, v oblasti cestovn\u00edho ruchu a mnoho dal\u0161\u00edch oblasti \u25b6 Zjist\u011bte v\u00edce!\" \/>\n<meta name=\"robots\" content=\"index, follow, max-snippet:-1, max-image-preview:large, max-video-preview:-1\" \/>\n<link rel=\"canonical\" href=\"https:\/\/active-coating.com\/cs\/oblasti-pouziti\/\" \/>\n<meta property=\"og:locale\" content=\"cs_CZ\" \/>\n<meta property=\"og:type\" content=\"article\" \/>\n<meta property=\"og:title\" content=\"Aplikace | \u010cist\u00fd vzduch proti zne\u010di\u0161\u0165uj\u00edc\u00edm l\u00e1tk\u00e1m | Active Coating\" \/>\n<meta property=\"og:description\" content=\"Unik\u00e1tn\u00ed technologie proti zne\u010di\u0161\u0165uj\u00edc\u00edm l\u00e1tk\u00e1m ve vzduchu, kter\u00fd d\u00fdch\u00e1me \u2713 Doma, p\u0159i sportu, v oblasti Podnik\u00e1ni, v oblasti cestovn\u00edho ruchu a mnoho dal\u0161\u00edch oblasti \u25b6 Zjist\u011bte v\u00edce!\" \/>\n<meta property=\"og:url\" content=\"https:\/\/active-coating.com\/cs\/oblasti-pouziti\/\" \/>\n<meta property=\"og:site_name\" content=\"Active-Coating\" \/>\n<meta property=\"article:publisher\" content=\"https:\/\/www.facebook.com\/activecoatingmursall\/\" \/>\n<meta property=\"article:modified_time\" content=\"2021-07-19T09:49:01+00:00\" \/>\n<meta name=\"twitter:card\" content=\"summary_large_image\" \/>\n<meta name=\"twitter:label1\" content=\"Est. reading time\" \/>\n\t<meta name=\"twitter:data1\" content=\"2 minutes\" \/>\n<script type=\"application\/ld+json\" class=\"yoast-schema-graph\">{\"@context\":\"https:\\\/\\\/schema.org\",\"@graph\":[{\"@type\":\"WebPage\",\"@id\":\"https:\\\/\\\/active-coating.com\\\/cs\\\/oblasti-pouziti\\\/\",\"url\":\"https:\\\/\\\/active-coating.com\\\/cs\\\/oblasti-pouziti\\\/\",\"name\":\"Aplikace | \u010cist\u00fd vzduch proti zne\u010di\u0161\u0165uj\u00edc\u00edm l\u00e1tk\u00e1m | Active Coating\",\"isPartOf\":{\"@id\":\"https:\\\/\\\/active-coating.com\\\/#website\"},\"primaryImageOfPage\":{\"@id\":\"https:\\\/\\\/active-coating.com\\\/cs\\\/oblasti-pouziti\\\/#primaryimage\"},\"image\":{\"@id\":\"https:\\\/\\\/active-coating.com\\\/cs\\\/oblasti-pouziti\\\/#primaryimage\"},\"thumbnailUrl\":\"https:\\\/\\\/active-coating.com\\\/wp-content\\\/uploads\\\/2020\\\/05\\\/AdobeStock_62350967.jpg\",\"datePublished\":\"2021-02-22T15:56:04+00:00\",\"dateModified\":\"2021-07-19T09:49:01+00:00\",\"description\":\"Unik\u00e1tn\u00ed technologie proti zne\u010di\u0161\u0165uj\u00edc\u00edm l\u00e1tk\u00e1m ve vzduchu, kter\u00fd d\u00fdch\u00e1me \u2713 Doma, p\u0159i sportu, v oblasti Podnik\u00e1ni, v oblasti cestovn\u00edho ruchu a mnoho dal\u0161\u00edch oblasti \u25b6 Zjist\u011bte v\u00edce!\",\"breadcrumb\":{\"@id\":\"https:\\\/\\\/active-coating.com\\\/cs\\\/oblasti-pouziti\\\/#breadcrumb\"},\"inLanguage\":\"cs-CZ\",\"potentialAction\":[{\"@type\":\"ReadAction\",\"target\":[\"https:\\\/\\\/active-coating.com\\\/cs\\\/oblasti-pouziti\\\/\"]}]},{\"@type\":\"ImageObject\",\"inLanguage\":\"cs-CZ\",\"@id\":\"https:\\\/\\\/active-coating.com\\\/cs\\\/oblasti-pouziti\\\/#primaryimage\",\"url\":\"https:\\\/\\\/active-coating.com\\\/wp-content\\\/uploads\\\/2020\\\/05\\\/AdobeStock_62350967.jpg\",\"contentUrl\":\"https:\\\/\\\/active-coating.com\\\/wp-content\\\/uploads\\\/2020\\\/05\\\/AdobeStock_62350967.jpg\",\"width\":1200,\"height\":840},{\"@type\":\"BreadcrumbList\",\"@id\":\"https:\\\/\\\/active-coating.com\\\/cs\\\/oblasti-pouziti\\\/#breadcrumb\",\"itemListElement\":[{\"@type\":\"ListItem\",\"position\":1,\"name\":\"Startseite\",\"item\":\"https:\\\/\\\/active-coating.com\\\/cs\\\/uvod\\\/\"},{\"@type\":\"ListItem\",\"position\":2,\"name\":\"Oblasti pou\u017eit\u00ed\"}]},{\"@type\":\"WebSite\",\"@id\":\"https:\\\/\\\/active-coating.com\\\/#website\",\"url\":\"https:\\\/\\\/active-coating.com\\\/\",\"name\":\"Active-Coating\",\"description\":\"Be pure inside\",\"publisher\":{\"@id\":\"https:\\\/\\\/active-coating.com\\\/#organization\"},\"potentialAction\":[{\"@type\":\"SearchAction\",\"target\":{\"@type\":\"EntryPoint\",\"urlTemplate\":\"https:\\\/\\\/active-coating.com\\\/?s={search_term_string}\"},\"query-input\":{\"@type\":\"PropertyValueSpecification\",\"valueRequired\":true,\"valueName\":\"search_term_string\"}}],\"inLanguage\":\"cs-CZ\"},{\"@type\":\"Organization\",\"@id\":\"https:\\\/\\\/active-coating.com\\\/#organization\",\"name\":\"Active Coating\",\"url\":\"https:\\\/\\\/active-coating.com\\\/\",\"logo\":{\"@type\":\"ImageObject\",\"inLanguage\":\"cs-CZ\",\"@id\":\"https:\\\/\\\/active-coating.com\\\/#\\\/schema\\\/logo\\\/image\\\/\",\"url\":\"\",\"contentUrl\":\"\",\"caption\":\"Active Coating\"},\"image\":{\"@id\":\"https:\\\/\\\/active-coating.com\\\/#\\\/schema\\\/logo\\\/image\\\/\"},\"sameAs\":[\"https:\\\/\\\/www.facebook.com\\\/activecoatingmursall\\\/\",\"https:\\\/\\\/www.instagram.com\\\/activecoating\",\"https:\\\/\\\/www.youtube.com\\\/channel\\\/UCwK25snGaIusJ7wdIrzJArg\"]}]}<\/script>","yoast_head_json":{"title":"Aplikace | \u010cist\u00fd vzduch proti zne\u010di\u0161\u0165uj\u00edc\u00edm l\u00e1tk\u00e1m | Active Coating","description":"Unik\u00e1tn\u00ed technologie proti zne\u010di\u0161\u0165uj\u00edc\u00edm l\u00e1tk\u00e1m ve vzduchu, kter\u00fd d\u00fdch\u00e1me \u2713 Doma, p\u0159i sportu, v oblasti Podnik\u00e1ni, v oblasti cestovn\u00edho ruchu a mnoho dal\u0161\u00edch oblasti \u25b6 Zjist\u011bte v\u00edce!","robots":{"index":"index","follow":"follow","max-snippet":"max-snippet:-1","max-image-preview":"max-image-preview:large","max-video-preview":"max-video-preview:-1"},"canonical":"https:\/\/active-coating.com\/cs\/oblasti-pouziti\/","og_locale":"cs_CZ","og_type":"article","og_title":"Aplikace | \u010cist\u00fd vzduch proti zne\u010di\u0161\u0165uj\u00edc\u00edm l\u00e1tk\u00e1m | Active Coating","og_description":"Unik\u00e1tn\u00ed technologie proti zne\u010di\u0161\u0165uj\u00edc\u00edm l\u00e1tk\u00e1m ve vzduchu, kter\u00fd d\u00fdch\u00e1me \u2713 Doma, p\u0159i sportu, v oblasti Podnik\u00e1ni, v oblasti cestovn\u00edho ruchu a mnoho dal\u0161\u00edch oblasti \u25b6 Zjist\u011bte v\u00edce!","og_url":"https:\/\/active-coating.com\/cs\/oblasti-pouziti\/","og_site_name":"Active-Coating","article_publisher":"https:\/\/www.facebook.com\/activecoatingmursall\/","article_modified_time":"2021-07-19T09:49:01+00:00","twitter_card":"summary_large_image","twitter_misc":{"Est. reading time":"2 minutes"},"schema":{"@context":"https:\/\/schema.org","@graph":[{"@type":"WebPage","@id":"https:\/\/active-coating.com\/cs\/oblasti-pouziti\/","url":"https:\/\/active-coating.com\/cs\/oblasti-pouziti\/","name":"Aplikace | \u010cist\u00fd vzduch proti zne\u010di\u0161\u0165uj\u00edc\u00edm l\u00e1tk\u00e1m | Active Coating","isPartOf":{"@id":"https:\/\/active-coating.com\/#website"},"primaryImageOfPage":{"@id":"https:\/\/active-coating.com\/cs\/oblasti-pouziti\/#primaryimage"},"image":{"@id":"https:\/\/active-coating.com\/cs\/oblasti-pouziti\/#primaryimage"},"thumbnailUrl":"https:\/\/active-coating.com\/wp-content\/uploads\/2020\/05\/AdobeStock_62350967.jpg","datePublished":"2021-02-22T15:56:04+00:00","dateModified":"2021-07-19T09:49:01+00:00","description":"Unik\u00e1tn\u00ed technologie proti zne\u010di\u0161\u0165uj\u00edc\u00edm l\u00e1tk\u00e1m ve vzduchu, kter\u00fd d\u00fdch\u00e1me \u2713 Doma, p\u0159i sportu, v oblasti Podnik\u00e1ni, v oblasti cestovn\u00edho ruchu a mnoho dal\u0161\u00edch oblasti \u25b6 Zjist\u011bte v\u00edce!","breadcrumb":{"@id":"https:\/\/active-coating.com\/cs\/oblasti-pouziti\/#breadcrumb"},"inLanguage":"cs-CZ","potentialAction":[{"@type":"ReadAction","target":["https:\/\/active-coating.com\/cs\/oblasti-pouziti\/"]}]},{"@type":"ImageObject","inLanguage":"cs-CZ","@id":"https:\/\/active-coating.com\/cs\/oblasti-pouziti\/#primaryimage","url":"https:\/\/active-coating.com\/wp-content\/uploads\/2020\/05\/AdobeStock_62350967.jpg","contentUrl":"https:\/\/active-coating.com\/wp-content\/uploads\/2020\/05\/AdobeStock_62350967.jpg","width":1200,"height":840},{"@type":"BreadcrumbList","@id":"https:\/\/active-coating.com\/cs\/oblasti-pouziti\/#breadcrumb","itemListElement":[{"@type":"ListItem","position":1,"name":"Startseite","item":"https:\/\/active-coating.com\/cs\/uvod\/"},{"@type":"ListItem","position":2,"name":"Oblasti pou\u017eit\u00ed"}]},{"@type":"WebSite","@id":"https:\/\/active-coating.com\/#website","url":"https:\/\/active-coating.com\/","name":"Active-Coating","description":"Be pure inside","publisher":{"@id":"https:\/\/active-coating.com\/#organization"},"potentialAction":[{"@type":"SearchAction","target":{"@type":"EntryPoint","urlTemplate":"https:\/\/active-coating.com\/?s={search_term_string}"},"query-input":{"@type":"PropertyValueSpecification","valueRequired":true,"valueName":"search_term_string"}}],"inLanguage":"cs-CZ"},{"@type":"Organization","@id":"https:\/\/active-coating.com\/#organization","name":"Active Coating","url":"https:\/\/active-coating.com\/","logo":{"@type":"ImageObject","inLanguage":"cs-CZ","@id":"https:\/\/active-coating.com\/#\/schema\/logo\/image\/","url":"","contentUrl":"","caption":"Active Coating"},"image":{"@id":"https:\/\/active-coating.com\/#\/schema\/logo\/image\/"},"sameAs":["https:\/\/www.facebook.com\/activecoatingmursall\/","https:\/\/www.instagram.com\/activecoating","https:\/\/www.youtube.com\/channel\/UCwK25snGaIusJ7wdIrzJArg"]}]}},"_links":{"self":[{"href":"https:\/\/active-coating.com\/cs\/wp-json\/wp\/v2\/pages\/8351","targetHints":{"allow":["GET"]}}],"collection":[{"href":"https:\/\/active-coating.com\/cs\/wp-json\/wp\/v2\/pages"}],"about":[{"href":"https:\/\/active-coating.com\/cs\/wp-json\/wp\/v2\/types\/page"}],"author":[{"embeddable":true,"href":"https:\/\/active-coating.com\/cs\/wp-json\/wp\/v2\/users\/1"}],"replies":[{"embeddable":true,"href":"https:\/\/active-coating.com\/cs\/wp-json\/wp\/v2\/comments?post=8351"}],"version-history":[{"count":5,"href":"https:\/\/active-coating.com\/cs\/wp-json\/wp\/v2\/pages\/8351\/revisions"}],"predecessor-version":[{"id":9351,"href":"https:\/\/active-coating.com\/cs\/wp-json\/wp\/v2\/pages\/8351\/revisions\/9351"}],"wp:featuredmedia":[{"embeddable":true,"href":"https:\/\/active-coating.com\/cs\/wp-json\/wp\/v2\/media\/8352"}],"wp:attachment":[{"href":"https:\/\/active-coating.com\/cs\/wp-json\/wp\/v2\/media?parent=8351"}],"curies":[{"name":"wp","href":"https:\/\/api.w.org\/{rel}","templated":true}]}}