{"id":8340,"date":"2021-02-23T09:04:39","date_gmt":"2021-02-23T08:04:39","guid":{"rendered":"http:\/\/active-coating.com\/?page_id=8340"},"modified":"2021-05-18T11:56:15","modified_gmt":"2021-05-18T09:56:15","slug":"funkce","status":"publish","type":"page","link":"https:\/\/active-coating.com\/cs\/funkce\/","title":{"rendered":"Funkce"},"content":{"rendered":"<section class=\"l-section wpb_row height_medium full_height valign_center width_full with_img parallax_fixed\"><div class=\"l-section-img\" role=\"img\" aria-label=\"Image\" data-img-width=\"2560\" data-img-height=\"1600\" style=\"background-image: url(https:\/\/active-coating.com\/wp-content\/uploads\/2020\/04\/bg-ac-scaled.jpg);\"><\/div><div class=\"l-section-h i-cf\"><div class=\"g-cols vc_row via_flex valign_top type_default stacking_default\"><div class=\"vc_col-sm-12 wpb_column vc_column_container us_animate_afb\"><div class=\"vc_column-inner\"><div class=\"wpb_wrapper\"><div class=\"g-cols wpb_row via_flex valign_middle type_default stacking_default\"><div class=\"vc_col-sm-12 wpb_column vc_column_container\"><div class=\"vc_column-inner\"><div class=\"wpb_wrapper\"><div class=\"ult-content-box-container \" >\t\t<div class=\"ult-content-box\" style=\"background-color:rgba(255,255,255,0.9);box-shadow: px px px px none;padding-top:100px;padding-bottom:100px;-webkit-transition: all 700ms ease;-moz-transition: all 700ms ease;-ms-transition: all 700ms ease;-o-transition: all 700ms ease;transition: all 700ms ease;\"  data-hover_box_shadow=\"none\"     data-bg=\"rgba(255,255,255,0.9)\" ><div class=\"wpb_text_column\"><div class=\"wpb_wrapper\"><h2 style=\"text-align: center;\">ACTIVE COATING<\/h2>\n<\/div><\/div><div class=\"wpb_text_column\"><div class=\"wpb_wrapper\"><h1 style=\"text-align: center;\">Funkce<\/h1>\n<\/div><\/div><div class=\"w-separator size_large\"><\/div><div class=\"w-iconbox iconpos_top style_outlined color_primary align_center no_text no_title\"><a href=\"#main\" class=\"w-iconbox-link\" aria-label=\"fas|angle-down\"><div class=\"w-iconbox-icon\" style=\"font-size:2rem;\"><i class=\"fas fa-angle-down\"><\/i><\/div><\/a><div class=\"w-iconbox-meta\"><\/div><\/div>\t\t<\/div><\/div><\/div><\/div><\/div><\/div><\/div><\/div><\/div><\/div><\/div><\/section><section class=\"l-section wpb_row height_huge\" id=\"main\"><div class=\"l-section-h i-cf\"><div class=\"g-cols vc_row via_flex valign_top type_default stacking_default\"><div class=\"vc_col-sm-12 wpb_column vc_column_container\"><div class=\"vc_column-inner\"><div class=\"wpb_wrapper\"><div class=\"g-cols wpb_row via_flex valign_top type_default stacking_default\"><div class=\"vc_col-sm-12 vc_col-md-offset-3 vc_col-md-6 wpb_column vc_column_container\"><div class=\"vc_column-inner\"><div class=\"wpb_wrapper\"><div class=\"wpb_text_column\"><div class=\"wpb_wrapper\"><p>Active Coating je n\u00e1t\u011br, kter\u00fd je vybaven nejnov\u011bj\u0161\u00ed technologi\u00ed fotokatal\u00fdzy ke sn\u00ed\u017een\u00ed jemn\u00e9ho a ultrajemn\u00e9ho prachu, vir\u016f a bakteri\u00ed z okoln\u00edho vzduchu.<\/p>\n<\/div><\/div><\/div><\/div><\/div><\/div><\/div><\/div><\/div><\/div><\/div><\/section><section class=\"l-section wpb_row height_medium\"><div class=\"l-section-h i-cf\"><div class=\"g-cols vc_row via_flex valign_top type_default stacking_default\"><div class=\"vc_col-sm-12 wpb_column vc_column_container\"><div class=\"vc_column-inner\"><div class=\"wpb_wrapper\"><div class=\"g-cols wpb_row via_flex valign_top type_default stacking_default\"><div class=\"vc_col-sm-8 wpb_column vc_column_container\"><div class=\"vc_column-inner\"><div class=\"wpb_wrapper\"><div class=\"wpb_text_column\"><div class=\"wpb_wrapper\"><div style=\"width: 960px;\" class=\"wp-video\"><video class=\"wp-video-shortcode\" id=\"video-8340-1\" width=\"960\" height=\"720\" loop autoplay preload=\"auto\" controls=\"controls\"><source type=\"video\/mp4\" src=\"https:\/\/active-coating.com\/wp-content\/uploads\/2021\/02\/die_funktion_cz.m4v?_=1\" \/><a href=\"https:\/\/active-coating.com\/wp-content\/uploads\/2021\/02\/die_funktion_cz.m4v\">https:\/\/active-coating.com\/wp-content\/uploads\/2021\/02\/die_funktion_cz.m4v<\/a><\/video><\/div>\n<\/div><\/div><\/div><\/div><\/div><div class=\"vc_col-sm-4 wpb_column vc_column_container\"><div class=\"vc_column-inner\"><div class=\"wpb_wrapper\"><div class=\"wpb_text_column\"><div class=\"wpb_wrapper\"><h3><b><span lang=\"CS\">Funk\u010dnost<\/span><\/b><\/h3>\n<ol>\n<li>Na plochy, kter\u00e9 maj\u00ed b\u00fdt povrchn\u011b upraven\u00e9, se nast\u0159\u00edk\u00e1 aktivn\u00ed n\u00e1t\u011br <strong><strong><span style=\"color: #006369;\">ACTIVE<\/span> <span style=\"color: #88b625;\">COATING.<\/span><\/strong><\/strong><\/li>\n<li>\n<div><span lang=\"CS\"><span lang=\"CS\">Sv\u011btlo p\u0159itahuje organick\u00e9 l\u00e1tky z\u00a0okol\u00ed na upraven\u00fd povrch.<\/span><\/span><\/div>\n<\/li>\n<li>\n<div>\n<p>Sv\u011btlo zp\u016fsob\u00ed, \u017ee \u010d\u00e1stice fotokatalyz\u00e1toru odd\u011bl\u00ed atomy kysl\u00edku a molekuly kysl\u00edku od vzduchu, kter\u00e9 pak reaguj\u00ed s organick\u00fdmi l\u00e1tkami v jejich bl\u00edzkosti a t\u00edmto zp\u016fsobem je oxiduj\u00ed nap\u0159. Rozlo\u017ete CO2 a H2O (\u201espalov\u00e1n\u00ed za studena\u201c). Cel\u00fd proces se naz\u00fdv\u00e1 fotokatal\u00fdza. GX2 nen\u00ed aktivn\u00ed slo\u017eka, ale katalyz\u00e1tor. To m\u00e1 tu v\u00fdhodu, \u017ee se nespot\u0159ebuje.<\/p>\n<\/div>\n<\/li>\n<\/ol>\n<\/div><\/div><\/div><\/div><\/div><\/div><\/div><\/div><\/div><\/div><\/div><\/section>\n","protected":false},"excerpt":{"rendered":"ACTIVE COATING Funkce Active Coating je n\u00e1t\u011br, kter\u00fd je vybaven nejnov\u011bj\u0161\u00ed technologi\u00ed fotokatal\u00fdzy ke sn\u00ed\u017een\u00ed jemn\u00e9ho a ultrajemn\u00e9ho prachu, vir\u016f a bakteri\u00ed z okoln\u00edho vzduchu. https:\/\/active-coating.com\/wp-content\/uploads\/2021\/02\/die_funktion_cz.m4v Funk\u010dnost Na plochy, kter\u00e9...","protected":false},"author":1,"featured_media":8302,"parent":0,"menu_order":1,"comment_status":"closed","ping_status":"closed","template":"","meta":{"_price":"","_stock":"","_tribe_ticket_header":"","_tribe_default_ticket_provider":"","_tribe_ticket_capacity":"0","_ticket_start_date":"","_ticket_end_date":"","_tribe_ticket_show_description":"","_tribe_ticket_show_not_going":false,"_tribe_ticket_use_global_stock":"","_tribe_ticket_global_stock_level":"","_global_stock_mode":"","_global_stock_cap":"","_tribe_rsvp_for_event":"","_tribe_ticket_going_count":"","_tribe_ticket_not_going_count":"","_tribe_tickets_list":"[]","_tribe_ticket_has_attendee_info_fields":false,"footnotes":""},"class_list":["post-8340","page","type-page","status-publish","has-post-thumbnail","hentry"],"yoast_head":"<title>ACTIVE COATING: jak to funguje \u25b6 Zjist\u011bte v\u00edce!<\/title>\n<meta name=\"description\" content=\"V\u0161e o tom, jak ACTIVE COATING - AKTIVN\u00cd N\u00c1T\u011aR funguje \u2713 Nejnov\u011bj\u0161\u00ed fotokatalytick\u00e1 technologie proti jemn\u00e9mu prachu, vir\u016fm, bakteri\u00edm a mnohem v\u00edc \u25b6 Zjist\u011bte v\u00edce zde!\" \/>\n<meta name=\"robots\" content=\"index, follow, max-snippet:-1, max-image-preview:large, max-video-preview:-1\" \/>\n<link rel=\"canonical\" href=\"https:\/\/active-coating.com\/cs\/funkce\/\" \/>\n<meta property=\"og:locale\" content=\"cs_CZ\" \/>\n<meta property=\"og:type\" content=\"article\" \/>\n<meta property=\"og:title\" content=\"ACTIVE COATING: jak to funguje \u25b6 Zjist\u011bte v\u00edce!\" \/>\n<meta property=\"og:description\" content=\"V\u0161e o tom, jak ACTIVE COATING - AKTIVN\u00cd N\u00c1T\u011aR funguje \u2713 Nejnov\u011bj\u0161\u00ed fotokatalytick\u00e1 technologie proti jemn\u00e9mu prachu, vir\u016fm, bakteri\u00edm a mnohem v\u00edc \u25b6 Zjist\u011bte v\u00edce zde!\" \/>\n<meta property=\"og:url\" content=\"https:\/\/active-coating.com\/cs\/funkce\/\" \/>\n<meta property=\"og:site_name\" content=\"Active-Coating\" \/>\n<meta property=\"article:publisher\" content=\"https:\/\/www.facebook.com\/activecoatingmursall\/\" \/>\n<meta property=\"article:modified_time\" content=\"2021-05-18T09:56:15+00:00\" \/>\n<meta property=\"og:image\" content=\"https:\/\/active-coating.com\/wp-content\/uploads\/2020\/04\/MG_ActiveCoating_CMYK_500x500.jpg\" \/>\n\t<meta property=\"og:image:width\" content=\"500\" \/>\n\t<meta property=\"og:image:height\" content=\"500\" \/>\n\t<meta property=\"og:image:type\" content=\"image\/jpeg\" \/>\n<meta name=\"twitter:card\" content=\"summary_large_image\" \/>\n<meta name=\"twitter:label1\" content=\"Est. reading time\" \/>\n\t<meta name=\"twitter:data1\" content=\"1 minute\" \/>\n<script type=\"application\/ld+json\" class=\"yoast-schema-graph\">{\"@context\":\"https:\\\/\\\/schema.org\",\"@graph\":[{\"@type\":\"WebPage\",\"@id\":\"https:\\\/\\\/active-coating.com\\\/cs\\\/funkce\\\/\",\"url\":\"https:\\\/\\\/active-coating.com\\\/cs\\\/funkce\\\/\",\"name\":\"ACTIVE COATING: jak to funguje \u25b6 Zjist\u011bte v\u00edce!\",\"isPartOf\":{\"@id\":\"https:\\\/\\\/active-coating.com\\\/#website\"},\"primaryImageOfPage\":{\"@id\":\"https:\\\/\\\/active-coating.com\\\/cs\\\/funkce\\\/#primaryimage\"},\"image\":{\"@id\":\"https:\\\/\\\/active-coating.com\\\/cs\\\/funkce\\\/#primaryimage\"},\"thumbnailUrl\":\"https:\\\/\\\/active-coating.com\\\/wp-content\\\/uploads\\\/2020\\\/04\\\/MG_ActiveCoating_CMYK_500x500.jpg\",\"datePublished\":\"2021-02-23T08:04:39+00:00\",\"dateModified\":\"2021-05-18T09:56:15+00:00\",\"description\":\"V\u0161e o tom, jak ACTIVE COATING - AKTIVN\u00cd N\u00c1T\u011aR funguje \u2713 Nejnov\u011bj\u0161\u00ed fotokatalytick\u00e1 technologie proti jemn\u00e9mu prachu, vir\u016fm, bakteri\u00edm a mnohem v\u00edc \u25b6 Zjist\u011bte v\u00edce zde!\",\"breadcrumb\":{\"@id\":\"https:\\\/\\\/active-coating.com\\\/cs\\\/funkce\\\/#breadcrumb\"},\"inLanguage\":\"cs-CZ\",\"potentialAction\":[{\"@type\":\"ReadAction\",\"target\":[\"https:\\\/\\\/active-coating.com\\\/cs\\\/funkce\\\/\"]}]},{\"@type\":\"ImageObject\",\"inLanguage\":\"cs-CZ\",\"@id\":\"https:\\\/\\\/active-coating.com\\\/cs\\\/funkce\\\/#primaryimage\",\"url\":\"https:\\\/\\\/active-coating.com\\\/wp-content\\\/uploads\\\/2020\\\/04\\\/MG_ActiveCoating_CMYK_500x500.jpg\",\"contentUrl\":\"https:\\\/\\\/active-coating.com\\\/wp-content\\\/uploads\\\/2020\\\/04\\\/MG_ActiveCoating_CMYK_500x500.jpg\",\"width\":500,\"height\":500},{\"@type\":\"BreadcrumbList\",\"@id\":\"https:\\\/\\\/active-coating.com\\\/cs\\\/funkce\\\/#breadcrumb\",\"itemListElement\":[{\"@type\":\"ListItem\",\"position\":1,\"name\":\"Startseite\",\"item\":\"https:\\\/\\\/active-coating.com\\\/cs\\\/uvod\\\/\"},{\"@type\":\"ListItem\",\"position\":2,\"name\":\"Funkce\"}]},{\"@type\":\"WebSite\",\"@id\":\"https:\\\/\\\/active-coating.com\\\/#website\",\"url\":\"https:\\\/\\\/active-coating.com\\\/\",\"name\":\"Active-Coating\",\"description\":\"Be pure inside\",\"publisher\":{\"@id\":\"https:\\\/\\\/active-coating.com\\\/#organization\"},\"potentialAction\":[{\"@type\":\"SearchAction\",\"target\":{\"@type\":\"EntryPoint\",\"urlTemplate\":\"https:\\\/\\\/active-coating.com\\\/?s={search_term_string}\"},\"query-input\":{\"@type\":\"PropertyValueSpecification\",\"valueRequired\":true,\"valueName\":\"search_term_string\"}}],\"inLanguage\":\"cs-CZ\"},{\"@type\":\"Organization\",\"@id\":\"https:\\\/\\\/active-coating.com\\\/#organization\",\"name\":\"Active Coating\",\"url\":\"https:\\\/\\\/active-coating.com\\\/\",\"logo\":{\"@type\":\"ImageObject\",\"inLanguage\":\"cs-CZ\",\"@id\":\"https:\\\/\\\/active-coating.com\\\/#\\\/schema\\\/logo\\\/image\\\/\",\"url\":\"\",\"contentUrl\":\"\",\"caption\":\"Active Coating\"},\"image\":{\"@id\":\"https:\\\/\\\/active-coating.com\\\/#\\\/schema\\\/logo\\\/image\\\/\"},\"sameAs\":[\"https:\\\/\\\/www.facebook.com\\\/activecoatingmursall\\\/\",\"https:\\\/\\\/www.instagram.com\\\/activecoating\",\"https:\\\/\\\/www.youtube.com\\\/channel\\\/UCwK25snGaIusJ7wdIrzJArg\"]}]}<\/script>","yoast_head_json":{"title":"ACTIVE COATING: jak to funguje \u25b6 Zjist\u011bte v\u00edce!","description":"V\u0161e o tom, jak ACTIVE COATING - AKTIVN\u00cd N\u00c1T\u011aR funguje \u2713 Nejnov\u011bj\u0161\u00ed fotokatalytick\u00e1 technologie proti jemn\u00e9mu prachu, vir\u016fm, bakteri\u00edm a mnohem v\u00edc \u25b6 Zjist\u011bte v\u00edce zde!","robots":{"index":"index","follow":"follow","max-snippet":"max-snippet:-1","max-image-preview":"max-image-preview:large","max-video-preview":"max-video-preview:-1"},"canonical":"https:\/\/active-coating.com\/cs\/funkce\/","og_locale":"cs_CZ","og_type":"article","og_title":"ACTIVE COATING: jak to funguje \u25b6 Zjist\u011bte v\u00edce!","og_description":"V\u0161e o tom, jak ACTIVE COATING - AKTIVN\u00cd N\u00c1T\u011aR funguje \u2713 Nejnov\u011bj\u0161\u00ed fotokatalytick\u00e1 technologie proti jemn\u00e9mu prachu, vir\u016fm, bakteri\u00edm a mnohem v\u00edc \u25b6 Zjist\u011bte v\u00edce zde!","og_url":"https:\/\/active-coating.com\/cs\/funkce\/","og_site_name":"Active-Coating","article_publisher":"https:\/\/www.facebook.com\/activecoatingmursall\/","article_modified_time":"2021-05-18T09:56:15+00:00","og_image":[{"width":500,"height":500,"url":"https:\/\/active-coating.com\/wp-content\/uploads\/2020\/04\/MG_ActiveCoating_CMYK_500x500.jpg","type":"image\/jpeg"}],"twitter_card":"summary_large_image","twitter_misc":{"Est. reading time":"1 minute"},"schema":{"@context":"https:\/\/schema.org","@graph":[{"@type":"WebPage","@id":"https:\/\/active-coating.com\/cs\/funkce\/","url":"https:\/\/active-coating.com\/cs\/funkce\/","name":"ACTIVE COATING: jak to funguje \u25b6 Zjist\u011bte v\u00edce!","isPartOf":{"@id":"https:\/\/active-coating.com\/#website"},"primaryImageOfPage":{"@id":"https:\/\/active-coating.com\/cs\/funkce\/#primaryimage"},"image":{"@id":"https:\/\/active-coating.com\/cs\/funkce\/#primaryimage"},"thumbnailUrl":"https:\/\/active-coating.com\/wp-content\/uploads\/2020\/04\/MG_ActiveCoating_CMYK_500x500.jpg","datePublished":"2021-02-23T08:04:39+00:00","dateModified":"2021-05-18T09:56:15+00:00","description":"V\u0161e o tom, jak ACTIVE COATING - AKTIVN\u00cd N\u00c1T\u011aR funguje \u2713 Nejnov\u011bj\u0161\u00ed fotokatalytick\u00e1 technologie proti jemn\u00e9mu prachu, vir\u016fm, bakteri\u00edm a mnohem v\u00edc \u25b6 Zjist\u011bte v\u00edce zde!","breadcrumb":{"@id":"https:\/\/active-coating.com\/cs\/funkce\/#breadcrumb"},"inLanguage":"cs-CZ","potentialAction":[{"@type":"ReadAction","target":["https:\/\/active-coating.com\/cs\/funkce\/"]}]},{"@type":"ImageObject","inLanguage":"cs-CZ","@id":"https:\/\/active-coating.com\/cs\/funkce\/#primaryimage","url":"https:\/\/active-coating.com\/wp-content\/uploads\/2020\/04\/MG_ActiveCoating_CMYK_500x500.jpg","contentUrl":"https:\/\/active-coating.com\/wp-content\/uploads\/2020\/04\/MG_ActiveCoating_CMYK_500x500.jpg","width":500,"height":500},{"@type":"BreadcrumbList","@id":"https:\/\/active-coating.com\/cs\/funkce\/#breadcrumb","itemListElement":[{"@type":"ListItem","position":1,"name":"Startseite","item":"https:\/\/active-coating.com\/cs\/uvod\/"},{"@type":"ListItem","position":2,"name":"Funkce"}]},{"@type":"WebSite","@id":"https:\/\/active-coating.com\/#website","url":"https:\/\/active-coating.com\/","name":"Active-Coating","description":"Be pure inside","publisher":{"@id":"https:\/\/active-coating.com\/#organization"},"potentialAction":[{"@type":"SearchAction","target":{"@type":"EntryPoint","urlTemplate":"https:\/\/active-coating.com\/?s={search_term_string}"},"query-input":{"@type":"PropertyValueSpecification","valueRequired":true,"valueName":"search_term_string"}}],"inLanguage":"cs-CZ"},{"@type":"Organization","@id":"https:\/\/active-coating.com\/#organization","name":"Active Coating","url":"https:\/\/active-coating.com\/","logo":{"@type":"ImageObject","inLanguage":"cs-CZ","@id":"https:\/\/active-coating.com\/#\/schema\/logo\/image\/","url":"","contentUrl":"","caption":"Active Coating"},"image":{"@id":"https:\/\/active-coating.com\/#\/schema\/logo\/image\/"},"sameAs":["https:\/\/www.facebook.com\/activecoatingmursall\/","https:\/\/www.instagram.com\/activecoating","https:\/\/www.youtube.com\/channel\/UCwK25snGaIusJ7wdIrzJArg"]}]}},"_links":{"self":[{"href":"https:\/\/active-coating.com\/cs\/wp-json\/wp\/v2\/pages\/8340","targetHints":{"allow":["GET"]}}],"collection":[{"href":"https:\/\/active-coating.com\/cs\/wp-json\/wp\/v2\/pages"}],"about":[{"href":"https:\/\/active-coating.com\/cs\/wp-json\/wp\/v2\/types\/page"}],"author":[{"embeddable":true,"href":"https:\/\/active-coating.com\/cs\/wp-json\/wp\/v2\/users\/1"}],"replies":[{"embeddable":true,"href":"https:\/\/active-coating.com\/cs\/wp-json\/wp\/v2\/comments?post=8340"}],"version-history":[{"count":8,"href":"https:\/\/active-coating.com\/cs\/wp-json\/wp\/v2\/pages\/8340\/revisions"}],"predecessor-version":[{"id":8757,"href":"https:\/\/active-coating.com\/cs\/wp-json\/wp\/v2\/pages\/8340\/revisions\/8757"}],"wp:featuredmedia":[{"embeddable":true,"href":"https:\/\/active-coating.com\/cs\/wp-json\/wp\/v2\/media\/8302"}],"wp:attachment":[{"href":"https:\/\/active-coating.com\/cs\/wp-json\/wp\/v2\/media?parent=8340"}],"curies":[{"name":"wp","href":"https:\/\/api.w.org\/{rel}","templated":true}]}}